{"id":13636,"date":"2024-04-19T07:02:52","date_gmt":"2024-04-19T07:02:52","guid":{"rendered":"https:\/\/www.imopsl.com\/?post_type=product&#038;p=13636"},"modified":"2026-01-08T08:00:16","modified_gmt":"2026-01-08T08:00:16","slug":"arandela-tirante-npk-e-210","status":"publish","type":"product","link":"https:\/\/www.imopsl.com\/producto\/arandela-tirante-npk-e-210\/","title":{"rendered":"ARANDELA TIRANTE NPK E-210 A"},"content":{"rendered":"<p style=\"text-align: justify;\">Las arandelas para martillos hidr\u00e1ulicos son componentes clave que garantizan una operaci\u00f3n estable y segura de tu maquinaria pesada. Estas piezas espec\u00edficas cumplen una funci\u00f3n esencial al distribuir la carga de las uniones de los martillos, evitando el desgaste prematuro y asegurando la integridad del equipo. Imagen a efectos identificativos.<\/p>\n<p style=\"text-align: justify;\">Nuestra amplia selecci\u00f3n de arandelas para martillos hidr\u00e1ulicos te permitir\u00e1 encontrar la pieza perfecta para tu equipo, sin importar la marca o el modelo. Fabricadas con materiales de alta calidad y resistencia, nuestras arandelas est\u00e1n dise\u00f1adas para soportar las condiciones m\u00e1s extremas en el lugar de trabajo.<\/p>\n<p style=\"text-align: justify;\">Al elegir nuestras arandelas para martillos hidr\u00e1ulicos, estar\u00e1s asegurando la estabilidad y la seguridad de tu equipo, prolongando su vida \u00fatil y evitando costosas reparaciones en el futuro. Adem\u00e1s, gracias a su f\u00e1cil instalaci\u00f3n, podr\u00e1s mantener la productividad en el lugar de trabajo y reducir el tiempo de inactividad del equipo.<\/p>\n<p style=\"text-align: justify;\">En resumen, las arandelas para martillos hidr\u00e1ulicos son componentes clave para garantizar una operaci\u00f3n estable y segura de tu maquinaria pesada. No pierdas la oportunidad de mejorar el rendimiento y la durabilidad de tu equipo con nuestras arandelas de alta calidad.<\/p>\n","protected":false},"excerpt":{"rendered":"<p style=\"text-align: justify;\">Optimiza la operaci\u00f3n de tu martillo hidr\u00e1ulico con arandelas de alta calidad, dise\u00f1adas para garantizar estabilidad y seguridad en el equipo. Imagen a efectos identificativos.<\/p>\n","protected":false},"featured_media":3332,"template":"","meta":[],"product_brand":[],"product_cat":[174],"product_tag":[591,343,590,576,592,573,38,575,572,593],"class_list":{"0":"post-13636","1":"product","2":"type-product","3":"status-publish","4":"has-post-thumbnail","6":"product_cat-arandelas-npk","7":"product_tag-arandela","8":"product_tag-arandela-cierre","9":"product_tag-durabilidad","10":"product_tag-equipo","11":"product_tag-estabilidad","12":"product_tag-maquinaria-pesada","13":"product_tag-martillo-hidraulico","14":"product_tag-rendimiento","15":"product_tag-repuestos","16":"product_tag-seguridad","18":"first","19":"instock","20":"taxable","21":"shipping-taxable","22":"product-type-simple"},"yoast_head":"<!-- This site is optimized with the Yoast SEO plugin v27.2 - https:\/\/yoast.com\/product\/yoast-seo-wordpress\/ -->\n<title>ARANDELA TIRANTE NPK E-210 A | IMOP% IMOP IMOP%.<\/title>\n<meta name=\"robots\" content=\"index, follow, max-snippet:-1, max-image-preview:large, max-video-preview:-1\" \/>\n<link rel=\"canonical\" href=\"https:\/\/www.imopsl.com\/en\/producto\/arandela-tirante-npk-e-210\/\" \/>\n<meta property=\"og:locale\" content=\"en_US\" \/>\n<meta property=\"og:type\" content=\"article\" \/>\n<meta property=\"og:title\" content=\"ARANDELA TIRANTE NPK E-210 A | IMOP% IMOP IMOP%.\" \/>\n<meta property=\"og:description\" content=\"Optimiza la operaci\u00f3n de tu martillo hidr\u00e1ulico con arandelas de alta calidad, dise\u00f1adas para garantizar estabilidad y seguridad en el equipo. Imagen a efectos identificativos.\" \/>\n<meta property=\"og:url\" content=\"https:\/\/www.imopsl.com\/producto\/arandela-tirante-npk-e-210\/\" \/>\n<meta property=\"og:site_name\" content=\"IMOP\" \/>\n<meta property=\"article:publisher\" content=\"https:\/\/www.facebook.com\/imopsl?ref=br_rs\" \/>\n<meta property=\"article:modified_time\" content=\"2026-01-08T08:00:16+00:00\" \/>\n<meta property=\"og:image\" content=\"https:\/\/www.imopsl.com\/wp-content\/uploads\/2023\/01\/arandela.jpg\" \/>\n\t<meta property=\"og:image:width\" content=\"1000\" \/>\n\t<meta property=\"og:image:height\" content=\"1000\" \/>\n\t<meta property=\"og:image:type\" content=\"image\/jpeg\" \/>\n<meta name=\"twitter:card\" content=\"summary_large_image\" \/>\n<meta name=\"twitter:site\" content=\"@IMOP_SL\" \/>\n<meta name=\"twitter:label1\" content=\"Est. reading time\" \/>\n\t<meta name=\"twitter:data1\" content=\"2 minutes\" \/>\n<script type=\"application\/ld+json\" class=\"yoast-schema-graph\">{\"@context\":\"https:\/\/schema.org\",\"@graph\":[{\"@type\":\"WebPage\",\"@id\":\"https:\/\/www.imopsl.com\/producto\/arandela-tirante-npk-e-210\/\",\"url\":\"https:\/\/www.imopsl.com\/producto\/arandela-tirante-npk-e-210\/\",\"name\":\"ARANDELA TIRANTE NPK E-210 A | IMOP% IMOP IMOP%.\",\"isPartOf\":{\"@id\":\"https:\/\/www.imopsl.com\/en\/#website\"},\"primaryImageOfPage\":{\"@id\":\"https:\/\/www.imopsl.com\/producto\/arandela-tirante-npk-e-210\/#primaryimage\"},\"image\":{\"@id\":\"https:\/\/www.imopsl.com\/producto\/arandela-tirante-npk-e-210\/#primaryimage\"},\"thumbnailUrl\":\"https:\/\/www.imopsl.com\/wp-content\/uploads\/2023\/01\/arandela.jpg\",\"datePublished\":\"2024-04-19T07:02:52+00:00\",\"dateModified\":\"2026-01-08T08:00:16+00:00\",\"breadcrumb\":{\"@id\":\"https:\/\/www.imopsl.com\/producto\/arandela-tirante-npk-e-210\/#breadcrumb\"},\"inLanguage\":\"en-US\",\"potentialAction\":[{\"@type\":\"ReadAction\",\"target\":[\"https:\/\/www.imopsl.com\/producto\/arandela-tirante-npk-e-210\/\"]}]},{\"@type\":\"ImageObject\",\"inLanguage\":\"en-US\",\"@id\":\"https:\/\/www.imopsl.com\/producto\/arandela-tirante-npk-e-210\/#primaryimage\",\"url\":\"https:\/\/www.imopsl.com\/wp-content\/uploads\/2023\/01\/arandela.jpg\",\"contentUrl\":\"https:\/\/www.imopsl.com\/wp-content\/uploads\/2023\/01\/arandela.jpg\",\"width\":1000,\"height\":1000},{\"@type\":\"BreadcrumbList\",\"@id\":\"https:\/\/www.imopsl.com\/producto\/arandela-tirante-npk-e-210\/#breadcrumb\",\"itemListElement\":[{\"@type\":\"ListItem\",\"position\":1,\"name\":\"Home page\",\"item\":\"https:\/\/www.imopsl.com\/en\/home\/\"},{\"@type\":\"ListItem\",\"position\":2,\"name\":\"Shop\",\"item\":\"https:\/\/www.imopsl.com\/en\/shop\/\"},{\"@type\":\"ListItem\",\"position\":3,\"name\":\"ARANDELA TIRANTE NPK E-210 A\"}]},{\"@type\":\"WebSite\",\"@id\":\"https:\/\/www.imopsl.com\/en\/#website\",\"url\":\"https:\/\/www.imopsl.com\/en\/\",\"name\":\"IMOP\",\"description\":\"Un mundo de soluciones para maquinaria de obras, construcci\u00f3n y miner\u00eda\",\"publisher\":{\"@id\":\"https:\/\/www.imopsl.com\/en\/#organization\"},\"alternateName\":\"IMPORTACI\u00d3N RECAMBIOS O.P., S.L.\",\"potentialAction\":[{\"@type\":\"SearchAction\",\"target\":{\"@type\":\"EntryPoint\",\"urlTemplate\":\"https:\/\/www.imopsl.com\/en\/?s={search_term_string}\"},\"query-input\":{\"@type\":\"PropertyValueSpecification\",\"valueRequired\":true,\"valueName\":\"search_term_string\"}}],\"inLanguage\":\"en-US\"},{\"@type\":\"Organization\",\"@id\":\"https:\/\/www.imopsl.com\/en\/#organization\",\"name\":\"IMPORTACI\u00d3N RECAMBIOS O.P., S.L.\",\"alternateName\":\"IMOP\",\"url\":\"https:\/\/www.imopsl.com\/en\/\",\"logo\":{\"@type\":\"ImageObject\",\"inLanguage\":\"en-US\",\"@id\":\"https:\/\/www.imopsl.com\/en\/#\/schema\/logo\/image\/\",\"url\":\"https:\/\/www.imopsl.com\/wp-content\/uploads\/2022\/09\/Horizontal-1.png\",\"contentUrl\":\"https:\/\/www.imopsl.com\/wp-content\/uploads\/2022\/09\/Horizontal-1.png\",\"width\":2851,\"height\":726,\"caption\":\"IMPORTACI\u00d3N RECAMBIOS O.P., S.L.\"},\"image\":{\"@id\":\"https:\/\/www.imopsl.com\/en\/#\/schema\/logo\/image\/\"},\"sameAs\":[\"https:\/\/www.facebook.com\/imopsl?ref=br_rs\",\"https:\/\/x.com\/IMOP_SL\",\"https:\/\/www.flickr.com\/photos\/imopsl\",\"https:\/\/es.foursquare.com\/v\/grupo-imop-sl\/5298b5e7498e79cd740511fe\",\"https:\/\/www.linkedin.com\/company\/importaci\u00f3n-recambios-o-p-s-l-imop-?goback=.nmp_*1_*1_*1_*1_*1_*1_*1_*1_*1_*1_*1&trk=NUS_CO-logo\"]}]}<\/script>\n<!-- \/ Yoast SEO plugin. -->","yoast_head_json":{"title":"ARANDELA TIRANTE NPK E-210 A | IMOP% IMOP IMOP%.","robots":{"index":"index","follow":"follow","max-snippet":"max-snippet:-1","max-image-preview":"max-image-preview:large","max-video-preview":"max-video-preview:-1"},"canonical":"https:\/\/www.imopsl.com\/en\/producto\/arandela-tirante-npk-e-210\/","og_locale":"en_US","og_type":"article","og_title":"ARANDELA TIRANTE NPK E-210 A | IMOP% IMOP IMOP%.","og_description":"Optimiza la operaci\u00f3n de tu martillo hidr\u00e1ulico con arandelas de alta calidad, dise\u00f1adas para garantizar estabilidad y seguridad en el equipo. Imagen a efectos identificativos.","og_url":"https:\/\/www.imopsl.com\/producto\/arandela-tirante-npk-e-210\/","og_site_name":"IMOP","article_publisher":"https:\/\/www.facebook.com\/imopsl?ref=br_rs","article_modified_time":"2026-01-08T08:00:16+00:00","og_image":[{"width":1000,"height":1000,"url":"https:\/\/www.imopsl.com\/wp-content\/uploads\/2023\/01\/arandela.jpg","type":"image\/jpeg"}],"twitter_card":"summary_large_image","twitter_site":"@IMOP_SL","twitter_misc":{"Est. reading time":"2 minutes"},"schema":{"@context":"https:\/\/schema.org","@graph":[{"@type":"WebPage","@id":"https:\/\/www.imopsl.com\/producto\/arandela-tirante-npk-e-210\/","url":"https:\/\/www.imopsl.com\/producto\/arandela-tirante-npk-e-210\/","name":"ARANDELA TIRANTE NPK E-210 A | IMOP% IMOP IMOP%.","isPartOf":{"@id":"https:\/\/www.imopsl.com\/en\/#website"},"primaryImageOfPage":{"@id":"https:\/\/www.imopsl.com\/producto\/arandela-tirante-npk-e-210\/#primaryimage"},"image":{"@id":"https:\/\/www.imopsl.com\/producto\/arandela-tirante-npk-e-210\/#primaryimage"},"thumbnailUrl":"https:\/\/www.imopsl.com\/wp-content\/uploads\/2023\/01\/arandela.jpg","datePublished":"2024-04-19T07:02:52+00:00","dateModified":"2026-01-08T08:00:16+00:00","breadcrumb":{"@id":"https:\/\/www.imopsl.com\/producto\/arandela-tirante-npk-e-210\/#breadcrumb"},"inLanguage":"en-US","potentialAction":[{"@type":"ReadAction","target":["https:\/\/www.imopsl.com\/producto\/arandela-tirante-npk-e-210\/"]}]},{"@type":"ImageObject","inLanguage":"en-US","@id":"https:\/\/www.imopsl.com\/producto\/arandela-tirante-npk-e-210\/#primaryimage","url":"https:\/\/www.imopsl.com\/wp-content\/uploads\/2023\/01\/arandela.jpg","contentUrl":"https:\/\/www.imopsl.com\/wp-content\/uploads\/2023\/01\/arandela.jpg","width":1000,"height":1000},{"@type":"BreadcrumbList","@id":"https:\/\/www.imopsl.com\/producto\/arandela-tirante-npk-e-210\/#breadcrumb","itemListElement":[{"@type":"ListItem","position":1,"name":"Home page","item":"https:\/\/www.imopsl.com\/en\/home\/"},{"@type":"ListItem","position":2,"name":"Shop","item":"https:\/\/www.imopsl.com\/en\/shop\/"},{"@type":"ListItem","position":3,"name":"ARANDELA TIRANTE NPK E-210 A"}]},{"@type":"WebSite","@id":"https:\/\/www.imopsl.com\/en\/#website","url":"https:\/\/www.imopsl.com\/en\/","name":"IMOP","description":"Un mundo de soluciones para maquinaria de obras, construcci\u00f3n y miner\u00eda","publisher":{"@id":"https:\/\/www.imopsl.com\/en\/#organization"},"alternateName":"IMPORTACI\u00d3N RECAMBIOS O.P., S.L.","potentialAction":[{"@type":"SearchAction","target":{"@type":"EntryPoint","urlTemplate":"https:\/\/www.imopsl.com\/en\/?s={search_term_string}"},"query-input":{"@type":"PropertyValueSpecification","valueRequired":true,"valueName":"search_term_string"}}],"inLanguage":"en-US"},{"@type":"Organization","@id":"https:\/\/www.imopsl.com\/en\/#organization","name":"IMPORTACI\u00d3N RECAMBIOS O.P., S.L.","alternateName":"IMOP","url":"https:\/\/www.imopsl.com\/en\/","logo":{"@type":"ImageObject","inLanguage":"en-US","@id":"https:\/\/www.imopsl.com\/en\/#\/schema\/logo\/image\/","url":"https:\/\/www.imopsl.com\/wp-content\/uploads\/2022\/09\/Horizontal-1.png","contentUrl":"https:\/\/www.imopsl.com\/wp-content\/uploads\/2022\/09\/Horizontal-1.png","width":2851,"height":726,"caption":"IMPORTACI\u00d3N RECAMBIOS O.P., S.L."},"image":{"@id":"https:\/\/www.imopsl.com\/en\/#\/schema\/logo\/image\/"},"sameAs":["https:\/\/www.facebook.com\/imopsl?ref=br_rs","https:\/\/x.com\/IMOP_SL","https:\/\/www.flickr.com\/photos\/imopsl","https:\/\/es.foursquare.com\/v\/grupo-imop-sl\/5298b5e7498e79cd740511fe","https:\/\/www.linkedin.com\/company\/importaci\u00f3n-recambios-o-p-s-l-imop-?goback=.nmp_*1_*1_*1_*1_*1_*1_*1_*1_*1_*1_*1&trk=NUS_CO-logo"]}]}},"_links":{"self":[{"href":"https:\/\/www.imopsl.com\/en\/wp-json\/wp\/v2\/product\/13636","targetHints":{"allow":["GET"]}}],"collection":[{"href":"https:\/\/www.imopsl.com\/en\/wp-json\/wp\/v2\/product"}],"about":[{"href":"https:\/\/www.imopsl.com\/en\/wp-json\/wp\/v2\/types\/product"}],"wp:featuredmedia":[{"embeddable":true,"href":"https:\/\/www.imopsl.com\/en\/wp-json\/wp\/v2\/media\/3332"}],"wp:attachment":[{"href":"https:\/\/www.imopsl.com\/en\/wp-json\/wp\/v2\/media?parent=13636"}],"wp:term":[{"taxonomy":"product_brand","embeddable":true,"href":"https:\/\/www.imopsl.com\/en\/wp-json\/wp\/v2\/product_brand?post=13636"},{"taxonomy":"product_cat","embeddable":true,"href":"https:\/\/www.imopsl.com\/en\/wp-json\/wp\/v2\/product_cat?post=13636"},{"taxonomy":"product_tag","embeddable":true,"href":"https:\/\/www.imopsl.com\/en\/wp-json\/wp\/v2\/product_tag?post=13636"}],"curies":[{"name":"wp","href":"https:\/\/api.w.org\/{rel}","templated":true}]}}