{"id":15649,"date":"2023-03-15T13:20:10","date_gmt":"2023-03-15T13:20:10","guid":{"rendered":"https:\/\/www.imopsl.com\/contato\/"},"modified":"2026-03-24T12:08:59","modified_gmt":"2026-03-24T12:08:59","slug":"contato","status":"publish","type":"page","link":"https:\/\/www.imopsl.com\/pt-pt\/contato\/","title":{"rendered":"Contato"},"content":{"rendered":"\t\t<div data-elementor-type=\"wp-page\" data-elementor-id=\"15649\" class=\"elementor elementor-15649 elementor-3523\" data-elementor-post-type=\"page\">\n\t\t\t\t<div class=\"elementor-element elementor-element-1cc253e9 e-flex e-con-boxed e-con e-parent\" data-id=\"1cc253e9\" data-element_type=\"container\" data-e-type=\"container\">\n\t\t\t\t\t<div class=\"e-con-inner\">\n\t\t\t\t<div class=\"elementor-element elementor-element-7cd5de56 elementor-widget elementor-widget-heading\" data-id=\"7cd5de56\" data-element_type=\"widget\" data-e-type=\"widget\" data-widget_type=\"heading.default\">\n\t\t\t\t\t<p class=\"elementor-heading-title elementor-size-default\">Contacte-nos<\/p>\t\t\t\t<\/div>\n\t\t\t\t<div class=\"elementor-element elementor-element-5f507b9f elementor-widget elementor-widget-text-editor\" data-id=\"5f507b9f\" data-element_type=\"widget\" data-e-type=\"widget\" data-widget_type=\"text-editor.default\">\n\t\t\t\t\t\t\t\t\t<p>Se precisar de informa\u00e7\u00f5es sobre alguma refer\u00eancia, instala\u00e7\u00e3o ou substitui\u00e7\u00e3o de equipamentos, estamos aqui para ajud\u00e1-lo. A nossa equipa t\u00e9cnica ir\u00e1 aconselh\u00e1-lo para que encontre a solu\u00e7\u00e3o mais adequada \u00e0s suas necessidades. Pode entrar em contacto connosco atrav\u00e9s do formul\u00e1rio, por telefone ou por e-mail. Teremos todo o prazer em atend\u00ea-lo com a m\u00e1xima rapidez e profissionalismo.   <\/p>\t\t\t\t\t\t\t\t<\/div>\n\t\t\t\t\t<\/div>\n\t\t\t\t<\/div>\n\t\t<div class=\"elementor-element elementor-element-51c724fd e-flex e-con-boxed e-con e-parent\" data-id=\"51c724fd\" data-element_type=\"container\" data-e-type=\"container\" data-settings=\"{&quot;background_background&quot;:&quot;classic&quot;}\">\n\t\t\t\t\t<div class=\"e-con-inner\">\n\t\t\t\t<div class=\"elementor-element elementor-element-f54801d elementor-widget elementor-widget-heading\" data-id=\"f54801d\" data-element_type=\"widget\" data-e-type=\"widget\" data-widget_type=\"heading.default\">\n\t\t\t\t\t<p class=\"elementor-heading-title elementor-size-default\">Podemos ajudar?<\/p>\t\t\t\t<\/div>\n\t\t\t\t<div class=\"elementor-element elementor-element-67ecd35d elementor-widget elementor-widget-text-editor\" data-id=\"67ecd35d\" data-element_type=\"widget\" data-e-type=\"widget\" data-widget_type=\"text-editor.default\">\n\t\t\t\t\t\t\t\t\t<p>Preencha o seguinte formul\u00e1rio e entraremos em contacto consigo o mais rapidamente poss\u00edvel.<\/p>\t\t\t\t\t\t\t\t<\/div>\n\t\t\t\t\t<\/div>\n\t\t\t\t<\/div>\n\t\t<div class=\"elementor-element elementor-element-51bbe16f e-flex e-con-boxed e-con e-parent\" data-id=\"51bbe16f\" data-element_type=\"container\" data-e-type=\"container\">\n\t\t\t\t\t<div class=\"e-con-inner\">\n\t\t<div class=\"elementor-element elementor-element-42346e3e e-con-full e-flex e-con e-child\" data-id=\"42346e3e\" data-element_type=\"container\" data-e-type=\"container\">\n\t\t\t\t<div class=\"elementor-element elementor-element-3b1e8eee elementor-button-align-stretch elementor-widget elementor-widget-form\" data-id=\"3b1e8eee\" data-element_type=\"widget\" data-e-type=\"widget\" data-settings=\"{&quot;step_next_label&quot;:&quot;Pr\\u00f3ximo&quot;,&quot;step_previous_label&quot;:&quot;Anterior&quot;,&quot;button_width&quot;:&quot;100&quot;,&quot;step_type&quot;:&quot;number_text&quot;,&quot;step_icon_shape&quot;:&quot;circle&quot;}\" data-widget_type=\"form.default\">\n\t\t\t\t\t\t\t<form class=\"elementor-form\" method=\"post\" name=\"Solicita\u00e7\u00e3o de contato\" aria-label=\"Solicita\u00e7\u00e3o de contato\">\n\t\t\t<input type=\"hidden\" name=\"post_id\" value=\"15649\"\/>\n\t\t\t<input type=\"hidden\" name=\"form_id\" value=\"3b1e8eee\"\/>\n\t\t\t<input type=\"hidden\" name=\"referer_title\" value=\"Contato | IMOP\" \/>\n\n\t\t\t\t\t\t\t<input type=\"hidden\" name=\"queried_id\" value=\"15649\"\/>\n\t\t\t\n\t\t\t<div class=\"elementor-form-fields-wrapper elementor-labels-above\">\n\t\t\t\t\t\t\t\t<div class=\"elementor-field-type-text elementor-field-group elementor-column elementor-field-group-name elementor-col-100 elementor-field-required\">\n\t\t\t\t\t\t\t\t\t\t\t\t\t<input size=\"1\" type=\"text\" name=\"form_fields[name]\" id=\"form-field-name\" class=\"elementor-field elementor-size-sm  elementor-field-textual\" placeholder=\"Nome\" required=\"required\">\n\t\t\t\t\t\t\t\t\t\t\t<\/div>\n\t\t\t\t\t\t\t\t<div class=\"elementor-field-type-email elementor-field-group elementor-column elementor-field-group-email elementor-col-100 elementor-field-required\">\n\t\t\t\t\t\t\t\t\t\t\t\t\t<input size=\"1\" type=\"email\" name=\"form_fields[email]\" id=\"form-field-email\" class=\"elementor-field elementor-size-sm  elementor-field-textual\" placeholder=\"E-mail\" required=\"required\">\n\t\t\t\t\t\t\t\t\t\t\t<\/div>\n\t\t\t\t\t\t\t\t<div class=\"elementor-field-type-tel elementor-field-group elementor-column elementor-field-group-field_65b23b4 elementor-col-100 elementor-field-required\">\n\t\t\t\t\t\t\t<input size=\"1\" type=\"tel\" name=\"form_fields[field_65b23b4]\" id=\"form-field-field_65b23b4\" class=\"elementor-field elementor-size-sm  elementor-field-textual\" placeholder=\"Telefone\" required=\"required\" pattern=\"[0-9()#&amp;+*-=.]+\" title=\"Only numbers and phone characters (#, -, *, etc) are accepted.\">\n\n\t\t\t\t\t\t<\/div>\n\t\t\t\t\t\t\t\t<div class=\"elementor-field-type-textarea elementor-field-group elementor-column elementor-field-group-message elementor-col-100 elementor-field-required\">\n\t\t\t\t\t<textarea class=\"elementor-field-textual elementor-field  elementor-size-sm\" name=\"form_fields[message]\" id=\"form-field-message\" rows=\"4\" placeholder=\"Mensagem\" required=\"required\"><\/textarea>\t\t\t\t<\/div>\n\t\t\t\t\t\t\t\t<div class=\"elementor-field-type-text\">\n\t\t\t\t\t<input size=\"1\" type=\"text\" name=\"form_fields[field_a368950]\" id=\"form-field-field_a368950\" class=\"elementor-field elementor-size-sm \" style=\"display:none !important;\">\t\t\t\t<\/div>\n\t\t\t\t\t\t\t\t<div class=\"elementor-field-type-recaptcha_v3 elementor-field-group elementor-column elementor-field-group-field_5ddd673 elementor-col-100 recaptcha_v3-bottomright\">\n\t\t\t\t\t<div class=\"elementor-field\" id=\"form-field-field_5ddd673\"><div class=\"elementor-g-recaptcha\" data-sitekey=\"6LfbljQsAAAAAG-yE0coUiRFqoeHb0Nguk8nDvnV\" data-type=\"v3\" data-action=\"Form\" data-badge=\"bottomright\" data-size=\"invisible\"><\/div><\/div>\t\t\t\t<\/div>\n\t\t\t\t\t\t\t\t<div class=\"elementor-field-type-checkbox elementor-field-group elementor-column elementor-field-group-field_50176f5 elementor-col-100\">\n\t\t\t\t\t<div class=\"elementor-field-subgroup  \"><span class=\"elementor-field-option\"><input type=\"checkbox\" value=\"Declaro ter compreendido as informa\u00e7\u00f5es fornecidas e concordo com o tratamento que ser\u00e1 feito dos meus dados pessoais. Pode consultar informa\u00e7\u00f5es adicionais e detalhadas sobre a nossa Pol\u00edtica de Privacidade &lt;a href=&quot;https:\/\/www.imopsl.com\/pt-pt\/politica-de-privacidade\/&quot;&gt;clicando aqui&lt;\/a&gt;. \" id=\"form-field-field_50176f5-0\" name=\"form_fields[field_50176f5]\"> <label for=\"form-field-field_50176f5-0\">Declaro ter compreendido as informa\u00e7\u00f5es fornecidas e concordo com o tratamento que ser\u00e1 feito dos meus dados pessoais. Pode consultar informa\u00e7\u00f5es adicionais e detalhadas sobre a nossa Pol\u00edtica de Privacidade <a href=\"https:\/\/www.imopsl.com\/pt-pt\/politica-de-privacidade\/\">clicando aqui<\/a>. <\/label><\/span><\/div>\t\t\t\t<\/div>\n\t\t\t\t\t\t\t\t<div class=\"elementor-field-group elementor-column elementor-field-type-submit elementor-col-100 e-form__buttons\">\n\t\t\t\t\t<button class=\"elementor-button elementor-size-sm\" type=\"submit\">\n\t\t\t\t\t\t<span class=\"elementor-button-content-wrapper\">\n\t\t\t\t\t\t\t\t\t\t\t\t\t\t\t\t\t\t\t\t\t\t<span class=\"elementor-button-text\">Enviar<\/span>\n\t\t\t\t\t\t\t\t\t\t\t\t\t<\/span>\n\t\t\t\t\t<\/button>\n\t\t\t\t<\/div>\n\t\t\t<\/div>\n\t\t<\/form>\n\t\t\t\t\t\t<\/div>\n\t\t\t\t<\/div>\n\t\t<div class=\"elementor-element elementor-element-7a770692 e-con-full e-flex e-con e-child\" data-id=\"7a770692\" data-element_type=\"container\" data-e-type=\"container\">\n\t\t\t\t<div class=\"elementor-element elementor-element-3d703795 elementor-widget elementor-widget-image\" data-id=\"3d703795\" data-element_type=\"widget\" data-e-type=\"widget\" data-widget_type=\"image.default\">\n\t\t\t\t\t\t\t\t\t\t\t\t\t\t\t<img fetchpriority=\"high\" decoding=\"async\" width=\"2560\" height=\"1708\" src=\"https:\/\/www.imopsl.com\/wp-content\/uploads\/2025\/12\/DSC0124-scaled-1.jpg\" class=\"attachment-full size-full wp-image-16409\" alt=\"Membro da equipa da IMOP a trabalhar no escrit\u00f3rio para oferecer aconselhamento t\u00e9cnico e atendimento direto aos clientes\" srcset=\"https:\/\/www.imopsl.com\/wp-content\/uploads\/2025\/12\/DSC0124-scaled-1.jpg 2560w, https:\/\/www.imopsl.com\/wp-content\/uploads\/2025\/12\/DSC0124-scaled-1-300x200.jpg 300w, https:\/\/www.imopsl.com\/wp-content\/uploads\/2025\/12\/DSC0124-scaled-1-1024x683.jpg 1024w, https:\/\/www.imopsl.com\/wp-content\/uploads\/2025\/12\/DSC0124-scaled-1-768x512.jpg 768w, https:\/\/www.imopsl.com\/wp-content\/uploads\/2025\/12\/DSC0124-scaled-1-1536x1025.jpg 1536w, https:\/\/www.imopsl.com\/wp-content\/uploads\/2025\/12\/DSC0124-scaled-1-2048x1366.jpg 2048w, https:\/\/www.imopsl.com\/wp-content\/uploads\/2025\/12\/DSC0124-scaled-1-600x400.jpg 600w, https:\/\/www.imopsl.com\/wp-content\/uploads\/2025\/12\/DSC0124-scaled-1-64x43.jpg 64w\" sizes=\"(max-width: 2560px) 100vw, 2560px\" \/>\t\t\t\t\t\t\t\t\t\t\t\t\t\t\t<\/div>\n\t\t\t\t<\/div>\n\t\t\t\t\t<\/div>\n\t\t\t\t<\/div>\n\t\t<div class=\"elementor-element elementor-element-3bb97d81 e-con-full e-flex e-con e-parent\" data-id=\"3bb97d81\" data-element_type=\"container\" data-e-type=\"container\">\n\t\t\t\t<div class=\"elementor-element elementor-element-5592cfbf elementor-widget elementor-widget-google_maps\" data-id=\"5592cfbf\" data-element_type=\"widget\" data-e-type=\"widget\" data-widget_type=\"google_maps.default\">\n\t\t\t\t\t\t\t<div class=\"elementor-custom-embed\">\n\t\t\t<iframe loading=\"lazy\"\n\t\t\t\t\tsrc=\"https:\/\/maps.google.com\/maps?q=Sierra%20de%20Guadarrama%2023%20Arganda%20del%20Rey&#038;t=m&#038;z=16&#038;output=embed&#038;iwloc=near\"\n\t\t\t\t\ttitle=\"Sierra de Guadarrama 23 Arganda del Rey\"\n\t\t\t\t\taria-label=\"Sierra de Guadarrama 23 Arganda del Rey\"\n\t\t\t><\/iframe>\n\t\t<\/div>\n\t\t\t\t\t\t<\/div>\n\t\t\t\t<\/div>\n\t\t<div class=\"elementor-element elementor-element-62c0b00b e-flex e-con-boxed e-con e-parent\" data-id=\"62c0b00b\" data-element_type=\"container\" data-e-type=\"container\" data-settings=\"{&quot;background_background&quot;:&quot;gradient&quot;}\">\n\t\t\t\t\t<div class=\"e-con-inner\">\n\t\t<div class=\"elementor-element elementor-element-5c5f5da2 e-con-full e-flex e-con e-child\" data-id=\"5c5f5da2\" data-element_type=\"container\" data-e-type=\"container\">\n\t\t\t\t<div class=\"elementor-element elementor-element-61cbf4af elementor-widget elementor-widget-heading\" data-id=\"61cbf4af\" data-element_type=\"widget\" data-e-type=\"widget\" data-widget_type=\"heading.default\">\n\t\t\t\t\t<span class=\"elementor-heading-title elementor-size-default\">Endere\u00e7o<\/span>\t\t\t\t<\/div>\n\t\t\t\t<div class=\"elementor-element elementor-element-1fb8511d elementor-widget elementor-widget-text-editor\" data-id=\"1fb8511d\" data-element_type=\"widget\" data-e-type=\"widget\" data-widget_type=\"text-editor.default\">\n\t\t\t\t\t\t\t\t\t<p>C\/ Sierra de Guadarrama, 23<\/p><p>Arganda del Rey &#8211; Madrid<\/p><p>28500 &#8211; Espa\u00f1a<\/p>\t\t\t\t\t\t\t\t<\/div>\n\t\t\t\t<\/div>\n\t\t<div class=\"elementor-element elementor-element-7cd090ad e-con-full e-flex e-con e-child\" data-id=\"7cd090ad\" data-element_type=\"container\" data-e-type=\"container\">\n\t\t\t\t<div class=\"elementor-element elementor-element-76e1e6ee elementor-widget elementor-widget-heading\" data-id=\"76e1e6ee\" data-element_type=\"widget\" data-e-type=\"widget\" data-widget_type=\"heading.default\">\n\t\t\t\t\t<span class=\"elementor-heading-title elementor-size-default\">Hor\u00e1rio<\/span>\t\t\t\t<\/div>\n\t\t\t\t<div class=\"elementor-element elementor-element-917d417 elementor-widget elementor-widget-text-editor\" data-id=\"917d417\" data-element_type=\"widget\" data-e-type=\"widget\" data-widget_type=\"text-editor.default\">\n\t\t\t\t\t\t\t\t\t<p>Segunda a quinta-feira: 8h30 \u00e0s 18h30<\/p><p>Sexta-feira: 8h30 &#8211; 18h00<\/p>\t\t\t\t\t\t\t\t<\/div>\n\t\t\t\t<\/div>\n\t\t<div class=\"elementor-element elementor-element-70abe2ba e-con-full e-flex e-con e-child\" data-id=\"70abe2ba\" data-element_type=\"container\" data-e-type=\"container\">\n\t\t\t\t<div class=\"elementor-element elementor-element-5e8ddeea elementor-widget elementor-widget-heading\" data-id=\"5e8ddeea\" data-element_type=\"widget\" data-e-type=\"widget\" data-widget_type=\"heading.default\">\n\t\t\t\t\t<span class=\"elementor-heading-title elementor-size-default\">Contacte-nos em<\/span>\t\t\t\t<\/div>\n\t\t\t\t<div class=\"elementor-element elementor-element-1e65a20f elementor-widget elementor-widget-text-editor\" data-id=\"1e65a20f\" data-element_type=\"widget\" data-e-type=\"widget\" data-widget_type=\"text-editor.default\">\n\t\t\t\t\t\t\t\t\t<p>Telefone: +34 91 871 90 64<\/p><p>Mail: <a href=\"mailto:info@imopsl.com\">info@imopsl.com<\/a><\/p>\t\t\t\t\t\t\t\t<\/div>\n\t\t\t\t<\/div>\n\t\t\t\t\t<\/div>\n\t\t\t\t<\/div>\n\t\t\t\t<\/div>\n\t\t","protected":false},"excerpt":{"rendered":"<p>Contacte-nos Se precisar de informa\u00e7\u00f5es sobre alguma refer\u00eancia, instala\u00e7\u00e3o ou substitui\u00e7\u00e3o de equipamentos, estamos aqui para ajud\u00e1-lo. A nossa equipa t\u00e9cnica ir\u00e1 aconselh\u00e1-lo para que encontre a solu\u00e7\u00e3o mais adequada \u00e0s suas necessidades. Pode entrar em contacto connosco atrav\u00e9s do formul\u00e1rio, por telefone ou por e-mail. Teremos todo o prazer em atend\u00ea-lo com a m\u00e1xima [&hellip;]<\/p>\n","protected":false},"author":1,"featured_media":0,"parent":0,"menu_order":0,"comment_status":"closed","ping_status":"closed","template":"","meta":{"footnotes":""},"class_list":["post-15649","page","type-page","status-publish","hentry"],"yoast_head":"<!-- This site is optimized with the Yoast SEO plugin v27.4 - https:\/\/yoast.com\/product\/yoast-seo-wordpress\/ -->\n<title>Contato | IMOP<\/title>\n<meta name=\"description\" content=\"Contacte-nos para resolver as suas d\u00favidas ou quest\u00f5es sobre os nossos produtos e servi\u00e7os. A nossa equipa de apoio ao cliente est\u00e1 aqui para o ajudar.\" \/>\n<meta name=\"robots\" content=\"index, follow, max-snippet:-1, max-image-preview:large, max-video-preview:-1\" \/>\n<link rel=\"canonical\" href=\"https:\/\/www.imopsl.com\/pt-pt\/contato\/\" \/>\n<meta property=\"og:locale\" content=\"pt_PT\" \/>\n<meta property=\"og:type\" content=\"article\" \/>\n<meta property=\"og:title\" content=\"Contato | IMOP\" \/>\n<meta property=\"og:description\" content=\"Contacte-nos para resolver as suas d\u00favidas ou quest\u00f5es sobre os nossos produtos e servi\u00e7os. A nossa equipa de apoio ao cliente est\u00e1 aqui para o ajudar.\" \/>\n<meta property=\"og:url\" content=\"https:\/\/www.imopsl.com\/pt-pt\/contato\/\" \/>\n<meta property=\"og:site_name\" content=\"IMOP\" \/>\n<meta property=\"article:publisher\" content=\"https:\/\/www.facebook.com\/imopsl?ref=br_rs\" \/>\n<meta property=\"article:modified_time\" content=\"2026-03-24T12:08:59+00:00\" \/>\n<meta property=\"og:image\" content=\"https:\/\/www.imopsl.com\/wp-content\/uploads\/2025\/12\/DSC0124-scaled-1.jpg\" \/>\n\t<meta property=\"og:image:width\" content=\"2560\" \/>\n\t<meta property=\"og:image:height\" content=\"1708\" \/>\n\t<meta property=\"og:image:type\" content=\"image\/jpeg\" \/>\n<meta name=\"twitter:card\" content=\"summary_large_image\" \/>\n<meta name=\"twitter:site\" content=\"@IMOP_SL\" \/>\n<meta name=\"twitter:label1\" content=\"Tempo estimado de leitura\" \/>\n\t<meta name=\"twitter:data1\" content=\"1 minuto\" \/>\n<script type=\"application\/ld+json\" class=\"yoast-schema-graph\">{\"@context\":\"https:\\\/\\\/schema.org\",\"@graph\":[{\"@type\":\"WebPage\",\"@id\":\"https:\\\/\\\/www.imopsl.com\\\/pt-pt\\\/contato\\\/\",\"url\":\"https:\\\/\\\/www.imopsl.com\\\/pt-pt\\\/contato\\\/\",\"name\":\"Contato | IMOP\",\"isPartOf\":{\"@id\":\"https:\\\/\\\/www.imopsl.com\\\/pt-pt\\\/#website\"},\"primaryImageOfPage\":{\"@id\":\"https:\\\/\\\/www.imopsl.com\\\/pt-pt\\\/contato\\\/#primaryimage\"},\"image\":{\"@id\":\"https:\\\/\\\/www.imopsl.com\\\/pt-pt\\\/contato\\\/#primaryimage\"},\"thumbnailUrl\":\"https:\\\/\\\/www.imopsl.com\\\/wp-content\\\/uploads\\\/2025\\\/12\\\/DSC0124-scaled-1.jpg\",\"datePublished\":\"2023-03-15T13:20:10+00:00\",\"dateModified\":\"2026-03-24T12:08:59+00:00\",\"description\":\"Contacte-nos para resolver as suas d\u00favidas ou quest\u00f5es sobre os nossos produtos e servi\u00e7os. A nossa equipa de apoio ao cliente est\u00e1 aqui para o ajudar.\",\"breadcrumb\":{\"@id\":\"https:\\\/\\\/www.imopsl.com\\\/pt-pt\\\/contato\\\/#breadcrumb\"},\"inLanguage\":\"pt-PT\",\"potentialAction\":[{\"@type\":\"ReadAction\",\"target\":[\"https:\\\/\\\/www.imopsl.com\\\/pt-pt\\\/contato\\\/\"]}]},{\"@type\":\"ImageObject\",\"inLanguage\":\"pt-PT\",\"@id\":\"https:\\\/\\\/www.imopsl.com\\\/pt-pt\\\/contato\\\/#primaryimage\",\"url\":\"https:\\\/\\\/www.imopsl.com\\\/wp-content\\\/uploads\\\/2025\\\/12\\\/DSC0124-scaled-1.jpg\",\"contentUrl\":\"https:\\\/\\\/www.imopsl.com\\\/wp-content\\\/uploads\\\/2025\\\/12\\\/DSC0124-scaled-1.jpg\"},{\"@type\":\"BreadcrumbList\",\"@id\":\"https:\\\/\\\/www.imopsl.com\\\/pt-pt\\\/contato\\\/#breadcrumb\",\"itemListElement\":[{\"@type\":\"ListItem\",\"position\":1,\"name\":\"Portada\",\"item\":\"https:\\\/\\\/www.imopsl.com\\\/pt-pt\\\/\"},{\"@type\":\"ListItem\",\"position\":2,\"name\":\"Contato\"}]},{\"@type\":\"WebSite\",\"@id\":\"https:\\\/\\\/www.imopsl.com\\\/pt-pt\\\/#website\",\"url\":\"https:\\\/\\\/www.imopsl.com\\\/pt-pt\\\/\",\"name\":\"IMOP\",\"description\":\"Un mundo de soluciones para maquinaria de obras, construcci\u00f3n y miner\u00eda\",\"publisher\":{\"@id\":\"https:\\\/\\\/www.imopsl.com\\\/pt-pt\\\/#organization\"},\"alternateName\":\"IMPORTACI\u00d3N RECAMBIOS O.P., S.L.\",\"potentialAction\":[{\"@type\":\"SearchAction\",\"target\":{\"@type\":\"EntryPoint\",\"urlTemplate\":\"https:\\\/\\\/www.imopsl.com\\\/pt-pt\\\/?s={search_term_string}\"},\"query-input\":{\"@type\":\"PropertyValueSpecification\",\"valueRequired\":true,\"valueName\":\"search_term_string\"}}],\"inLanguage\":\"pt-PT\"},{\"@type\":\"Organization\",\"@id\":\"https:\\\/\\\/www.imopsl.com\\\/pt-pt\\\/#organization\",\"name\":\"IMPORTACI\u00d3N RECAMBIOS O.P., S.L.\",\"alternateName\":\"IMOP\",\"url\":\"https:\\\/\\\/www.imopsl.com\\\/pt-pt\\\/\",\"logo\":{\"@type\":\"ImageObject\",\"inLanguage\":\"pt-PT\",\"@id\":\"https:\\\/\\\/www.imopsl.com\\\/pt-pt\\\/#\\\/schema\\\/logo\\\/image\\\/\",\"url\":\"https:\\\/\\\/www.imopsl.com\\\/wp-content\\\/uploads\\\/2022\\\/09\\\/Horizontal-1-scaled.png\",\"contentUrl\":\"https:\\\/\\\/www.imopsl.com\\\/wp-content\\\/uploads\\\/2022\\\/09\\\/Horizontal-1-scaled.png\",\"width\":2560,\"height\":652,\"caption\":\"IMPORTACI\u00d3N RECAMBIOS O.P., S.L.\"},\"image\":{\"@id\":\"https:\\\/\\\/www.imopsl.com\\\/pt-pt\\\/#\\\/schema\\\/logo\\\/image\\\/\"},\"sameAs\":[\"https:\\\/\\\/www.facebook.com\\\/imopsl?ref=br_rs\",\"https:\\\/\\\/x.com\\\/IMOP_SL\",\"https:\\\/\\\/www.flickr.com\\\/photos\\\/imopsl\",\"https:\\\/\\\/es.foursquare.com\\\/v\\\/grupo-imop-sl\\\/5298b5e7498e79cd740511fe\",\"https:\\\/\\\/www.linkedin.com\\\/company\\\/importaci\u00f3n-recambios-o-p-s-l-imop-?goback=.nmp_*1_*1_*1_*1_*1_*1_*1_*1_*1_*1_*1&trk=NUS_CO-logo\"]}]}<\/script>\n<!-- \/ Yoast SEO plugin. -->","yoast_head_json":{"title":"Contato | IMOP","description":"Contacte-nos para resolver as suas d\u00favidas ou quest\u00f5es sobre os nossos produtos e servi\u00e7os. A nossa equipa de apoio ao cliente est\u00e1 aqui para o ajudar.","robots":{"index":"index","follow":"follow","max-snippet":"max-snippet:-1","max-image-preview":"max-image-preview:large","max-video-preview":"max-video-preview:-1"},"canonical":"https:\/\/www.imopsl.com\/pt-pt\/contato\/","og_locale":"pt_PT","og_type":"article","og_title":"Contato | IMOP","og_description":"Contacte-nos para resolver as suas d\u00favidas ou quest\u00f5es sobre os nossos produtos e servi\u00e7os. A nossa equipa de apoio ao cliente est\u00e1 aqui para o ajudar.","og_url":"https:\/\/www.imopsl.com\/pt-pt\/contato\/","og_site_name":"IMOP","article_publisher":"https:\/\/www.facebook.com\/imopsl?ref=br_rs","article_modified_time":"2026-03-24T12:08:59+00:00","og_image":[{"width":2560,"height":1708,"url":"https:\/\/www.imopsl.com\/wp-content\/uploads\/2025\/12\/DSC0124-scaled-1.jpg","type":"image\/jpeg"}],"twitter_card":"summary_large_image","twitter_site":"@IMOP_SL","twitter_misc":{"Tempo estimado de leitura":"1 minuto"},"schema":{"@context":"https:\/\/schema.org","@graph":[{"@type":"WebPage","@id":"https:\/\/www.imopsl.com\/pt-pt\/contato\/","url":"https:\/\/www.imopsl.com\/pt-pt\/contato\/","name":"Contato | IMOP","isPartOf":{"@id":"https:\/\/www.imopsl.com\/pt-pt\/#website"},"primaryImageOfPage":{"@id":"https:\/\/www.imopsl.com\/pt-pt\/contato\/#primaryimage"},"image":{"@id":"https:\/\/www.imopsl.com\/pt-pt\/contato\/#primaryimage"},"thumbnailUrl":"https:\/\/www.imopsl.com\/wp-content\/uploads\/2025\/12\/DSC0124-scaled-1.jpg","datePublished":"2023-03-15T13:20:10+00:00","dateModified":"2026-03-24T12:08:59+00:00","description":"Contacte-nos para resolver as suas d\u00favidas ou quest\u00f5es sobre os nossos produtos e servi\u00e7os. A nossa equipa de apoio ao cliente est\u00e1 aqui para o ajudar.","breadcrumb":{"@id":"https:\/\/www.imopsl.com\/pt-pt\/contato\/#breadcrumb"},"inLanguage":"pt-PT","potentialAction":[{"@type":"ReadAction","target":["https:\/\/www.imopsl.com\/pt-pt\/contato\/"]}]},{"@type":"ImageObject","inLanguage":"pt-PT","@id":"https:\/\/www.imopsl.com\/pt-pt\/contato\/#primaryimage","url":"https:\/\/www.imopsl.com\/wp-content\/uploads\/2025\/12\/DSC0124-scaled-1.jpg","contentUrl":"https:\/\/www.imopsl.com\/wp-content\/uploads\/2025\/12\/DSC0124-scaled-1.jpg"},{"@type":"BreadcrumbList","@id":"https:\/\/www.imopsl.com\/pt-pt\/contato\/#breadcrumb","itemListElement":[{"@type":"ListItem","position":1,"name":"Portada","item":"https:\/\/www.imopsl.com\/pt-pt\/"},{"@type":"ListItem","position":2,"name":"Contato"}]},{"@type":"WebSite","@id":"https:\/\/www.imopsl.com\/pt-pt\/#website","url":"https:\/\/www.imopsl.com\/pt-pt\/","name":"IMOP","description":"Un mundo de soluciones para maquinaria de obras, construcci\u00f3n y miner\u00eda","publisher":{"@id":"https:\/\/www.imopsl.com\/pt-pt\/#organization"},"alternateName":"IMPORTACI\u00d3N RECAMBIOS O.P., S.L.","potentialAction":[{"@type":"SearchAction","target":{"@type":"EntryPoint","urlTemplate":"https:\/\/www.imopsl.com\/pt-pt\/?s={search_term_string}"},"query-input":{"@type":"PropertyValueSpecification","valueRequired":true,"valueName":"search_term_string"}}],"inLanguage":"pt-PT"},{"@type":"Organization","@id":"https:\/\/www.imopsl.com\/pt-pt\/#organization","name":"IMPORTACI\u00d3N RECAMBIOS O.P., S.L.","alternateName":"IMOP","url":"https:\/\/www.imopsl.com\/pt-pt\/","logo":{"@type":"ImageObject","inLanguage":"pt-PT","@id":"https:\/\/www.imopsl.com\/pt-pt\/#\/schema\/logo\/image\/","url":"https:\/\/www.imopsl.com\/wp-content\/uploads\/2022\/09\/Horizontal-1-scaled.png","contentUrl":"https:\/\/www.imopsl.com\/wp-content\/uploads\/2022\/09\/Horizontal-1-scaled.png","width":2560,"height":652,"caption":"IMPORTACI\u00d3N RECAMBIOS O.P., S.L."},"image":{"@id":"https:\/\/www.imopsl.com\/pt-pt\/#\/schema\/logo\/image\/"},"sameAs":["https:\/\/www.facebook.com\/imopsl?ref=br_rs","https:\/\/x.com\/IMOP_SL","https:\/\/www.flickr.com\/photos\/imopsl","https:\/\/es.foursquare.com\/v\/grupo-imop-sl\/5298b5e7498e79cd740511fe","https:\/\/www.linkedin.com\/company\/importaci\u00f3n-recambios-o-p-s-l-imop-?goback=.nmp_*1_*1_*1_*1_*1_*1_*1_*1_*1_*1_*1&trk=NUS_CO-logo"]}]}},"_links":{"self":[{"href":"https:\/\/www.imopsl.com\/pt-pt\/wp-json\/wp\/v2\/pages\/15649","targetHints":{"allow":["GET"]}}],"collection":[{"href":"https:\/\/www.imopsl.com\/pt-pt\/wp-json\/wp\/v2\/pages"}],"about":[{"href":"https:\/\/www.imopsl.com\/pt-pt\/wp-json\/wp\/v2\/types\/page"}],"author":[{"embeddable":true,"href":"https:\/\/www.imopsl.com\/pt-pt\/wp-json\/wp\/v2\/users\/1"}],"replies":[{"embeddable":true,"href":"https:\/\/www.imopsl.com\/pt-pt\/wp-json\/wp\/v2\/comments?post=15649"}],"version-history":[{"count":4,"href":"https:\/\/www.imopsl.com\/pt-pt\/wp-json\/wp\/v2\/pages\/15649\/revisions"}],"predecessor-version":[{"id":17263,"href":"https:\/\/www.imopsl.com\/pt-pt\/wp-json\/wp\/v2\/pages\/15649\/revisions\/17263"}],"wp:attachment":[{"href":"https:\/\/www.imopsl.com\/pt-pt\/wp-json\/wp\/v2\/media?parent=15649"}],"curies":[{"name":"wp","href":"https:\/\/api.w.org\/{rel}","templated":true}]}}