{"id":15658,"date":"2023-09-18T14:54:42","date_gmt":"2023-09-18T14:54:42","guid":{"rendered":"https:\/\/www.imopsl.com\/martelos-furukawa\/"},"modified":"2023-09-18T14:54:42","modified_gmt":"2023-09-18T14:54:42","slug":"martelos-furukawa","status":"publish","type":"page","link":"https:\/\/www.imopsl.com\/pt-pt\/martelos-furukawa\/","title":{"rendered":"Martelos Furukawa"},"content":{"rendered":"<section class=\"container\">Na IMOP, oferecemos pe\u00e7as de reposi\u00e7\u00e3o de alta qualidade para <strong>rompedores Furukawa<\/strong>, garantindo compatibilidade, resist\u00eancia e efici\u00eancia ao melhor pre\u00e7o.<\/p>\n<p><a class=\"cta-button\" href=\"tel:+34918719064\">\ud83d\udcde Ligue-nos agora!<\/a><\/p>\n<\/section>\n<section class=\"container\">\n<h1>Porqu\u00ea escolher as nossas pe\u00e7as sobressalentes para martelos demolidores hidr\u00e1ulicos?<\/h1>\n<div class=\"benefits-grid\">\n<div class=\"benefit-item\">\n<h2>\ud83d\udd29 Qualidade igual \u00e0 do original<\/h2>\n<p>Apesar de serem alternativas, as nossas pe\u00e7as sobresselentes para <strong>martelos demolidores<\/strong> cumprem os mais elevados padr\u00f5es de fabrico.<\/p>\n<\/div>\n<div class=\"benefit-item\">\n<h2>\u2705 Compatibilidade garantida<\/h2>\n<p>Concebida para se adaptar perfeitamente aos modelos de <strong>martelos FRD <\/strong>e a outras marcas l\u00edderes.<\/p>\n<\/div>\n<div class=\"benefit-item\">\n<h2>\ud83d\udcb0 Poupan\u00e7a garantida<\/h2>\n<p>Pe\u00e7as de alta qualidade a pre\u00e7os mais competitivos sem sacrificar a durabilidade ou o desempenho.<\/p>\n<\/div>\n<\/div>\n<\/section>\n<section class=\"container\">\n<h1>Conhe\u00e7a-nos melhor<\/h1>\n<p>A IMOP \u00e9 l\u00edder no sector das pe\u00e7as sobressalentes para <strong>martelos demolidores FRD <\/strong>e outras marcas. A nossa miss\u00e3o \u00e9 fornecer solu\u00e7\u00f5es de pe\u00e7as sobresselentes que garantam o m\u00e1ximo desempenho e vida \u00fatil. <\/p>\n<div class=\"image-gallery\"><img decoding=\"async\" src=\"https:\/\/www.imopsl.com\/wp-content\/uploads\/2023\/09\/martillos-furukawa-feria-683x1024.jpg\" alt=\"Martelos Furukawa FX em exposi\u00e7\u00e3o\"><br \/>\n<img decoding=\"async\" src=\"https:\/\/www.imopsl.com\/wp-content\/uploads\/2022\/09\/furukawa-1-300x300.webp\" alt=\"Log\u00f3tipo Furukawa FRD\"><\/div>\n<\/section>\n<section class=\"container\">\n<h1>Pe\u00e7as de substitui\u00e7\u00e3o dispon\u00edveis para martelos hidr\u00e1ulicos Furukawa<\/h1>\n<div class=\"gallery\">\n<figure class=\"gallery-item\"><a href=\"https:\/\/www.imopsl.com\/wp-content\/uploads\/2023\/08\/puntero-1000.png\"><br \/>\n<img decoding=\"async\" src=\"https:\/\/www.imopsl.com\/wp-content\/uploads\/2023\/08\/puntero-1000-300x300.png\" alt=\"Ponteiros ou espadas\"><br \/>\n<\/a><figcaption>Ponteiros ou espadas<\/figcaption><\/figure>\n<figure class=\"gallery-item\"><a href=\"https:\/\/www.imopsl.com\/wp-content\/uploads\/2022\/12\/tirante.webp\"><br \/>\n<img decoding=\"async\" src=\"https:\/\/www.imopsl.com\/wp-content\/uploads\/2022\/12\/tirante-300x300.webp\" alt=\"Tirante para martelo demolidor hidr\u00e1ulico\"><br \/>\n<\/a><figcaption>Tirante para martelo demolidor hidr\u00e1ulico<\/figcaption><\/figure>\n<figure class=\"gallery-item\"><a href=\"https:\/\/www.imopsl.com\/wp-content\/uploads\/2023\/01\/membrana.webp\"><br \/>\n<img decoding=\"async\" src=\"https:\/\/www.imopsl.com\/wp-content\/uploads\/2023\/01\/membrana-300x300.webp\" alt=\"Membrana para martelo demolidor hidr\u00e1ulico\"><br \/>\n<\/a><figcaption>Membrana para martelo demolidor hidr\u00e1ulico<\/figcaption><\/figure>\n<figure class=\"gallery-item\"><a href=\"https:\/\/www.imopsl.com\/wp-content\/uploads\/2023\/01\/juegos-juntas.webp\"><br \/>\n<img decoding=\"async\" src=\"https:\/\/www.imopsl.com\/wp-content\/uploads\/2023\/01\/juegos-juntas-300x300.webp\" alt=\"Conjunto de veda\u00e7\u00e3o para martelos demolidores hidr\u00e1ulicos\"><br \/>\n<\/a><figcaption>Conjunto de veda\u00e7\u00e3o para martelos demolidores hidr\u00e1ulicos<\/figcaption><\/figure>\n<\/div>\n<\/section>\n<section class=\"container\">\n<h1>As nossas vantagens competitivas<\/h1>\n<div class=\"benefits-grid\">\n<div class=\"benefit-item\">\n<h2>\ud83c\udfc6 Qualidade garantida<\/h2>\n<p>Pe\u00e7as sobressalentes alternativas que cumprem e excedem os padr\u00f5es de qualidade.<\/p>\n<\/div>\n<div class=\"benefit-item\">\n<h2>\ud83d\udd0d Experi\u00eancia com marcas l\u00edderes<\/h2>\n<p>Especialistas em <strong>martelos Furukawa<\/strong> e outras marcas de renome.<\/p>\n<\/div>\n<div class=\"benefit-item\">\n<h2>\u2699\ufe0f Inova\u00e7\u00e3o cont\u00ednua<\/h2>\n<p>Estamos constantemente a investigar e a melhorar para oferecer pe\u00e7as sobresselentes mais eficientes e duradouras.<\/p>\n<\/div>\n<\/div>\n<\/section>\n<section class=\"container\">\n<h1>\ud83d\udce9 Contacte-nos em<\/h1>\n<p>Se necessitar de pe\u00e7as sobresselentes para <strong>disjuntores Furukawa<\/strong> ou de qualquer outra marca, estamos aqui para o ajudar.<\/p>\n<p><a class=\"cta-button\" href=\"mailto:info@imopsl.com\">\ud83d\udce7 Escreva-nos agora!<\/a><\/p>\n<\/section>\n","protected":false},"excerpt":{"rendered":"<p>Na IMOP, oferecemos pe\u00e7as de reposi\u00e7\u00e3o de alta qualidade para rompedores Furukawa, garantindo compatibilidade, resist\u00eancia e efici\u00eancia ao melhor pre\u00e7o. \ud83d\udcde Ligue-nos agora! Porqu\u00ea escolher as nossas pe\u00e7as sobressalentes para martelos demolidores hidr\u00e1ulicos? \ud83d\udd29 Qualidade igual \u00e0 do original Apesar de serem alternativas, as nossas pe\u00e7as sobresselentes para martelos demolidores cumprem os mais elevados padr\u00f5es [&hellip;]<\/p>\n","protected":false},"author":1,"featured_media":0,"parent":0,"menu_order":0,"comment_status":"closed","ping_status":"closed","template":"","meta":{"footnotes":""},"class_list":["post-15658","page","type-page","status-publish","hentry"],"yoast_head":"<!-- This site is optimized with the Yoast SEO plugin v27.4 - https:\/\/yoast.com\/product\/yoast-seo-wordpress\/ -->\n<title>Martelos Furukawa | IMOP<\/title>\n<meta name=\"description\" content=\"Descubra as nossas pe\u00e7as sobresselentes para martelos demolidores hidr\u00e1ulicos Furukawa. Elevado stock, entrega em 24\/48 horas. Especialistas h\u00e1 mais de 30 anos.\" \/>\n<meta name=\"robots\" content=\"index, follow, max-snippet:-1, max-image-preview:large, max-video-preview:-1\" \/>\n<link rel=\"canonical\" href=\"https:\/\/www.imopsl.com\/pt-pt\/martelos-furukawa\/\" \/>\n<meta property=\"og:locale\" content=\"pt_PT\" \/>\n<meta property=\"og:type\" content=\"article\" \/>\n<meta property=\"og:title\" content=\"Martelos Furukawa | IMOP\" \/>\n<meta property=\"og:description\" content=\"Descubra as nossas pe\u00e7as sobresselentes para martelos demolidores hidr\u00e1ulicos Furukawa. Elevado stock, entrega em 24\/48 horas. Especialistas h\u00e1 mais de 30 anos.\" \/>\n<meta property=\"og:url\" content=\"https:\/\/www.imopsl.com\/pt-pt\/martelos-furukawa\/\" \/>\n<meta property=\"og:site_name\" content=\"IMOP\" \/>\n<meta property=\"article:publisher\" content=\"https:\/\/www.facebook.com\/imopsl?ref=br_rs\" \/>\n<meta property=\"og:image\" content=\"https:\/\/www.imopsl.com\/wp-content\/uploads\/2023\/09\/martillos-furukawa-feria-683x1024.jpg\" \/>\n<meta name=\"twitter:card\" content=\"summary_large_image\" \/>\n<meta name=\"twitter:site\" content=\"@IMOP_SL\" \/>\n<meta name=\"twitter:label1\" content=\"Tempo estimado de leitura\" \/>\n\t<meta name=\"twitter:data1\" content=\"1 minuto\" \/>\n<script type=\"application\/ld+json\" class=\"yoast-schema-graph\">{\"@context\":\"https:\\\/\\\/schema.org\",\"@graph\":[{\"@type\":\"WebPage\",\"@id\":\"https:\\\/\\\/www.imopsl.com\\\/pt-pt\\\/martelos-furukawa\\\/\",\"url\":\"https:\\\/\\\/www.imopsl.com\\\/pt-pt\\\/martelos-furukawa\\\/\",\"name\":\"Martelos Furukawa | IMOP\",\"isPartOf\":{\"@id\":\"https:\\\/\\\/www.imopsl.com\\\/pt-pt\\\/#website\"},\"primaryImageOfPage\":{\"@id\":\"https:\\\/\\\/www.imopsl.com\\\/pt-pt\\\/martelos-furukawa\\\/#primaryimage\"},\"image\":{\"@id\":\"https:\\\/\\\/www.imopsl.com\\\/pt-pt\\\/martelos-furukawa\\\/#primaryimage\"},\"thumbnailUrl\":\"https:\\\/\\\/www.imopsl.com\\\/wp-content\\\/uploads\\\/2023\\\/09\\\/martillos-furukawa-feria-683x1024.jpg\",\"datePublished\":\"2023-09-18T14:54:42+00:00\",\"description\":\"Descubra as nossas pe\u00e7as sobresselentes para martelos demolidores hidr\u00e1ulicos Furukawa. Elevado stock, entrega em 24\\\/48 horas. Especialistas h\u00e1 mais de 30 anos.\",\"breadcrumb\":{\"@id\":\"https:\\\/\\\/www.imopsl.com\\\/pt-pt\\\/martelos-furukawa\\\/#breadcrumb\"},\"inLanguage\":\"pt-PT\",\"potentialAction\":[{\"@type\":\"ReadAction\",\"target\":[\"https:\\\/\\\/www.imopsl.com\\\/pt-pt\\\/martelos-furukawa\\\/\"]}]},{\"@type\":\"ImageObject\",\"inLanguage\":\"pt-PT\",\"@id\":\"https:\\\/\\\/www.imopsl.com\\\/pt-pt\\\/martelos-furukawa\\\/#primaryimage\",\"url\":\"https:\\\/\\\/www.imopsl.com\\\/wp-content\\\/uploads\\\/2023\\\/09\\\/martillos-furukawa-feria-683x1024.jpg\",\"contentUrl\":\"https:\\\/\\\/www.imopsl.com\\\/wp-content\\\/uploads\\\/2023\\\/09\\\/martillos-furukawa-feria-683x1024.jpg\"},{\"@type\":\"BreadcrumbList\",\"@id\":\"https:\\\/\\\/www.imopsl.com\\\/pt-pt\\\/martelos-furukawa\\\/#breadcrumb\",\"itemListElement\":[{\"@type\":\"ListItem\",\"position\":1,\"name\":\"Portada\",\"item\":\"https:\\\/\\\/www.imopsl.com\\\/pt-pt\\\/\"},{\"@type\":\"ListItem\",\"position\":2,\"name\":\"Martelos Furukawa\"}]},{\"@type\":\"WebSite\",\"@id\":\"https:\\\/\\\/www.imopsl.com\\\/pt-pt\\\/#website\",\"url\":\"https:\\\/\\\/www.imopsl.com\\\/pt-pt\\\/\",\"name\":\"IMOP\",\"description\":\"Un mundo de soluciones para maquinaria de obras, construcci\u00f3n y miner\u00eda\",\"publisher\":{\"@id\":\"https:\\\/\\\/www.imopsl.com\\\/pt-pt\\\/#organization\"},\"alternateName\":\"IMPORTACI\u00d3N RECAMBIOS O.P., S.L.\",\"potentialAction\":[{\"@type\":\"SearchAction\",\"target\":{\"@type\":\"EntryPoint\",\"urlTemplate\":\"https:\\\/\\\/www.imopsl.com\\\/pt-pt\\\/?s={search_term_string}\"},\"query-input\":{\"@type\":\"PropertyValueSpecification\",\"valueRequired\":true,\"valueName\":\"search_term_string\"}}],\"inLanguage\":\"pt-PT\"},{\"@type\":\"Organization\",\"@id\":\"https:\\\/\\\/www.imopsl.com\\\/pt-pt\\\/#organization\",\"name\":\"IMPORTACI\u00d3N RECAMBIOS O.P., S.L.\",\"alternateName\":\"IMOP\",\"url\":\"https:\\\/\\\/www.imopsl.com\\\/pt-pt\\\/\",\"logo\":{\"@type\":\"ImageObject\",\"inLanguage\":\"pt-PT\",\"@id\":\"https:\\\/\\\/www.imopsl.com\\\/pt-pt\\\/#\\\/schema\\\/logo\\\/image\\\/\",\"url\":\"https:\\\/\\\/www.imopsl.com\\\/wp-content\\\/uploads\\\/2022\\\/09\\\/Horizontal-1-scaled.png\",\"contentUrl\":\"https:\\\/\\\/www.imopsl.com\\\/wp-content\\\/uploads\\\/2022\\\/09\\\/Horizontal-1-scaled.png\",\"width\":2560,\"height\":652,\"caption\":\"IMPORTACI\u00d3N RECAMBIOS O.P., S.L.\"},\"image\":{\"@id\":\"https:\\\/\\\/www.imopsl.com\\\/pt-pt\\\/#\\\/schema\\\/logo\\\/image\\\/\"},\"sameAs\":[\"https:\\\/\\\/www.facebook.com\\\/imopsl?ref=br_rs\",\"https:\\\/\\\/x.com\\\/IMOP_SL\",\"https:\\\/\\\/www.flickr.com\\\/photos\\\/imopsl\",\"https:\\\/\\\/es.foursquare.com\\\/v\\\/grupo-imop-sl\\\/5298b5e7498e79cd740511fe\",\"https:\\\/\\\/www.linkedin.com\\\/company\\\/importaci\u00f3n-recambios-o-p-s-l-imop-?goback=.nmp_*1_*1_*1_*1_*1_*1_*1_*1_*1_*1_*1&trk=NUS_CO-logo\"]}]}<\/script>\n<!-- \/ Yoast SEO plugin. -->","yoast_head_json":{"title":"Martelos Furukawa | IMOP","description":"Descubra as nossas pe\u00e7as sobresselentes para martelos demolidores hidr\u00e1ulicos Furukawa. Elevado stock, entrega em 24\/48 horas. Especialistas h\u00e1 mais de 30 anos.","robots":{"index":"index","follow":"follow","max-snippet":"max-snippet:-1","max-image-preview":"max-image-preview:large","max-video-preview":"max-video-preview:-1"},"canonical":"https:\/\/www.imopsl.com\/pt-pt\/martelos-furukawa\/","og_locale":"pt_PT","og_type":"article","og_title":"Martelos Furukawa | IMOP","og_description":"Descubra as nossas pe\u00e7as sobresselentes para martelos demolidores hidr\u00e1ulicos Furukawa. Elevado stock, entrega em 24\/48 horas. Especialistas h\u00e1 mais de 30 anos.","og_url":"https:\/\/www.imopsl.com\/pt-pt\/martelos-furukawa\/","og_site_name":"IMOP","article_publisher":"https:\/\/www.facebook.com\/imopsl?ref=br_rs","og_image":[{"url":"https:\/\/www.imopsl.com\/wp-content\/uploads\/2023\/09\/martillos-furukawa-feria-683x1024.jpg","type":"","width":"","height":""}],"twitter_card":"summary_large_image","twitter_site":"@IMOP_SL","twitter_misc":{"Tempo estimado de leitura":"1 minuto"},"schema":{"@context":"https:\/\/schema.org","@graph":[{"@type":"WebPage","@id":"https:\/\/www.imopsl.com\/pt-pt\/martelos-furukawa\/","url":"https:\/\/www.imopsl.com\/pt-pt\/martelos-furukawa\/","name":"Martelos Furukawa | IMOP","isPartOf":{"@id":"https:\/\/www.imopsl.com\/pt-pt\/#website"},"primaryImageOfPage":{"@id":"https:\/\/www.imopsl.com\/pt-pt\/martelos-furukawa\/#primaryimage"},"image":{"@id":"https:\/\/www.imopsl.com\/pt-pt\/martelos-furukawa\/#primaryimage"},"thumbnailUrl":"https:\/\/www.imopsl.com\/wp-content\/uploads\/2023\/09\/martillos-furukawa-feria-683x1024.jpg","datePublished":"2023-09-18T14:54:42+00:00","description":"Descubra as nossas pe\u00e7as sobresselentes para martelos demolidores hidr\u00e1ulicos Furukawa. Elevado stock, entrega em 24\/48 horas. Especialistas h\u00e1 mais de 30 anos.","breadcrumb":{"@id":"https:\/\/www.imopsl.com\/pt-pt\/martelos-furukawa\/#breadcrumb"},"inLanguage":"pt-PT","potentialAction":[{"@type":"ReadAction","target":["https:\/\/www.imopsl.com\/pt-pt\/martelos-furukawa\/"]}]},{"@type":"ImageObject","inLanguage":"pt-PT","@id":"https:\/\/www.imopsl.com\/pt-pt\/martelos-furukawa\/#primaryimage","url":"https:\/\/www.imopsl.com\/wp-content\/uploads\/2023\/09\/martillos-furukawa-feria-683x1024.jpg","contentUrl":"https:\/\/www.imopsl.com\/wp-content\/uploads\/2023\/09\/martillos-furukawa-feria-683x1024.jpg"},{"@type":"BreadcrumbList","@id":"https:\/\/www.imopsl.com\/pt-pt\/martelos-furukawa\/#breadcrumb","itemListElement":[{"@type":"ListItem","position":1,"name":"Portada","item":"https:\/\/www.imopsl.com\/pt-pt\/"},{"@type":"ListItem","position":2,"name":"Martelos Furukawa"}]},{"@type":"WebSite","@id":"https:\/\/www.imopsl.com\/pt-pt\/#website","url":"https:\/\/www.imopsl.com\/pt-pt\/","name":"IMOP","description":"Un mundo de soluciones para maquinaria de obras, construcci\u00f3n y miner\u00eda","publisher":{"@id":"https:\/\/www.imopsl.com\/pt-pt\/#organization"},"alternateName":"IMPORTACI\u00d3N RECAMBIOS O.P., S.L.","potentialAction":[{"@type":"SearchAction","target":{"@type":"EntryPoint","urlTemplate":"https:\/\/www.imopsl.com\/pt-pt\/?s={search_term_string}"},"query-input":{"@type":"PropertyValueSpecification","valueRequired":true,"valueName":"search_term_string"}}],"inLanguage":"pt-PT"},{"@type":"Organization","@id":"https:\/\/www.imopsl.com\/pt-pt\/#organization","name":"IMPORTACI\u00d3N RECAMBIOS O.P., S.L.","alternateName":"IMOP","url":"https:\/\/www.imopsl.com\/pt-pt\/","logo":{"@type":"ImageObject","inLanguage":"pt-PT","@id":"https:\/\/www.imopsl.com\/pt-pt\/#\/schema\/logo\/image\/","url":"https:\/\/www.imopsl.com\/wp-content\/uploads\/2022\/09\/Horizontal-1-scaled.png","contentUrl":"https:\/\/www.imopsl.com\/wp-content\/uploads\/2022\/09\/Horizontal-1-scaled.png","width":2560,"height":652,"caption":"IMPORTACI\u00d3N RECAMBIOS O.P., S.L."},"image":{"@id":"https:\/\/www.imopsl.com\/pt-pt\/#\/schema\/logo\/image\/"},"sameAs":["https:\/\/www.facebook.com\/imopsl?ref=br_rs","https:\/\/x.com\/IMOP_SL","https:\/\/www.flickr.com\/photos\/imopsl","https:\/\/es.foursquare.com\/v\/grupo-imop-sl\/5298b5e7498e79cd740511fe","https:\/\/www.linkedin.com\/company\/importaci\u00f3n-recambios-o-p-s-l-imop-?goback=.nmp_*1_*1_*1_*1_*1_*1_*1_*1_*1_*1_*1&trk=NUS_CO-logo"]}]}},"_links":{"self":[{"href":"https:\/\/www.imopsl.com\/pt-pt\/wp-json\/wp\/v2\/pages\/15658","targetHints":{"allow":["GET"]}}],"collection":[{"href":"https:\/\/www.imopsl.com\/pt-pt\/wp-json\/wp\/v2\/pages"}],"about":[{"href":"https:\/\/www.imopsl.com\/pt-pt\/wp-json\/wp\/v2\/types\/page"}],"author":[{"embeddable":true,"href":"https:\/\/www.imopsl.com\/pt-pt\/wp-json\/wp\/v2\/users\/1"}],"replies":[{"embeddable":true,"href":"https:\/\/www.imopsl.com\/pt-pt\/wp-json\/wp\/v2\/comments?post=15658"}],"version-history":[{"count":0,"href":"https:\/\/www.imopsl.com\/pt-pt\/wp-json\/wp\/v2\/pages\/15658\/revisions"}],"wp:attachment":[{"href":"https:\/\/www.imopsl.com\/pt-pt\/wp-json\/wp\/v2\/media?parent=15658"}],"curies":[{"name":"wp","href":"https:\/\/api.w.org\/{rel}","templated":true}]}}