{"id":15660,"date":"2023-07-16T16:42:24","date_gmt":"2023-07-16T16:42:24","guid":{"rendered":"https:\/\/www.imopsl.com\/martelos-hidraulicos-getco\/"},"modified":"2023-07-16T16:42:24","modified_gmt":"2023-07-16T16:42:24","slug":"martelos-hidraulicos-getco","status":"publish","type":"page","link":"https:\/\/www.imopsl.com\/pt-pt\/martelos-hidraulicos-getco\/","title":{"rendered":"Martelos hidr\u00e1ulicos GETCO"},"content":{"rendered":"<h2>Martelos hidr\u00e1ulicos Getco<\/h2>\n<h3><strong>Pot\u00eancia e durabilidade para um desempenho excecional. <\/strong><em>Pot\u00eancia e durabilidade para uma engenharia e design de excel\u00eancia em cada curso.<\/em><\/h3>\n<p><a href=\"tel:+34918719064\"><br \/>\nDescubra a nossa gama de martelos demolidores Getco<br \/>\n<\/a><\/p>\n<h3>Alta efici\u00eancia<\/h3>\n<p>Os martelos demolidores hidr\u00e1ulicos GETCO foram concebidos para funcionar com a m\u00e1xima efici\u00eancia, reduzindo o tempo de trabalho e os custos operacionais.<\/p>\n<h3>Resist\u00eancia inigual\u00e1vel<\/h3>\n<p>Fabricados com os materiais mais robustos, os martelos GETCO oferecem uma durabilidade excecional, mesmo nas condi\u00e7\u00f5es mais dif\u00edceis.<\/p>\n<h3>Variedade de aplica\u00e7\u00f5es<\/h3>\n<p>Com uma vasta gama de modelos, os martelos demolidores GETCO s\u00e3o vers\u00e1teis e adequados para v\u00e1rias aplica\u00e7\u00f5es em demoli\u00e7\u00e3o, escava\u00e7\u00e3o e muito mais.<\/p>\n<h4>Saiba mais sobre o IMOP e o GETCO<\/h4>\n<p style=\"text-align: justify;\">A IMOP orgulha-se de ser um fornecedor de confian\u00e7a da ind\u00fastria de martelos demolidores hidr\u00e1ulicos. O nosso compromisso incans\u00e1vel com a qualidade e a inova\u00e7\u00e3o permitiu-nos tornarmo-nos um dos principais distribuidores de martelos demolidores hidr\u00e1ulicos GETCO. <\/p>\n<p style=\"text-align: justify;\">Cada martelo demolidor hidr\u00e1ulico GETCO \u00e9 concebido e fabricado para suportar as exig\u00eancias das aplica\u00e7\u00f5es mais severas. Este desempenho superior \u00e9 o resultado da nossa constante inova\u00e7\u00e3o, dos materiais de qualidade e do rigoroso processo de testes. <\/p>\n<p style=\"text-align: justify;\">Os martelos GETCO est\u00e3o dispon\u00edveis para:<\/p>\n<p style=\"text-align: justify;\">Caterpillar, Bobcat, Kubota, John Deere, Takeuchi, JCB, Hitachi, Yanmar, Volvo, Komatsu&#8230;<\/p>\n<p style=\"text-align: justify;\">Se n\u00e3o encontrar a marca que procura, n\u00e3o hesite em contactar-nos. Estamos sempre prontos para o ajudar. <\/p>\n<figure class=\"gallery-item\"><a href=\"https:\/\/www.imopsl.com\/wp-content\/uploads\/2023\/07\/gc-1371-2.jpg\" data-elementor-open-lightbox=\"yes\" data-elementor-lightbox-slideshow=\"baadfe0\" data-elementor-lightbox-title=\"gc-1371-2\" data-e-action-hash=\"#elementor-action%3Aaction%3Dlightbox%26settings%3DeyJpZCI6MTA1NjEsInVybCI6Imh0dHBzOlwvXC93d3cuaW1vcHNsLmNvbVwvd3AtY29udGVudFwvdXBsb2Fkc1wvMjAyM1wvMDdcL2djLTEzNzEtMi5qcGciLCJzbGlkZXNob3ciOiJiYWFkZmUwIn0%3D\"><img decoding=\"async\" src=\"https:\/\/www.imopsl.com\/wp-content\/uploads\/2023\/07\/gc-1371-2-150x150.jpg\" sizes=\"(max-width: 150px) 100vw, 150px\" srcset=\"https:\/\/www.imopsl.com\/wp-content\/uploads\/2023\/07\/gc-1371-2-150x150.jpg 150w, https:\/\/www.imopsl.com\/wp-content\/uploads\/2023\/07\/gc-1371-2-300x300.jpg 300w, https:\/\/www.imopsl.com\/wp-content\/uploads\/2023\/07\/gc-1371-2-768x768.jpg 768w, https:\/\/www.imopsl.com\/wp-content\/uploads\/2023\/07\/gc-1371-2-500x500.jpg 500w, https:\/\/www.imopsl.com\/wp-content\/uploads\/2023\/07\/gc-1371-2-600x600.jpg 600w, https:\/\/www.imopsl.com\/wp-content\/uploads\/2023\/07\/gc-1371-2-100x100.jpg 100w, https:\/\/www.imopsl.com\/wp-content\/uploads\/2023\/07\/gc-1371-2.jpg 1000w\" alt=\"\" width=\"150\" height=\"150\"><\/a><\/figure>\n<figure class=\"gallery-item\"><a href=\"https:\/\/www.imopsl.com\/wp-content\/uploads\/2023\/07\/gc-1371-1.jpg\" data-elementor-open-lightbox=\"yes\" data-elementor-lightbox-slideshow=\"baadfe0\" data-elementor-lightbox-title=\"gc-1371-1\" data-e-action-hash=\"#elementor-action%3Aaction%3Dlightbox%26settings%3DeyJpZCI6MTA1NjAsInVybCI6Imh0dHBzOlwvXC93d3cuaW1vcHNsLmNvbVwvd3AtY29udGVudFwvdXBsb2Fkc1wvMjAyM1wvMDdcL2djLTEzNzEtMS5qcGciLCJzbGlkZXNob3ciOiJiYWFkZmUwIn0%3D\"><img decoding=\"async\" src=\"https:\/\/www.imopsl.com\/wp-content\/uploads\/2023\/07\/gc-1371-1-150x150.jpg\" sizes=\"(max-width: 150px) 100vw, 150px\" srcset=\"https:\/\/www.imopsl.com\/wp-content\/uploads\/2023\/07\/gc-1371-1-150x150.jpg 150w, https:\/\/www.imopsl.com\/wp-content\/uploads\/2023\/07\/gc-1371-1-300x300.jpg 300w, https:\/\/www.imopsl.com\/wp-content\/uploads\/2023\/07\/gc-1371-1-768x768.jpg 768w, https:\/\/www.imopsl.com\/wp-content\/uploads\/2023\/07\/gc-1371-1-500x500.jpg 500w, https:\/\/www.imopsl.com\/wp-content\/uploads\/2023\/07\/gc-1371-1-600x600.jpg 600w, https:\/\/www.imopsl.com\/wp-content\/uploads\/2023\/07\/gc-1371-1-100x100.jpg 100w, https:\/\/www.imopsl.com\/wp-content\/uploads\/2023\/07\/gc-1371-1.jpg 1000w\" alt=\"\" width=\"150\" height=\"150\"><\/a><\/figure>\n<figure class=\"gallery-item\"><a href=\"https:\/\/www.imopsl.com\/wp-content\/uploads\/2023\/07\/GC1007.jpg\" data-elementor-open-lightbox=\"yes\" data-elementor-lightbox-slideshow=\"baadfe0\" data-elementor-lightbox-title=\"GC1007\" data-e-action-hash=\"#elementor-action%3Aaction%3Dlightbox%26settings%3DeyJpZCI6MTA1NTcsInVybCI6Imh0dHBzOlwvXC93d3cuaW1vcHNsLmNvbVwvd3AtY29udGVudFwvdXBsb2Fkc1wvMjAyM1wvMDdcL0dDMTAwNy5qcGciLCJzbGlkZXNob3ciOiJiYWFkZmUwIn0%3D\"><img decoding=\"async\" src=\"https:\/\/www.imopsl.com\/wp-content\/uploads\/2023\/07\/GC1007-150x150.jpg\" sizes=\"(max-width: 150px) 100vw, 150px\" srcset=\"https:\/\/www.imopsl.com\/wp-content\/uploads\/2023\/07\/GC1007-150x150.jpg 150w, https:\/\/www.imopsl.com\/wp-content\/uploads\/2023\/07\/GC1007-300x300.jpg 300w, https:\/\/www.imopsl.com\/wp-content\/uploads\/2023\/07\/GC1007-500x500.jpg 500w, https:\/\/www.imopsl.com\/wp-content\/uploads\/2023\/07\/GC1007-100x100.jpg 100w, https:\/\/www.imopsl.com\/wp-content\/uploads\/2023\/07\/GC1007.jpg 600w\" alt=\"\" width=\"150\" height=\"150\"><\/a><\/figure>\n<figure class=\"gallery-item\"><a href=\"https:\/\/www.imopsl.com\/wp-content\/uploads\/2023\/07\/gc-165-4.jpg\" data-elementor-open-lightbox=\"yes\" data-elementor-lightbox-slideshow=\"baadfe0\" data-elementor-lightbox-title=\"gc-165-4\" data-e-action-hash=\"#elementor-action%3Aaction%3Dlightbox%26settings%3DeyJpZCI6MTA1NDQsInVybCI6Imh0dHBzOlwvXC93d3cuaW1vcHNsLmNvbVwvd3AtY29udGVudFwvdXBsb2Fkc1wvMjAyM1wvMDdcL2djLTE2NS00LmpwZyIsInNsaWRlc2hvdyI6ImJhYWRmZTAifQ%3D%3D\"><img loading=\"lazy\" decoding=\"async\" src=\"https:\/\/www.imopsl.com\/wp-content\/uploads\/2023\/07\/gc-165-4-150x150.jpg\" sizes=\"(max-width: 150px) 100vw, 150px\" srcset=\"https:\/\/www.imopsl.com\/wp-content\/uploads\/2023\/07\/gc-165-4-150x150.jpg 150w, https:\/\/www.imopsl.com\/wp-content\/uploads\/2023\/07\/gc-165-4-300x300.jpg 300w, https:\/\/www.imopsl.com\/wp-content\/uploads\/2023\/07\/gc-165-4-768x768.jpg 768w, https:\/\/www.imopsl.com\/wp-content\/uploads\/2023\/07\/gc-165-4-500x500.jpg 500w, https:\/\/www.imopsl.com\/wp-content\/uploads\/2023\/07\/gc-165-4-600x600.jpg 600w, https:\/\/www.imopsl.com\/wp-content\/uploads\/2023\/07\/gc-165-4-100x100.jpg 100w, https:\/\/www.imopsl.com\/wp-content\/uploads\/2023\/07\/gc-165-4.jpg 1000w\" alt=\"\" width=\"150\" height=\"150\"><\/a><\/figure>\n<figure class=\"gallery-item\"><a href=\"https:\/\/www.imopsl.com\/wp-content\/uploads\/2023\/07\/gc-165-3.jpg\" data-elementor-open-lightbox=\"yes\" data-elementor-lightbox-slideshow=\"baadfe0\" data-elementor-lightbox-title=\"gc-165-3\" data-e-action-hash=\"#elementor-action%3Aaction%3Dlightbox%26settings%3DeyJpZCI6MTA1NDMsInVybCI6Imh0dHBzOlwvXC93d3cuaW1vcHNsLmNvbVwvd3AtY29udGVudFwvdXBsb2Fkc1wvMjAyM1wvMDdcL2djLTE2NS0zLmpwZyIsInNsaWRlc2hvdyI6ImJhYWRmZTAifQ%3D%3D\"><img loading=\"lazy\" decoding=\"async\" src=\"https:\/\/www.imopsl.com\/wp-content\/uploads\/2023\/07\/gc-165-3-150x150.jpg\" sizes=\"(max-width: 150px) 100vw, 150px\" srcset=\"https:\/\/www.imopsl.com\/wp-content\/uploads\/2023\/07\/gc-165-3-150x150.jpg 150w, https:\/\/www.imopsl.com\/wp-content\/uploads\/2023\/07\/gc-165-3-300x300.jpg 300w, https:\/\/www.imopsl.com\/wp-content\/uploads\/2023\/07\/gc-165-3-768x768.jpg 768w, https:\/\/www.imopsl.com\/wp-content\/uploads\/2023\/07\/gc-165-3-500x500.jpg 500w, https:\/\/www.imopsl.com\/wp-content\/uploads\/2023\/07\/gc-165-3-600x600.jpg 600w, https:\/\/www.imopsl.com\/wp-content\/uploads\/2023\/07\/gc-165-3-100x100.jpg 100w, https:\/\/www.imopsl.com\/wp-content\/uploads\/2023\/07\/gc-165-3.jpg 1000w\" alt=\"\" width=\"150\" height=\"150\"><\/a><\/figure>\n<figure class=\"gallery-item\"><a href=\"https:\/\/www.imopsl.com\/wp-content\/uploads\/2023\/07\/GC-300-2.jpg\" data-elementor-open-lightbox=\"yes\" data-elementor-lightbox-slideshow=\"baadfe0\" data-elementor-lightbox-title=\"GC-300-2\" data-e-action-hash=\"#elementor-action%3Aaction%3Dlightbox%26settings%3DeyJpZCI6MTA0ODMsInVybCI6Imh0dHBzOlwvXC93d3cuaW1vcHNsLmNvbVwvd3AtY29udGVudFwvdXBsb2Fkc1wvMjAyM1wvMDdcL0dDLTMwMC0yLmpwZyIsInNsaWRlc2hvdyI6ImJhYWRmZTAifQ%3D%3D\"><img loading=\"lazy\" decoding=\"async\" src=\"https:\/\/www.imopsl.com\/wp-content\/uploads\/2023\/07\/GC-300-2-150x150.jpg\" sizes=\"(max-width: 150px) 100vw, 150px\" srcset=\"https:\/\/www.imopsl.com\/wp-content\/uploads\/2023\/07\/GC-300-2-150x150.jpg 150w, https:\/\/www.imopsl.com\/wp-content\/uploads\/2023\/07\/GC-300-2-300x300.jpg 300w, https:\/\/www.imopsl.com\/wp-content\/uploads\/2023\/07\/GC-300-2-768x768.jpg 768w, https:\/\/www.imopsl.com\/wp-content\/uploads\/2023\/07\/GC-300-2-500x500.jpg 500w, https:\/\/www.imopsl.com\/wp-content\/uploads\/2023\/07\/GC-300-2-600x600.jpg 600w, https:\/\/www.imopsl.com\/wp-content\/uploads\/2023\/07\/GC-300-2-100x100.jpg 100w, https:\/\/www.imopsl.com\/wp-content\/uploads\/2023\/07\/GC-300-2.jpg 1000w\" alt=\"\" width=\"150\" height=\"150\"><\/a><\/figure>\n<figure class=\"gallery-item\"><a href=\"https:\/\/www.imopsl.com\/wp-content\/uploads\/2023\/07\/WEB2.jpg\" data-elementor-open-lightbox=\"yes\" data-elementor-lightbox-slideshow=\"baadfe0\" data-elementor-lightbox-title=\"WEB2\" data-e-action-hash=\"#elementor-action%3Aaction%3Dlightbox%26settings%3DeyJpZCI6MTA1NTUsInVybCI6Imh0dHBzOlwvXC93d3cuaW1vcHNsLmNvbVwvd3AtY29udGVudFwvdXBsb2Fkc1wvMjAyM1wvMDdcL1dFQjIuanBnIiwic2xpZGVzaG93IjoiYmFhZGZlMCJ9\"><img loading=\"lazy\" decoding=\"async\" src=\"https:\/\/www.imopsl.com\/wp-content\/uploads\/2023\/07\/WEB2-150x150.jpg\" sizes=\"(max-width: 150px) 100vw, 150px\" srcset=\"https:\/\/www.imopsl.com\/wp-content\/uploads\/2023\/07\/WEB2-150x150.jpg 150w, https:\/\/www.imopsl.com\/wp-content\/uploads\/2023\/07\/WEB2-300x300.jpg 300w, https:\/\/www.imopsl.com\/wp-content\/uploads\/2023\/07\/WEB2-500x500.jpg 500w, https:\/\/www.imopsl.com\/wp-content\/uploads\/2023\/07\/WEB2-100x100.jpg 100w, https:\/\/www.imopsl.com\/wp-content\/uploads\/2023\/07\/WEB2.jpg 600w\" alt=\"\" width=\"150\" height=\"150\"><\/a><\/figure>\n<h4>As nossas vantagens competitivas<\/h4>\n<h3>Apoio t\u00e9cnico<\/h3>\n<p>Fornecemos um excelente apoio t\u00e9cnico e servi\u00e7o p\u00f3s-venda para garantir que o seu martelo demolidor hidr\u00e1ulico GETCO est\u00e1 sempre nas melhores condi\u00e7\u00f5es.<\/p>\n<h3>Garantia<\/h3>\n<p>Oferecemos uma garantia abrangente para os nossos martelos demolidores hidr\u00e1ulicos GETCO, demonstrando o nosso compromisso com a qualidade e a satisfa\u00e7\u00e3o do cliente.<\/p>\n<h3>Envio r\u00e1pido<\/h3>\n<p>Gra\u00e7as ao nosso eficiente sistema de log\u00edstica, os martelos GETCO podem ser enviados de forma r\u00e1pida e segura para qualquer parte do mundo.<\/p>\n<p><a href=\"tel:+34918719064\">Descubra a nossa gama de martelos demolidores Getco<\/a><\/p>\n<p>Home<\/p>\n","protected":false},"excerpt":{"rendered":"<p>Martelos hidr\u00e1ulicos Getco Pot\u00eancia e durabilidade para um desempenho excecional. Pot\u00eancia e durabilidade para uma engenharia e design de excel\u00eancia em cada curso. Descubra a nossa gama de martelos demolidores Getco Alta efici\u00eancia Os martelos demolidores hidr\u00e1ulicos GETCO foram concebidos para funcionar com a m\u00e1xima efici\u00eancia, reduzindo o tempo de trabalho e os custos operacionais. [&hellip;]<\/p>\n","protected":false},"author":1,"featured_media":0,"parent":0,"menu_order":0,"comment_status":"closed","ping_status":"closed","template":"","meta":{"footnotes":""},"class_list":["post-15660","page","type-page","status-publish","hentry"],"yoast_head":"<!-- This site is optimized with the Yoast SEO plugin v27.2 - https:\/\/yoast.com\/product\/yoast-seo-wordpress\/ -->\n<title>Martelos hidr\u00e1ulicos GETCO | IMOP<\/title>\n<meta name=\"description\" content=\"Descubra os martelos demolidores hidr\u00e1ulicos Getco da IMOP: elevada efici\u00eancia, resist\u00eancia e versatilidade inigual\u00e1veis - melhore o seu desempenho!\" \/>\n<meta name=\"robots\" content=\"index, follow, max-snippet:-1, max-image-preview:large, max-video-preview:-1\" \/>\n<link rel=\"canonical\" href=\"https:\/\/www.imopsl.com\/pt-pt\/martelos-hidraulicos-getco\/\" \/>\n<meta property=\"og:locale\" content=\"pt_PT\" \/>\n<meta property=\"og:type\" content=\"article\" \/>\n<meta property=\"og:title\" content=\"Martelos hidr\u00e1ulicos GETCO | IMOP\" \/>\n<meta property=\"og:description\" content=\"Descubra os martelos demolidores hidr\u00e1ulicos Getco da IMOP: elevada efici\u00eancia, resist\u00eancia e versatilidade inigual\u00e1veis - melhore o seu desempenho!\" \/>\n<meta property=\"og:url\" content=\"https:\/\/www.imopsl.com\/pt-pt\/martelos-hidraulicos-getco\/\" \/>\n<meta property=\"og:site_name\" content=\"IMOP\" \/>\n<meta property=\"article:publisher\" content=\"https:\/\/www.facebook.com\/imopsl?ref=br_rs\" \/>\n<meta property=\"og:image\" content=\"https:\/\/www.imopsl.com\/wp-content\/uploads\/2023\/07\/gc-1371-2-150x150.jpg\" \/>\n<meta name=\"twitter:card\" content=\"summary_large_image\" \/>\n<meta name=\"twitter:site\" content=\"@IMOP_SL\" \/>\n<meta name=\"twitter:label1\" content=\"Tempo estimado de leitura\" \/>\n\t<meta name=\"twitter:data1\" content=\"2 minutos\" \/>\n<script type=\"application\/ld+json\" class=\"yoast-schema-graph\">{\"@context\":\"https:\/\/schema.org\",\"@graph\":[{\"@type\":\"WebPage\",\"@id\":\"https:\/\/www.imopsl.com\/pt-pt\/martelos-hidraulicos-getco\/\",\"url\":\"https:\/\/www.imopsl.com\/pt-pt\/martelos-hidraulicos-getco\/\",\"name\":\"Martelos hidr\u00e1ulicos GETCO | IMOP\",\"isPartOf\":{\"@id\":\"https:\/\/www.imopsl.com\/pt-pt\/#website\"},\"primaryImageOfPage\":{\"@id\":\"https:\/\/www.imopsl.com\/pt-pt\/martelos-hidraulicos-getco\/#primaryimage\"},\"image\":{\"@id\":\"https:\/\/www.imopsl.com\/pt-pt\/martelos-hidraulicos-getco\/#primaryimage\"},\"thumbnailUrl\":\"https:\/\/www.imopsl.com\/wp-content\/uploads\/2023\/07\/gc-1371-2-150x150.jpg\",\"datePublished\":\"2023-07-16T16:42:24+00:00\",\"description\":\"Descubra os martelos demolidores hidr\u00e1ulicos Getco da IMOP: elevada efici\u00eancia, resist\u00eancia e versatilidade inigual\u00e1veis - melhore o seu desempenho!\",\"breadcrumb\":{\"@id\":\"https:\/\/www.imopsl.com\/pt-pt\/martelos-hidraulicos-getco\/#breadcrumb\"},\"inLanguage\":\"pt-PT\",\"potentialAction\":[{\"@type\":\"ReadAction\",\"target\":[\"https:\/\/www.imopsl.com\/pt-pt\/martelos-hidraulicos-getco\/\"]}]},{\"@type\":\"ImageObject\",\"inLanguage\":\"pt-PT\",\"@id\":\"https:\/\/www.imopsl.com\/pt-pt\/martelos-hidraulicos-getco\/#primaryimage\",\"url\":\"https:\/\/www.imopsl.com\/wp-content\/uploads\/2023\/07\/gc-1371-2-150x150.jpg\",\"contentUrl\":\"https:\/\/www.imopsl.com\/wp-content\/uploads\/2023\/07\/gc-1371-2-150x150.jpg\"},{\"@type\":\"BreadcrumbList\",\"@id\":\"https:\/\/www.imopsl.com\/pt-pt\/martelos-hidraulicos-getco\/#breadcrumb\",\"itemListElement\":[{\"@type\":\"ListItem\",\"position\":1,\"name\":\"Portada\",\"item\":\"https:\/\/www.imopsl.com\/pt-pt\/inicio\/\"},{\"@type\":\"ListItem\",\"position\":2,\"name\":\"Martelos hidr\u00e1ulicos GETCO\"}]},{\"@type\":\"WebSite\",\"@id\":\"https:\/\/www.imopsl.com\/pt-pt\/#website\",\"url\":\"https:\/\/www.imopsl.com\/pt-pt\/\",\"name\":\"IMOP\",\"description\":\"Un mundo de soluciones para maquinaria de obras, construcci\u00f3n y miner\u00eda\",\"publisher\":{\"@id\":\"https:\/\/www.imopsl.com\/pt-pt\/#organization\"},\"alternateName\":\"IMPORTACI\u00d3N RECAMBIOS O.P., S.L.\",\"potentialAction\":[{\"@type\":\"SearchAction\",\"target\":{\"@type\":\"EntryPoint\",\"urlTemplate\":\"https:\/\/www.imopsl.com\/pt-pt\/?s={search_term_string}\"},\"query-input\":{\"@type\":\"PropertyValueSpecification\",\"valueRequired\":true,\"valueName\":\"search_term_string\"}}],\"inLanguage\":\"pt-PT\"},{\"@type\":\"Organization\",\"@id\":\"https:\/\/www.imopsl.com\/pt-pt\/#organization\",\"name\":\"IMPORTACI\u00d3N RECAMBIOS O.P., S.L.\",\"alternateName\":\"IMOP\",\"url\":\"https:\/\/www.imopsl.com\/pt-pt\/\",\"logo\":{\"@type\":\"ImageObject\",\"inLanguage\":\"pt-PT\",\"@id\":\"https:\/\/www.imopsl.com\/pt-pt\/#\/schema\/logo\/image\/\",\"url\":\"https:\/\/www.imopsl.com\/wp-content\/uploads\/2022\/09\/Horizontal-1.png\",\"contentUrl\":\"https:\/\/www.imopsl.com\/wp-content\/uploads\/2022\/09\/Horizontal-1.png\",\"width\":2851,\"height\":726,\"caption\":\"IMPORTACI\u00d3N RECAMBIOS O.P., S.L.\"},\"image\":{\"@id\":\"https:\/\/www.imopsl.com\/pt-pt\/#\/schema\/logo\/image\/\"},\"sameAs\":[\"https:\/\/www.facebook.com\/imopsl?ref=br_rs\",\"https:\/\/x.com\/IMOP_SL\",\"https:\/\/www.flickr.com\/photos\/imopsl\",\"https:\/\/es.foursquare.com\/v\/grupo-imop-sl\/5298b5e7498e79cd740511fe\",\"https:\/\/www.linkedin.com\/company\/importaci\u00f3n-recambios-o-p-s-l-imop-?goback=.nmp_*1_*1_*1_*1_*1_*1_*1_*1_*1_*1_*1&trk=NUS_CO-logo\"]}]}<\/script>\n<!-- \/ Yoast SEO plugin. -->","yoast_head_json":{"title":"Martelos hidr\u00e1ulicos GETCO | IMOP","description":"Descubra os martelos demolidores hidr\u00e1ulicos Getco da IMOP: elevada efici\u00eancia, resist\u00eancia e versatilidade inigual\u00e1veis - melhore o seu desempenho!","robots":{"index":"index","follow":"follow","max-snippet":"max-snippet:-1","max-image-preview":"max-image-preview:large","max-video-preview":"max-video-preview:-1"},"canonical":"https:\/\/www.imopsl.com\/pt-pt\/martelos-hidraulicos-getco\/","og_locale":"pt_PT","og_type":"article","og_title":"Martelos hidr\u00e1ulicos GETCO | IMOP","og_description":"Descubra os martelos demolidores hidr\u00e1ulicos Getco da IMOP: elevada efici\u00eancia, resist\u00eancia e versatilidade inigual\u00e1veis - melhore o seu desempenho!","og_url":"https:\/\/www.imopsl.com\/pt-pt\/martelos-hidraulicos-getco\/","og_site_name":"IMOP","article_publisher":"https:\/\/www.facebook.com\/imopsl?ref=br_rs","og_image":[{"url":"https:\/\/www.imopsl.com\/wp-content\/uploads\/2023\/07\/gc-1371-2-150x150.jpg","type":"","width":"","height":""}],"twitter_card":"summary_large_image","twitter_site":"@IMOP_SL","twitter_misc":{"Tempo estimado de leitura":"2 minutos"},"schema":{"@context":"https:\/\/schema.org","@graph":[{"@type":"WebPage","@id":"https:\/\/www.imopsl.com\/pt-pt\/martelos-hidraulicos-getco\/","url":"https:\/\/www.imopsl.com\/pt-pt\/martelos-hidraulicos-getco\/","name":"Martelos hidr\u00e1ulicos GETCO | IMOP","isPartOf":{"@id":"https:\/\/www.imopsl.com\/pt-pt\/#website"},"primaryImageOfPage":{"@id":"https:\/\/www.imopsl.com\/pt-pt\/martelos-hidraulicos-getco\/#primaryimage"},"image":{"@id":"https:\/\/www.imopsl.com\/pt-pt\/martelos-hidraulicos-getco\/#primaryimage"},"thumbnailUrl":"https:\/\/www.imopsl.com\/wp-content\/uploads\/2023\/07\/gc-1371-2-150x150.jpg","datePublished":"2023-07-16T16:42:24+00:00","description":"Descubra os martelos demolidores hidr\u00e1ulicos Getco da IMOP: elevada efici\u00eancia, resist\u00eancia e versatilidade inigual\u00e1veis - melhore o seu desempenho!","breadcrumb":{"@id":"https:\/\/www.imopsl.com\/pt-pt\/martelos-hidraulicos-getco\/#breadcrumb"},"inLanguage":"pt-PT","potentialAction":[{"@type":"ReadAction","target":["https:\/\/www.imopsl.com\/pt-pt\/martelos-hidraulicos-getco\/"]}]},{"@type":"ImageObject","inLanguage":"pt-PT","@id":"https:\/\/www.imopsl.com\/pt-pt\/martelos-hidraulicos-getco\/#primaryimage","url":"https:\/\/www.imopsl.com\/wp-content\/uploads\/2023\/07\/gc-1371-2-150x150.jpg","contentUrl":"https:\/\/www.imopsl.com\/wp-content\/uploads\/2023\/07\/gc-1371-2-150x150.jpg"},{"@type":"BreadcrumbList","@id":"https:\/\/www.imopsl.com\/pt-pt\/martelos-hidraulicos-getco\/#breadcrumb","itemListElement":[{"@type":"ListItem","position":1,"name":"Portada","item":"https:\/\/www.imopsl.com\/pt-pt\/inicio\/"},{"@type":"ListItem","position":2,"name":"Martelos hidr\u00e1ulicos GETCO"}]},{"@type":"WebSite","@id":"https:\/\/www.imopsl.com\/pt-pt\/#website","url":"https:\/\/www.imopsl.com\/pt-pt\/","name":"IMOP","description":"Un mundo de soluciones para maquinaria de obras, construcci\u00f3n y miner\u00eda","publisher":{"@id":"https:\/\/www.imopsl.com\/pt-pt\/#organization"},"alternateName":"IMPORTACI\u00d3N RECAMBIOS O.P., S.L.","potentialAction":[{"@type":"SearchAction","target":{"@type":"EntryPoint","urlTemplate":"https:\/\/www.imopsl.com\/pt-pt\/?s={search_term_string}"},"query-input":{"@type":"PropertyValueSpecification","valueRequired":true,"valueName":"search_term_string"}}],"inLanguage":"pt-PT"},{"@type":"Organization","@id":"https:\/\/www.imopsl.com\/pt-pt\/#organization","name":"IMPORTACI\u00d3N RECAMBIOS O.P., S.L.","alternateName":"IMOP","url":"https:\/\/www.imopsl.com\/pt-pt\/","logo":{"@type":"ImageObject","inLanguage":"pt-PT","@id":"https:\/\/www.imopsl.com\/pt-pt\/#\/schema\/logo\/image\/","url":"https:\/\/www.imopsl.com\/wp-content\/uploads\/2022\/09\/Horizontal-1.png","contentUrl":"https:\/\/www.imopsl.com\/wp-content\/uploads\/2022\/09\/Horizontal-1.png","width":2851,"height":726,"caption":"IMPORTACI\u00d3N RECAMBIOS O.P., S.L."},"image":{"@id":"https:\/\/www.imopsl.com\/pt-pt\/#\/schema\/logo\/image\/"},"sameAs":["https:\/\/www.facebook.com\/imopsl?ref=br_rs","https:\/\/x.com\/IMOP_SL","https:\/\/www.flickr.com\/photos\/imopsl","https:\/\/es.foursquare.com\/v\/grupo-imop-sl\/5298b5e7498e79cd740511fe","https:\/\/www.linkedin.com\/company\/importaci\u00f3n-recambios-o-p-s-l-imop-?goback=.nmp_*1_*1_*1_*1_*1_*1_*1_*1_*1_*1_*1&trk=NUS_CO-logo"]}]}},"_links":{"self":[{"href":"https:\/\/www.imopsl.com\/pt-pt\/wp-json\/wp\/v2\/pages\/15660","targetHints":{"allow":["GET"]}}],"collection":[{"href":"https:\/\/www.imopsl.com\/pt-pt\/wp-json\/wp\/v2\/pages"}],"about":[{"href":"https:\/\/www.imopsl.com\/pt-pt\/wp-json\/wp\/v2\/types\/page"}],"author":[{"embeddable":true,"href":"https:\/\/www.imopsl.com\/pt-pt\/wp-json\/wp\/v2\/users\/1"}],"replies":[{"embeddable":true,"href":"https:\/\/www.imopsl.com\/pt-pt\/wp-json\/wp\/v2\/comments?post=15660"}],"version-history":[{"count":0,"href":"https:\/\/www.imopsl.com\/pt-pt\/wp-json\/wp\/v2\/pages\/15660\/revisions"}],"wp:attachment":[{"href":"https:\/\/www.imopsl.com\/pt-pt\/wp-json\/wp\/v2\/media?parent=15660"}],"curies":[{"name":"wp","href":"https:\/\/api.w.org\/{rel}","templated":true}]}}