{"id":15670,"date":"2023-03-13T16:24:42","date_gmt":"2023-03-13T16:24:42","guid":{"rendered":"https:\/\/www.imopsl.com\/politica-de-cookies\/"},"modified":"2026-01-16T11:01:56","modified_gmt":"2026-01-16T11:01:56","slug":"politica-de-cookies","status":"publish","type":"page","link":"https:\/\/www.imopsl.com\/pt-pt\/politica-de-cookies\/","title":{"rendered":"Pol\u00edtica de cookies"},"content":{"rendered":"\t\t<div data-elementor-type=\"wp-page\" data-elementor-id=\"15670\" class=\"elementor elementor-15670 elementor-3427\" data-elementor-post-type=\"page\">\n\t\t\t\t<div class=\"elementor-element elementor-element-1f5920e6 e-flex e-con-boxed e-con e-parent\" data-id=\"1f5920e6\" data-element_type=\"container\" data-e-type=\"container\">\n\t\t\t\t\t<div class=\"e-con-inner\">\n\t\t\t\t<div class=\"elementor-element elementor-element-2155397a elementor-widget elementor-widget-heading\" data-id=\"2155397a\" data-element_type=\"widget\" data-e-type=\"widget\" data-widget_type=\"heading.default\">\n\t\t\t\t\t<h1 class=\"elementor-heading-title elementor-size-default\">Pol\u00edticas de Cookies<\/h1>\t\t\t\t<\/div>\n\t\t\t\t<div class=\"elementor-element elementor-element-4b05a44 elementor-toc--minimized-on-tablet elementor-widget elementor-widget-table-of-contents\" data-id=\"4b05a44\" data-element_type=\"widget\" data-e-type=\"widget\" data-settings=\"{&quot;exclude_headings_by_selector&quot;:[],&quot;no_headings_message&quot;:&quot;No se ha encontrado ning\\u00fan encabezado en esta p\\u00e1gina.&quot;,&quot;headings_by_tags&quot;:[&quot;h2&quot;,&quot;h3&quot;,&quot;h4&quot;,&quot;h5&quot;,&quot;h6&quot;],&quot;marker_view&quot;:&quot;numbers&quot;,&quot;minimize_box&quot;:&quot;yes&quot;,&quot;minimized_on&quot;:&quot;tablet&quot;,&quot;hierarchical_view&quot;:&quot;yes&quot;,&quot;min_height&quot;:{&quot;unit&quot;:&quot;px&quot;,&quot;size&quot;:&quot;&quot;,&quot;sizes&quot;:[]},&quot;min_height_tablet&quot;:{&quot;unit&quot;:&quot;px&quot;,&quot;size&quot;:&quot;&quot;,&quot;sizes&quot;:[]},&quot;min_height_mobile&quot;:{&quot;unit&quot;:&quot;px&quot;,&quot;size&quot;:&quot;&quot;,&quot;sizes&quot;:[]}}\" data-widget_type=\"table-of-contents.default\">\n\t\t\t\t\t\t\t\t\t<div class=\"elementor-toc__header\">\n\t\t\t\t\t\t<div class=\"elementor-toc__header-title\">\n\t\t\t\tPol\u00edticas de Cookies\t\t\t<\/div>\n\t\t\t\t\t\t\t\t\t\t<div class=\"elementor-toc__toggle-button elementor-toc__toggle-button--expand\" role=\"button\" tabindex=\"0\" aria-controls=\"elementor-toc__4b05a44\" aria-expanded=\"true\" aria-label=\"Open table of contents\"><svg aria-hidden=\"true\" class=\"e-font-icon-svg e-fas-chevron-down\" viewBox=\"0 0 448 512\" xmlns=\"http:\/\/www.w3.org\/2000\/svg\"><path d=\"M207.029 381.476L12.686 187.132c-9.373-9.373-9.373-24.569 0-33.941l22.667-22.667c9.357-9.357 24.522-9.375 33.901-.04L224 284.505l154.745-154.021c9.379-9.335 24.544-9.317 33.901.04l22.667 22.667c9.373 9.373 9.373 24.569 0 33.941L240.971 381.476c-9.373 9.372-24.569 9.372-33.942 0z\"><\/path><\/svg><\/div>\n\t\t\t\t<div class=\"elementor-toc__toggle-button elementor-toc__toggle-button--collapse\" role=\"button\" tabindex=\"0\" aria-controls=\"elementor-toc__4b05a44\" aria-expanded=\"true\" aria-label=\"Close table of contents\"><svg aria-hidden=\"true\" class=\"e-font-icon-svg e-fas-chevron-up\" viewBox=\"0 0 448 512\" xmlns=\"http:\/\/www.w3.org\/2000\/svg\"><path d=\"M240.971 130.524l194.343 194.343c9.373 9.373 9.373 24.569 0 33.941l-22.667 22.667c-9.357 9.357-24.522 9.375-33.901.04L224 227.495 69.255 381.516c-9.379 9.335-24.544 9.317-33.901-.04l-22.667-22.667c-9.373-9.373-9.373-24.569 0-33.941L207.03 130.525c9.372-9.373 24.568-9.373 33.941-.001z\"><\/path><\/svg><\/div>\n\t\t\t\t\t<\/div>\n\t\t\t\t<div id=\"elementor-toc__4b05a44\" class=\"elementor-toc__body\">\n\t\t\t<div class=\"elementor-toc__spinner-container\">\n\t\t\t\t<svg class=\"elementor-toc__spinner eicon-animation-spin e-font-icon-svg e-eicon-loading\" aria-hidden=\"true\" viewBox=\"0 0 1000 1000\" xmlns=\"http:\/\/www.w3.org\/2000\/svg\"><path d=\"M500 975V858C696 858 858 696 858 500S696 142 500 142 142 304 142 500H25C25 237 238 25 500 25S975 237 975 500 763 975 500 975Z\"><\/path><\/svg>\t\t\t<\/div>\n\t\t<\/div>\n\t\t\t\t\t\t<\/div>\n\t\t\t\t<div class=\"elementor-element elementor-element-7bac72d0 elementor-widget elementor-widget-text-editor\" data-id=\"7bac72d0\" data-element_type=\"widget\" data-e-type=\"widget\" data-widget_type=\"text-editor.default\">\n\t\t\t\t\t\t\t\t\t<p>Neste s\u00edtio Web, a IMOP recolhe e utiliza informa\u00e7\u00f5es tal como descrito na nossa<br><a href=\"https:\/\/www.imopsl.com\/pt-pt\/politica-de-privacidade\/\">Pol\u00edtica de privacidade<\/a>. Uma das formas de recolher informa\u00e7\u00f5es \u00e9 atrav\u00e9s da utiliza\u00e7\u00e3o de cookies. Os cookies s\u00e3o pequenos ficheiros de texto que s\u00e3o armazenados no seu browser (como o Google Chrome ou o Mozilla Firefox) quando visita s\u00edtios Web. N\u00e3o s\u00e3o v\u00edrus nem malware e n\u00e3o acedem a informa\u00e7\u00f5es sens\u00edveis, como palavras-passe, contas banc\u00e1rias ou fotografias pessoais. No nosso s\u00edtio, utilizamos cookies e tecnologias semelhantes para proporcionar uma melhor experi\u00eancia ao utilizador, manter a seguran\u00e7a, analisar o tr\u00e1fego e personalizar o conte\u00fado e os an\u00fancios.<\/p>\t\t\t\t\t\t\t\t<\/div>\n\t\t\t\t<div class=\"elementor-element elementor-element-79be92ee elementor-widget elementor-widget-heading\" data-id=\"79be92ee\" data-element_type=\"widget\" data-e-type=\"widget\" data-widget_type=\"heading.default\">\n\t\t\t\t\t<h2 class=\"elementor-heading-title elementor-size-default\">Tipos de cookies utilizados neste s\u00edtio<\/h2>\t\t\t\t<\/div>\n\t\t\t\t<div class=\"elementor-element elementor-element-2f830669 elementor-widget elementor-widget-text-editor\" data-id=\"2f830669\" data-element_type=\"widget\" data-e-type=\"widget\" data-widget_type=\"text-editor.default\">\n\t\t\t\t\t\t\t\t\t<ul><li><strong>Cookies necess\u00e1rios:<\/strong> essenciais para o funcionamento do s\u00edtio Web. Ej.: <code>wpEmojiSettingsSupports<\/code>.<\/li><li><strong>Cookies funcionais:<\/strong> permitem recordar defini\u00e7\u00f5es como a l\u00edngua selecionada ou as prefer\u00eancias do leitor de v\u00eddeo. Ej.: <code>wp-wpml_current_language<\/code>, <code>yt-remote-device-id<\/code>.<\/li><li><strong>Cookies anal\u00edticos:<\/strong> recolhem informa\u00e7\u00f5es sobre a intera\u00e7\u00e3o com o s\u00edtio Web para nos ajudar a melhor\u00e1-lo. S\u00f3 s\u00e3o activados se o utilizador der o seu consentimento expresso. Ej.: <code>_ga<\/code>, <code>sbjs_session<\/code>.<\/li><li><strong>Cookies de publicidade<\/strong>: permitem a apresenta\u00e7\u00e3o de an\u00fancios personalizados e a realiza\u00e7\u00e3o de remarketing. S\u00f3 s\u00e3o activados se o utilizador der o seu consentimento expresso. Ej.: <code>YSC<\/code>, <code>VISITOR_INFO1_LIVE<\/code>.<\/li><li><strong>Cookies n\u00e3o classificados:<\/strong> cookies detectados cuja finalidade ainda n\u00e3o foi classificada. Ej.: <code>commercekit-nonce-value<\/code>, <code>__Secure-ROLLOUT_TOKEN<\/code>.<\/li><\/ul>\t\t\t\t\t\t\t\t<\/div>\n\t\t\t\t<div class=\"elementor-element elementor-element-19131aef elementor-widget elementor-widget-heading\" data-id=\"19131aef\" data-element_type=\"widget\" data-e-type=\"widget\" data-widget_type=\"heading.default\">\n\t\t\t\t\t<h2 class=\"elementor-heading-title elementor-size-default\">Cookies propriet\u00e1rios e de terceiros<\/h2>\t\t\t\t<\/div>\n\t\t\t\t<div class=\"elementor-element elementor-element-60e22e35 elementor-widget elementor-widget-text-editor\" data-id=\"60e22e35\" data-element_type=\"widget\" data-e-type=\"widget\" data-widget_type=\"text-editor.default\">\n\t\t\t\t\t\t\t\t\t<ul><li><strong>Cookies pr\u00f3prios:<\/strong> gerados diretamente pelo s\u00edtio Web imopsl.com e utilizados principalmente para recordar as prefer\u00eancias do utilizador ou as funcionalidades b\u00e1sicas.<\/li><li><strong>Cookies de terceiros:<\/strong> gerados por servi\u00e7os externos como o Google Analytics, YouTube ou Sourcebuster, utilizados para estat\u00edsticas, publicidade ou conte\u00fados incorporados.<\/li><\/ul>\t\t\t\t\t\t\t\t<\/div>\n\t\t\t\t<div class=\"elementor-element elementor-element-6f769307 elementor-widget elementor-widget-heading\" data-id=\"6f769307\" data-element_type=\"widget\" data-e-type=\"widget\" data-widget_type=\"heading.default\">\n\t\t\t\t\t<h2 class=\"elementor-heading-title elementor-size-default\">Gest\u00e3o do consentimento de cookies<\/h2>\t\t\t\t<\/div>\n\t\t\t\t<div class=\"elementor-element elementor-element-46e00269 elementor-widget elementor-widget-text-editor\" data-id=\"46e00269\" data-element_type=\"widget\" data-e-type=\"widget\" data-widget_type=\"text-editor.default\">\n\t\t\t\t\t\t\t\t\t<p>O nosso s\u00edtio utiliza uma solu\u00e7\u00e3o personalizada de gest\u00e3o do consentimento compat\u00edvel com o <strong>Google Consent Mode V2<\/strong>. Antes de instalar cookies anal\u00edticos ou publicit\u00e1rios, pedimos o seu consentimento expl\u00edcito. Estas prefer\u00eancias s\u00e3o armazenadas localmente no seu browser atrav\u00e9s de <code>localStorage<\/code> e podem ser alteradas em qualquer altura atrav\u00e9s do bot\u00e3o \u201cDefini\u00e7\u00f5es de cookies\u201d.<\/p><p>Pode optar por aceitar todos os cookies, rejeitar todos os cookies ou definir as categorias que permite. Pode alterar o seu consentimento em qualquer altura, acedendo ao painel de defini\u00e7\u00f5es na parte inferior do s\u00edtio, depois de limpar o armazenamento local do seu navegador.<\/p><p>Esta implementa\u00e7\u00e3o garante que as etiquetas do Google Analytics, Google Ads e tecnologias semelhantes n\u00e3o s\u00e3o activadas at\u00e9 que seja dado o consentimento expl\u00edcito, em conformidade com o RGPD e as diretrizes da Ag\u00eancia Espanhola de Prote\u00e7\u00e3o de Dados.<\/p>\t\t\t\t\t\t\t\t<\/div>\n\t\t\t\t<div class=\"elementor-element elementor-element-1ef3bb5d elementor-widget elementor-widget-heading\" data-id=\"1ef3bb5d\" data-element_type=\"widget\" data-e-type=\"widget\" data-widget_type=\"heading.default\">\n\t\t\t\t\t<h2 class=\"elementor-heading-title elementor-size-default\">Elimina\u00e7\u00e3o manual de cookies<\/h2>\t\t\t\t<\/div>\n\t\t\t\t<div class=\"elementor-element elementor-element-289f2605 elementor-widget elementor-widget-text-editor\" data-id=\"289f2605\" data-element_type=\"widget\" data-e-type=\"widget\" data-widget_type=\"text-editor.default\">\n\t\t\t\t\t\t\t\t\t<p>Pode apagar ou bloquear os cookies nas defini\u00e7\u00f5es do seu browser. Para mais informa\u00e7\u00f5es, consultar:<\/p><ul><li><a href=\"https:\/\/www.aepd.es\/es\/documento\/guia-cookies.pdf\" target=\"_blank\" rel=\"noopener\">Guia sobre a utiliza\u00e7\u00e3o de cookies<\/a> &#8211; Ag\u00eancia Espanhola de Prote\u00e7\u00e3o de Dados.<\/li><li><a href=\"http:\/\/www.aboutcookies.org\/\" target=\"_blank\" rel=\"noopener\">www.aboutcookies.org<\/a> &#8211; Informa\u00e7\u00f5es gerais sobre cookies.<\/li><\/ul>\t\t\t\t\t\t\t\t<\/div>\n\t\t\t\t<div class=\"elementor-element elementor-element-7f60a563 elementor-widget elementor-widget-text-editor\" data-id=\"7f60a563\" data-element_type=\"widget\" data-e-type=\"widget\" data-widget_type=\"text-editor.default\">\n\t\t\t\t\t\t\t\t\t<p><em>Esta pol\u00edtica de cookies foi atualizada pela \u00faltima vez em 26\/11\/2025.<\/em><\/p>\t\t\t\t\t\t\t\t<\/div>\n\t\t\t\t\t<\/div>\n\t\t\t\t<\/div>\n\t\t\t\t<\/div>\n\t\t","protected":false},"excerpt":{"rendered":"<p>Pol\u00edticas de Cookies Pol\u00edticas de Cookies Neste s\u00edtio Web, a IMOP recolhe e utiliza informa\u00e7\u00f5es tal como descrito na nossaPol\u00edtica de privacidade. Uma das formas de recolher informa\u00e7\u00f5es \u00e9 atrav\u00e9s da utiliza\u00e7\u00e3o de cookies. Os cookies s\u00e3o pequenos ficheiros de texto que s\u00e3o armazenados no seu browser (como o Google Chrome ou o Mozilla Firefox) [&hellip;]<\/p>\n","protected":false},"author":1,"featured_media":0,"parent":0,"menu_order":0,"comment_status":"closed","ping_status":"closed","template":"","meta":{"footnotes":""},"class_list":["post-15670","page","type-page","status-publish","hentry"],"yoast_head":"<!-- This site is optimized with the Yoast SEO plugin v27.2 - https:\/\/yoast.com\/product\/yoast-seo-wordpress\/ -->\n<title>Pol\u00edtica de cookies | IMOP<\/title>\n<meta name=\"description\" content=\"A IMOP utiliza cookies t\u00e9cnicos, anal\u00edticos e publicit\u00e1rios para melhorar a experi\u00eancia de navega\u00e7\u00e3o e oferecer conte\u00fados personalizados no s\u00edtio Web.\" \/>\n<meta name=\"robots\" content=\"index, follow, max-snippet:-1, max-image-preview:large, max-video-preview:-1\" \/>\n<link rel=\"canonical\" href=\"https:\/\/www.imopsl.com\/pt-pt\/politica-de-cookies\/\" \/>\n<meta property=\"og:locale\" content=\"pt_PT\" \/>\n<meta property=\"og:type\" content=\"article\" \/>\n<meta property=\"og:title\" content=\"Pol\u00edtica de cookies | IMOP\" \/>\n<meta property=\"og:description\" content=\"A IMOP utiliza cookies t\u00e9cnicos, anal\u00edticos e publicit\u00e1rios para melhorar a experi\u00eancia de navega\u00e7\u00e3o e oferecer conte\u00fados personalizados no s\u00edtio Web.\" \/>\n<meta property=\"og:url\" content=\"https:\/\/www.imopsl.com\/pt-pt\/politica-de-cookies\/\" \/>\n<meta property=\"og:site_name\" content=\"IMOP\" \/>\n<meta property=\"article:publisher\" content=\"https:\/\/www.facebook.com\/imopsl?ref=br_rs\" \/>\n<meta property=\"article:modified_time\" content=\"2026-01-16T11:01:56+00:00\" \/>\n<meta name=\"twitter:card\" content=\"summary_large_image\" \/>\n<meta name=\"twitter:site\" content=\"@IMOP_SL\" \/>\n<meta name=\"twitter:label1\" content=\"Tempo estimado de leitura\" \/>\n\t<meta name=\"twitter:data1\" content=\"3 minutos\" \/>\n<script type=\"application\/ld+json\" class=\"yoast-schema-graph\">{\"@context\":\"https:\/\/schema.org\",\"@graph\":[{\"@type\":\"WebPage\",\"@id\":\"https:\/\/www.imopsl.com\/pt-pt\/politica-de-cookies\/\",\"url\":\"https:\/\/www.imopsl.com\/pt-pt\/politica-de-cookies\/\",\"name\":\"Pol\u00edtica de cookies | IMOP\",\"isPartOf\":{\"@id\":\"https:\/\/www.imopsl.com\/pt-pt\/#website\"},\"datePublished\":\"2023-03-13T16:24:42+00:00\",\"dateModified\":\"2026-01-16T11:01:56+00:00\",\"description\":\"A IMOP utiliza cookies t\u00e9cnicos, anal\u00edticos e publicit\u00e1rios para melhorar a experi\u00eancia de navega\u00e7\u00e3o e oferecer conte\u00fados personalizados no s\u00edtio Web.\",\"breadcrumb\":{\"@id\":\"https:\/\/www.imopsl.com\/pt-pt\/politica-de-cookies\/#breadcrumb\"},\"inLanguage\":\"pt-PT\",\"potentialAction\":[{\"@type\":\"ReadAction\",\"target\":[\"https:\/\/www.imopsl.com\/pt-pt\/politica-de-cookies\/\"]}]},{\"@type\":\"BreadcrumbList\",\"@id\":\"https:\/\/www.imopsl.com\/pt-pt\/politica-de-cookies\/#breadcrumb\",\"itemListElement\":[{\"@type\":\"ListItem\",\"position\":1,\"name\":\"Portada\",\"item\":\"https:\/\/www.imopsl.com\/pt-pt\/\"},{\"@type\":\"ListItem\",\"position\":2,\"name\":\"Pol\u00edtica de cookies\"}]},{\"@type\":\"WebSite\",\"@id\":\"https:\/\/www.imopsl.com\/pt-pt\/#website\",\"url\":\"https:\/\/www.imopsl.com\/pt-pt\/\",\"name\":\"IMOP\",\"description\":\"Un mundo de soluciones para maquinaria de obras, construcci\u00f3n y miner\u00eda\",\"publisher\":{\"@id\":\"https:\/\/www.imopsl.com\/pt-pt\/#organization\"},\"alternateName\":\"IMPORTACI\u00d3N RECAMBIOS O.P., S.L.\",\"potentialAction\":[{\"@type\":\"SearchAction\",\"target\":{\"@type\":\"EntryPoint\",\"urlTemplate\":\"https:\/\/www.imopsl.com\/pt-pt\/?s={search_term_string}\"},\"query-input\":{\"@type\":\"PropertyValueSpecification\",\"valueRequired\":true,\"valueName\":\"search_term_string\"}}],\"inLanguage\":\"pt-PT\"},{\"@type\":\"Organization\",\"@id\":\"https:\/\/www.imopsl.com\/pt-pt\/#organization\",\"name\":\"IMPORTACI\u00d3N RECAMBIOS O.P., S.L.\",\"alternateName\":\"IMOP\",\"url\":\"https:\/\/www.imopsl.com\/pt-pt\/\",\"logo\":{\"@type\":\"ImageObject\",\"inLanguage\":\"pt-PT\",\"@id\":\"https:\/\/www.imopsl.com\/pt-pt\/#\/schema\/logo\/image\/\",\"url\":\"https:\/\/www.imopsl.com\/wp-content\/uploads\/2022\/09\/Horizontal-1.png\",\"contentUrl\":\"https:\/\/www.imopsl.com\/wp-content\/uploads\/2022\/09\/Horizontal-1.png\",\"width\":2851,\"height\":726,\"caption\":\"IMPORTACI\u00d3N RECAMBIOS O.P., S.L.\"},\"image\":{\"@id\":\"https:\/\/www.imopsl.com\/pt-pt\/#\/schema\/logo\/image\/\"},\"sameAs\":[\"https:\/\/www.facebook.com\/imopsl?ref=br_rs\",\"https:\/\/x.com\/IMOP_SL\",\"https:\/\/www.flickr.com\/photos\/imopsl\",\"https:\/\/es.foursquare.com\/v\/grupo-imop-sl\/5298b5e7498e79cd740511fe\",\"https:\/\/www.linkedin.com\/company\/importaci\u00f3n-recambios-o-p-s-l-imop-?goback=.nmp_*1_*1_*1_*1_*1_*1_*1_*1_*1_*1_*1&trk=NUS_CO-logo\"]}]}<\/script>\n<!-- \/ Yoast SEO plugin. -->","yoast_head_json":{"title":"Pol\u00edtica de cookies | IMOP","description":"A IMOP utiliza cookies t\u00e9cnicos, anal\u00edticos e publicit\u00e1rios para melhorar a experi\u00eancia de navega\u00e7\u00e3o e oferecer conte\u00fados personalizados no s\u00edtio Web.","robots":{"index":"index","follow":"follow","max-snippet":"max-snippet:-1","max-image-preview":"max-image-preview:large","max-video-preview":"max-video-preview:-1"},"canonical":"https:\/\/www.imopsl.com\/pt-pt\/politica-de-cookies\/","og_locale":"pt_PT","og_type":"article","og_title":"Pol\u00edtica de cookies | IMOP","og_description":"A IMOP utiliza cookies t\u00e9cnicos, anal\u00edticos e publicit\u00e1rios para melhorar a experi\u00eancia de navega\u00e7\u00e3o e oferecer conte\u00fados personalizados no s\u00edtio Web.","og_url":"https:\/\/www.imopsl.com\/pt-pt\/politica-de-cookies\/","og_site_name":"IMOP","article_publisher":"https:\/\/www.facebook.com\/imopsl?ref=br_rs","article_modified_time":"2026-01-16T11:01:56+00:00","twitter_card":"summary_large_image","twitter_site":"@IMOP_SL","twitter_misc":{"Tempo estimado de leitura":"3 minutos"},"schema":{"@context":"https:\/\/schema.org","@graph":[{"@type":"WebPage","@id":"https:\/\/www.imopsl.com\/pt-pt\/politica-de-cookies\/","url":"https:\/\/www.imopsl.com\/pt-pt\/politica-de-cookies\/","name":"Pol\u00edtica de cookies | IMOP","isPartOf":{"@id":"https:\/\/www.imopsl.com\/pt-pt\/#website"},"datePublished":"2023-03-13T16:24:42+00:00","dateModified":"2026-01-16T11:01:56+00:00","description":"A IMOP utiliza cookies t\u00e9cnicos, anal\u00edticos e publicit\u00e1rios para melhorar a experi\u00eancia de navega\u00e7\u00e3o e oferecer conte\u00fados personalizados no s\u00edtio Web.","breadcrumb":{"@id":"https:\/\/www.imopsl.com\/pt-pt\/politica-de-cookies\/#breadcrumb"},"inLanguage":"pt-PT","potentialAction":[{"@type":"ReadAction","target":["https:\/\/www.imopsl.com\/pt-pt\/politica-de-cookies\/"]}]},{"@type":"BreadcrumbList","@id":"https:\/\/www.imopsl.com\/pt-pt\/politica-de-cookies\/#breadcrumb","itemListElement":[{"@type":"ListItem","position":1,"name":"Portada","item":"https:\/\/www.imopsl.com\/pt-pt\/"},{"@type":"ListItem","position":2,"name":"Pol\u00edtica de cookies"}]},{"@type":"WebSite","@id":"https:\/\/www.imopsl.com\/pt-pt\/#website","url":"https:\/\/www.imopsl.com\/pt-pt\/","name":"IMOP","description":"Un mundo de soluciones para maquinaria de obras, construcci\u00f3n y miner\u00eda","publisher":{"@id":"https:\/\/www.imopsl.com\/pt-pt\/#organization"},"alternateName":"IMPORTACI\u00d3N RECAMBIOS O.P., S.L.","potentialAction":[{"@type":"SearchAction","target":{"@type":"EntryPoint","urlTemplate":"https:\/\/www.imopsl.com\/pt-pt\/?s={search_term_string}"},"query-input":{"@type":"PropertyValueSpecification","valueRequired":true,"valueName":"search_term_string"}}],"inLanguage":"pt-PT"},{"@type":"Organization","@id":"https:\/\/www.imopsl.com\/pt-pt\/#organization","name":"IMPORTACI\u00d3N RECAMBIOS O.P., S.L.","alternateName":"IMOP","url":"https:\/\/www.imopsl.com\/pt-pt\/","logo":{"@type":"ImageObject","inLanguage":"pt-PT","@id":"https:\/\/www.imopsl.com\/pt-pt\/#\/schema\/logo\/image\/","url":"https:\/\/www.imopsl.com\/wp-content\/uploads\/2022\/09\/Horizontal-1.png","contentUrl":"https:\/\/www.imopsl.com\/wp-content\/uploads\/2022\/09\/Horizontal-1.png","width":2851,"height":726,"caption":"IMPORTACI\u00d3N RECAMBIOS O.P., S.L."},"image":{"@id":"https:\/\/www.imopsl.com\/pt-pt\/#\/schema\/logo\/image\/"},"sameAs":["https:\/\/www.facebook.com\/imopsl?ref=br_rs","https:\/\/x.com\/IMOP_SL","https:\/\/www.flickr.com\/photos\/imopsl","https:\/\/es.foursquare.com\/v\/grupo-imop-sl\/5298b5e7498e79cd740511fe","https:\/\/www.linkedin.com\/company\/importaci\u00f3n-recambios-o-p-s-l-imop-?goback=.nmp_*1_*1_*1_*1_*1_*1_*1_*1_*1_*1_*1&trk=NUS_CO-logo"]}]}},"_links":{"self":[{"href":"https:\/\/www.imopsl.com\/pt-pt\/wp-json\/wp\/v2\/pages\/15670","targetHints":{"allow":["GET"]}}],"collection":[{"href":"https:\/\/www.imopsl.com\/pt-pt\/wp-json\/wp\/v2\/pages"}],"about":[{"href":"https:\/\/www.imopsl.com\/pt-pt\/wp-json\/wp\/v2\/types\/page"}],"author":[{"embeddable":true,"href":"https:\/\/www.imopsl.com\/pt-pt\/wp-json\/wp\/v2\/users\/1"}],"replies":[{"embeddable":true,"href":"https:\/\/www.imopsl.com\/pt-pt\/wp-json\/wp\/v2\/comments?post=15670"}],"version-history":[{"count":2,"href":"https:\/\/www.imopsl.com\/pt-pt\/wp-json\/wp\/v2\/pages\/15670\/revisions"}],"predecessor-version":[{"id":16695,"href":"https:\/\/www.imopsl.com\/pt-pt\/wp-json\/wp\/v2\/pages\/15670\/revisions\/16695"}],"wp:attachment":[{"href":"https:\/\/www.imopsl.com\/pt-pt\/wp-json\/wp\/v2\/media?parent=15670"}],"curies":[{"name":"wp","href":"https:\/\/api.w.org\/{rel}","templated":true}]}}