{"id":16823,"date":"2023-03-13T16:19:00","date_gmt":"2023-03-13T16:19:00","guid":{"rendered":"https:\/\/www.imopsl.com\/aviso-legal\/"},"modified":"2026-01-29T18:40:30","modified_gmt":"2026-01-29T18:40:30","slug":"aviso-legal","status":"publish","type":"page","link":"https:\/\/www.imopsl.com\/pt-pt\/aviso-legal\/","title":{"rendered":"Aviso legal"},"content":{"rendered":"\t\t<div data-elementor-type=\"wp-page\" data-elementor-id=\"16823\" class=\"elementor elementor-16823 elementor-3418\" data-elementor-post-type=\"page\">\n\t\t\t\t<div class=\"elementor-element elementor-element-6850b19 e-flex e-con-boxed e-con e-parent\" data-id=\"6850b19\" data-element_type=\"container\" data-e-type=\"container\">\n\t\t\t\t\t<div class=\"e-con-inner\">\n\t\t\t\t<div class=\"elementor-element elementor-element-21cd3dae elementor-widget elementor-widget-heading\" data-id=\"21cd3dae\" data-element_type=\"widget\" data-e-type=\"widget\" data-widget_type=\"heading.default\">\n\t\t\t\t\t<h1 class=\"elementor-heading-title elementor-size-default\">Aviso Legal<\/h1>\t\t\t\t<\/div>\n\t\t\t\t<div class=\"elementor-element elementor-element-6b0889cb elementor-toc--minimized-on-tablet elementor-widget elementor-widget-table-of-contents\" data-id=\"6b0889cb\" data-element_type=\"widget\" data-e-type=\"widget\" data-settings=\"{&quot;exclude_headings_by_selector&quot;:[],&quot;no_headings_message&quot;:&quot;No se ha encontrado ning\\u00fan encabezado en esta p\\u00e1gina.&quot;,&quot;headings_by_tags&quot;:[&quot;h2&quot;,&quot;h3&quot;,&quot;h4&quot;,&quot;h5&quot;,&quot;h6&quot;],&quot;marker_view&quot;:&quot;numbers&quot;,&quot;minimize_box&quot;:&quot;yes&quot;,&quot;minimized_on&quot;:&quot;tablet&quot;,&quot;hierarchical_view&quot;:&quot;yes&quot;,&quot;min_height&quot;:{&quot;unit&quot;:&quot;px&quot;,&quot;size&quot;:&quot;&quot;,&quot;sizes&quot;:[]},&quot;min_height_tablet&quot;:{&quot;unit&quot;:&quot;px&quot;,&quot;size&quot;:&quot;&quot;,&quot;sizes&quot;:[]},&quot;min_height_mobile&quot;:{&quot;unit&quot;:&quot;px&quot;,&quot;size&quot;:&quot;&quot;,&quot;sizes&quot;:[]}}\" data-widget_type=\"table-of-contents.default\">\n\t\t\t\t\t\t\t\t\t<div class=\"elementor-toc__header\">\n\t\t\t\t\t\t<div class=\"elementor-toc__header-title\">\n\t\t\t\tAviso Legal\t\t\t<\/div>\n\t\t\t\t\t\t\t\t\t\t<div class=\"elementor-toc__toggle-button elementor-toc__toggle-button--expand\" role=\"button\" tabindex=\"0\" aria-controls=\"elementor-toc__6b0889cb\" aria-expanded=\"true\" aria-label=\"Open table of contents\"><svg aria-hidden=\"true\" class=\"e-font-icon-svg e-fas-chevron-down\" viewBox=\"0 0 448 512\" xmlns=\"http:\/\/www.w3.org\/2000\/svg\"><path d=\"M207.029 381.476L12.686 187.132c-9.373-9.373-9.373-24.569 0-33.941l22.667-22.667c9.357-9.357 24.522-9.375 33.901-.04L224 284.505l154.745-154.021c9.379-9.335 24.544-9.317 33.901.04l22.667 22.667c9.373 9.373 9.373 24.569 0 33.941L240.971 381.476c-9.373 9.372-24.569 9.372-33.942 0z\"><\/path><\/svg><\/div>\n\t\t\t\t<div class=\"elementor-toc__toggle-button elementor-toc__toggle-button--collapse\" role=\"button\" tabindex=\"0\" aria-controls=\"elementor-toc__6b0889cb\" aria-expanded=\"true\" aria-label=\"Close table of contents\"><svg aria-hidden=\"true\" class=\"e-font-icon-svg e-fas-chevron-up\" viewBox=\"0 0 448 512\" xmlns=\"http:\/\/www.w3.org\/2000\/svg\"><path d=\"M240.971 130.524l194.343 194.343c9.373 9.373 9.373 24.569 0 33.941l-22.667 22.667c-9.357 9.357-24.522 9.375-33.901.04L224 227.495 69.255 381.516c-9.379 9.335-24.544 9.317-33.901-.04l-22.667-22.667c-9.373-9.373-9.373-24.569 0-33.941L207.03 130.525c9.372-9.373 24.568-9.373 33.941-.001z\"><\/path><\/svg><\/div>\n\t\t\t\t\t<\/div>\n\t\t\t\t<div id=\"elementor-toc__6b0889cb\" class=\"elementor-toc__body\">\n\t\t\t<div class=\"elementor-toc__spinner-container\">\n\t\t\t\t<svg class=\"elementor-toc__spinner eicon-animation-spin e-font-icon-svg e-eicon-loading\" aria-hidden=\"true\" viewBox=\"0 0 1000 1000\" xmlns=\"http:\/\/www.w3.org\/2000\/svg\"><path d=\"M500 975V858C696 858 858 696 858 500S696 142 500 142 142 304 142 500H25C25 237 238 25 500 25S975 237 975 500 763 975 500 975Z\"><\/path><\/svg>\t\t\t<\/div>\n\t\t<\/div>\n\t\t\t\t\t\t<\/div>\n\t\t\t\t<div class=\"elementor-element elementor-element-575d0645 elementor-widget elementor-widget-text-editor\" data-id=\"575d0645\" data-element_type=\"widget\" data-e-type=\"widget\" data-widget_type=\"text-editor.default\">\n\t\t\t\t\t\t\t\t\t<p>Neste s\u00edtio Web, a IMOP recolhe e utiliza informa\u00e7\u00f5es tal como descrito na nossa<br><a href=\"https:\/\/www.imopsl.com\/pt-pt\/politica-de-privacidade\/\">Pol\u00edtica de privacidade<\/a>. Uma das formas de recolher informa\u00e7\u00f5es \u00e9 atrav\u00e9s da utiliza\u00e7\u00e3o de cookies. Os cookies s\u00e3o pequenos ficheiros de texto que s\u00e3o armazenados no seu browser (como o Google Chrome ou o Mozilla Firefox) quando visita s\u00edtios Web. N\u00e3o s\u00e3o v\u00edrus nem malware e n\u00e3o acedem a informa\u00e7\u00f5es sens\u00edveis, como palavras-passe, contas banc\u00e1rias ou fotografias pessoais. No nosso s\u00edtio, utilizamos cookies e tecnologias semelhantes para proporcionar uma melhor experi\u00eancia ao utilizador, manter a seguran\u00e7a, analisar o tr\u00e1fego e personalizar o conte\u00fado e os an\u00fancios.<\/p>\t\t\t\t\t\t\t\t<\/div>\n\t\t\t\t<div class=\"elementor-element elementor-element-7280ca10 elementor-widget elementor-widget-heading\" data-id=\"7280ca10\" data-element_type=\"widget\" data-e-type=\"widget\" data-widget_type=\"heading.default\">\n\t\t\t\t\t<h2 class=\"elementor-heading-title elementor-size-default\">Dados do Respons\u00e1vel<\/h2>\t\t\t\t<\/div>\n\t\t\t\t<div class=\"elementor-element elementor-element-22d4d2c2 elementor-widget elementor-widget-text-editor\" data-id=\"22d4d2c2\" data-element_type=\"widget\" data-e-type=\"widget\" data-widget_type=\"text-editor.default\">\n\t\t\t\t\t\t\t\t\t<ul><li><strong>Identidade:<\/strong> IMPORTACI\u00d3N RECAMBIOS O.P., S.L.<\/li><li><strong>Nome comercial:<\/strong> IMOP<\/li><li><strong>NIF\/CIF:<\/strong> B80553258<\/li><li><strong>Endere\u00e7o:<\/strong> C\/ Sierra de Guadarrama, 23. 28500 Arganda del Rey (Madrid) <\/li><li><strong>Email:<\/strong> <a href=\"mailto:dpd@imopsl.com\">dpd@imopsl.com<\/a><\/li><li><strong>Registo Comercial:<\/strong> Madrid, volume 7983, livro 0, f\u00f3lio 73, p\u00e1gina M-128951 (17\/05\/1994)<\/li><\/ul>\t\t\t\t\t\t\t\t<\/div>\n\t\t\t\t<div class=\"elementor-element elementor-element-36a28194 elementor-widget elementor-widget-heading\" data-id=\"36a28194\" data-element_type=\"widget\" data-e-type=\"widget\" data-widget_type=\"heading.default\">\n\t\t\t\t\t<h2 class=\"elementor-heading-title elementor-size-default\">Condi\u00e7\u00f5es gerais de utiliza\u00e7\u00e3o<\/h2>\t\t\t\t<\/div>\n\t\t\t\t<div class=\"elementor-element elementor-element-4355933f elementor-widget elementor-widget-text-editor\" data-id=\"4355933f\" data-element_type=\"widget\" data-e-type=\"widget\" data-widget_type=\"text-editor.default\">\n\t\t\t\t\t\t\t\t\t<ul><li><strong>Objeto do Aviso Legal:<\/strong> Utiliza\u00e7\u00e3o, acesso e navega\u00e7\u00e3o em <a href=\"https:\/\/www.imopsl.com\">www.imopsl.com<\/a>.<\/li><li><strong>Obriga\u00e7\u00f5es do utilizador:<\/strong><ul><li>Utiliza\u00e7\u00e3o legal de acordo com a legisla\u00e7\u00e3o em vigor.<\/li><li>N\u00e3o se envolver em actividades fraudulentas ou prejudiciais.<\/li><li>Respeitar a propriedade intelectual e industrial.<\/li><\/ul><\/li><li><strong>Exclus\u00e3o de garantias:<\/strong> O IMOP n\u00e3o garante a disponibilidade cont\u00ednua ou a aus\u00eancia de falhas t\u00e9cnicas.<\/li><li><strong>Propriedade intelectual:<\/strong> Todos os conte\u00fados est\u00e3o protegidos e n\u00e3o podem ser reproduzidos sem autoriza\u00e7\u00e3o.<\/li><\/ul>\t\t\t\t\t\t\t\t<\/div>\n\t\t\t\t<div class=\"elementor-element elementor-element-7bd26962 elementor-widget elementor-widget-heading\" data-id=\"7bd26962\" data-element_type=\"widget\" data-e-type=\"widget\" data-widget_type=\"heading.default\">\n\t\t\t\t\t<h2 class=\"elementor-heading-title elementor-size-default\">Condi\u00e7\u00f5es de venda e entrega<\/h2>\t\t\t\t<\/div>\n\t\t\t\t<div class=\"elementor-element elementor-element-6fbc9cf3 elementor-widget elementor-widget-text-editor\" data-id=\"6fbc9cf3\" data-element_type=\"widget\" data-e-type=\"widget\" data-widget_type=\"text-editor.default\">\n\t\t\t\t\t\t\t\t\t<ol><li><strong>Pre\u00e7os:<\/strong> S\u00e3o aplic\u00e1veis as taxas em vigor no momento da compra.<\/li><li><strong>Varia\u00e7\u00f5es de pre\u00e7os:<\/strong> O IMOP pode alterar os pre\u00e7os sem aviso pr\u00e9vio.<\/li><li><strong>N\u00e3o pagamento:<\/strong> suspens\u00e3o autom\u00e1tica do fornecimento at\u00e9 regulariza\u00e7\u00e3o do pagamento.<\/li><li><strong>Pagamento em presta\u00e7\u00f5es:<\/strong> o incumprimento permite exigir o pagamento integral ou recuperar os bens.<\/li><li><strong>Propriedade dos bens:<\/strong> At\u00e9 ao pagamento integral dos bens, estes continuam a ser propriedade do IMOP.<\/li><li><strong>Entrega:<\/strong> A entrega ser\u00e1 efectuada nos armaz\u00e9ns do IMOP, salvo acordo em contr\u00e1rio.<\/li><li><strong>Reclama\u00e7\u00f5es e reembolsos:<\/strong><ul><li>Os pedidos de indemniza\u00e7\u00e3o podem ser apresentados no prazo de <strong>48 horas<\/strong> ap\u00f3s a rece\u00e7\u00e3o.<\/li><li>As devolu\u00e7\u00f5es requerem autoriza\u00e7\u00e3o pr\u00e9via e material em perfeitas condi\u00e7\u00f5es.<\/li><\/ul><\/li><\/ol>\t\t\t\t\t\t\t\t<\/div>\n\t\t\t\t<div class=\"elementor-element elementor-element-eaa6bea elementor-widget elementor-widget-heading\" data-id=\"eaa6bea\" data-element_type=\"widget\" data-e-type=\"widget\" data-widget_type=\"heading.default\">\n\t\t\t\t\t<h2 class=\"elementor-heading-title elementor-size-default\">Medidas de seguran\u00e7a<\/h2>\t\t\t\t<\/div>\n\t\t\t\t<div class=\"elementor-element elementor-element-5134a096 elementor-widget elementor-widget-text-editor\" data-id=\"5134a096\" data-element_type=\"widget\" data-e-type=\"widget\" data-widget_type=\"text-editor.default\">\n\t\t\t\t\t\t\t\t\t<p>A IMOP utiliza protocolos HTTPS para proteger a transmiss\u00e3o de dados. No entanto, os utilizadores devem estar cientes de que nenhum sistema de seguran\u00e7a da Internet \u00e9 infal\u00edvel. <\/p>\t\t\t\t\t\t\t\t<\/div>\n\t\t\t\t<div class=\"elementor-element elementor-element-2c913bf9 elementor-widget elementor-widget-heading\" data-id=\"2c913bf9\" data-element_type=\"widget\" data-e-type=\"widget\" data-widget_type=\"heading.default\">\n\t\t\t\t\t<h2 class=\"elementor-heading-title elementor-size-default\">Plataforma de resolu\u00e7\u00e3o de lit\u00edgios<\/h2>\t\t\t\t<\/div>\n\t\t\t\t<div class=\"elementor-element elementor-element-3ba75dda elementor-widget elementor-widget-text-editor\" data-id=\"3ba75dda\" data-element_type=\"widget\" data-e-type=\"widget\" data-widget_type=\"text-editor.default\">\n\t\t\t\t\t\t\t\t\t<p>Aceder \u00e0 plataforma de resolu\u00e7\u00e3o de lit\u00edgios em linha da Comiss\u00e3o Europeia:<\/p><p><a href=\"http:\/\/ec.europa.eu\/consumers\/odr\/\" target=\"_blank\" rel=\"noopener\">http:\/\/ec.europa.eu\/consumers\/odr\/<\/a><\/p>\t\t\t\t\t\t\t\t<\/div>\n\t\t\t\t<div class=\"elementor-element elementor-element-2abfc577 elementor-widget elementor-widget-heading\" data-id=\"2abfc577\" data-element_type=\"widget\" data-e-type=\"widget\" data-widget_type=\"heading.default\">\n\t\t\t\t\t<h2 class=\"elementor-heading-title elementor-size-default\">Lei aplic\u00e1vel e jurisdi\u00e7\u00e3o<\/h2>\t\t\t\t<\/div>\n\t\t\t\t<div class=\"elementor-element elementor-element-18f99a68 elementor-widget elementor-widget-text-editor\" data-id=\"18f99a68\" data-element_type=\"widget\" data-e-type=\"widget\" data-widget_type=\"text-editor.default\">\n\t\t\t\t\t\t\t\t\t<p>As rela\u00e7\u00f5es entre a IMOP e os utilizadores s\u00e3o regidas pela legisla\u00e7\u00e3o espanhola. Em caso de lit\u00edgio, as partes submetem-se aos Julgados e Tribunais de <strong>Arganda del Rey, Madrid<\/strong>. <\/p>\t\t\t\t\t\t\t\t<\/div>\n\t\t\t\t<div class=\"elementor-element elementor-element-361c0b54 elementor-widget elementor-widget-heading\" data-id=\"361c0b54\" data-element_type=\"widget\" data-e-type=\"widget\" data-widget_type=\"heading.default\">\n\t\t\t\t\t<h2 class=\"elementor-heading-title elementor-size-default\">Contato<\/h2>\t\t\t\t<\/div>\n\t\t\t\t<div class=\"elementor-element elementor-element-378deea4 elementor-widget elementor-widget-text-editor\" data-id=\"378deea4\" data-element_type=\"widget\" data-e-type=\"widget\" data-widget_type=\"text-editor.default\">\n\t\t\t\t\t\t\t\t\t<p>Em caso de d\u00favidas sobre este Aviso Legal, contacte-nos atrav\u00e9s de<\/p><p><strong>Email:<\/strong> <a href=\"mailto:dpd@imopsl.com\">dpd@imopsl.com<\/a><\/p>\t\t\t\t\t\t\t\t<\/div>\n\t\t\t\t\t<\/div>\n\t\t\t\t<\/div>\n\t\t\t\t<\/div>\n\t\t","protected":false},"excerpt":{"rendered":"<p>Aviso Legal Aviso Legal Neste s\u00edtio Web, a IMOP recolhe e utiliza informa\u00e7\u00f5es tal como descrito na nossaPol\u00edtica de privacidade. Uma das formas de recolher informa\u00e7\u00f5es \u00e9 atrav\u00e9s da utiliza\u00e7\u00e3o de cookies. Os cookies s\u00e3o pequenos ficheiros de texto que s\u00e3o armazenados no seu browser (como o Google Chrome ou o Mozilla Firefox) quando visita [&hellip;]<\/p>\n","protected":false},"author":1,"featured_media":0,"parent":0,"menu_order":0,"comment_status":"closed","ping_status":"closed","template":"","meta":{"footnotes":""},"class_list":["post-16823","page","type-page","status-publish","hentry"],"yoast_head":"<!-- This site is optimized with the Yoast SEO plugin v27.4 - https:\/\/yoast.com\/product\/yoast-seo-wordpress\/ -->\n<title>Aviso legal | IMOP<\/title>\n<meta name=\"description\" content=\"Aviso legal O IMOP, com o NIF\/CIF: B80553258, \u00e9 respons\u00e1vel pelo site https:\/\/www.imopsl.com, comprometido com o RGPD e a LSSICE.\" \/>\n<meta name=\"robots\" content=\"index, follow, max-snippet:-1, max-image-preview:large, max-video-preview:-1\" \/>\n<link rel=\"canonical\" href=\"https:\/\/www.imopsl.com\/pt-pt\/aviso-legal\/\" \/>\n<meta property=\"og:locale\" content=\"pt_PT\" \/>\n<meta property=\"og:type\" content=\"article\" \/>\n<meta property=\"og:title\" content=\"Aviso legal | IMOP\" \/>\n<meta property=\"og:description\" content=\"Aviso legal O IMOP, com o NIF\/CIF: B80553258, \u00e9 respons\u00e1vel pelo site https:\/\/www.imopsl.com, comprometido com o RGPD e a LSSICE.\" \/>\n<meta property=\"og:url\" content=\"https:\/\/www.imopsl.com\/pt-pt\/aviso-legal\/\" \/>\n<meta property=\"og:site_name\" content=\"IMOP\" \/>\n<meta property=\"article:publisher\" content=\"https:\/\/www.facebook.com\/imopsl?ref=br_rs\" \/>\n<meta property=\"article:modified_time\" content=\"2026-01-29T18:40:30+00:00\" \/>\n<meta name=\"twitter:card\" content=\"summary_large_image\" \/>\n<meta name=\"twitter:site\" content=\"@IMOP_SL\" \/>\n<meta name=\"twitter:label1\" content=\"Tempo estimado de leitura\" \/>\n\t<meta name=\"twitter:data1\" content=\"3 minutos\" \/>\n<script type=\"application\/ld+json\" class=\"yoast-schema-graph\">{\"@context\":\"https:\\\/\\\/schema.org\",\"@graph\":[{\"@type\":\"WebPage\",\"@id\":\"https:\\\/\\\/www.imopsl.com\\\/pt-pt\\\/aviso-legal\\\/\",\"url\":\"https:\\\/\\\/www.imopsl.com\\\/pt-pt\\\/aviso-legal\\\/\",\"name\":\"Aviso legal | IMOP\",\"isPartOf\":{\"@id\":\"https:\\\/\\\/www.imopsl.com\\\/pt-pt\\\/#website\"},\"datePublished\":\"2023-03-13T16:19:00+00:00\",\"dateModified\":\"2026-01-29T18:40:30+00:00\",\"description\":\"Aviso legal O IMOP, com o NIF\\\/CIF: B80553258, \u00e9 respons\u00e1vel pelo site https:\\\/\\\/www.imopsl.com, comprometido com o RGPD e a LSSICE.\",\"breadcrumb\":{\"@id\":\"https:\\\/\\\/www.imopsl.com\\\/pt-pt\\\/aviso-legal\\\/#breadcrumb\"},\"inLanguage\":\"pt-PT\",\"potentialAction\":[{\"@type\":\"ReadAction\",\"target\":[\"https:\\\/\\\/www.imopsl.com\\\/pt-pt\\\/aviso-legal\\\/\"]}]},{\"@type\":\"BreadcrumbList\",\"@id\":\"https:\\\/\\\/www.imopsl.com\\\/pt-pt\\\/aviso-legal\\\/#breadcrumb\",\"itemListElement\":[{\"@type\":\"ListItem\",\"position\":1,\"name\":\"Portada\",\"item\":\"https:\\\/\\\/www.imopsl.com\\\/pt-pt\\\/\"},{\"@type\":\"ListItem\",\"position\":2,\"name\":\"Aviso legal\"}]},{\"@type\":\"WebSite\",\"@id\":\"https:\\\/\\\/www.imopsl.com\\\/pt-pt\\\/#website\",\"url\":\"https:\\\/\\\/www.imopsl.com\\\/pt-pt\\\/\",\"name\":\"IMOP\",\"description\":\"Un mundo de soluciones para maquinaria de obras, construcci\u00f3n y miner\u00eda\",\"publisher\":{\"@id\":\"https:\\\/\\\/www.imopsl.com\\\/pt-pt\\\/#organization\"},\"alternateName\":\"IMPORTACI\u00d3N RECAMBIOS O.P., S.L.\",\"potentialAction\":[{\"@type\":\"SearchAction\",\"target\":{\"@type\":\"EntryPoint\",\"urlTemplate\":\"https:\\\/\\\/www.imopsl.com\\\/pt-pt\\\/?s={search_term_string}\"},\"query-input\":{\"@type\":\"PropertyValueSpecification\",\"valueRequired\":true,\"valueName\":\"search_term_string\"}}],\"inLanguage\":\"pt-PT\"},{\"@type\":\"Organization\",\"@id\":\"https:\\\/\\\/www.imopsl.com\\\/pt-pt\\\/#organization\",\"name\":\"IMPORTACI\u00d3N RECAMBIOS O.P., S.L.\",\"alternateName\":\"IMOP\",\"url\":\"https:\\\/\\\/www.imopsl.com\\\/pt-pt\\\/\",\"logo\":{\"@type\":\"ImageObject\",\"inLanguage\":\"pt-PT\",\"@id\":\"https:\\\/\\\/www.imopsl.com\\\/pt-pt\\\/#\\\/schema\\\/logo\\\/image\\\/\",\"url\":\"https:\\\/\\\/www.imopsl.com\\\/wp-content\\\/uploads\\\/2022\\\/09\\\/Horizontal-1-scaled.png\",\"contentUrl\":\"https:\\\/\\\/www.imopsl.com\\\/wp-content\\\/uploads\\\/2022\\\/09\\\/Horizontal-1-scaled.png\",\"width\":2560,\"height\":652,\"caption\":\"IMPORTACI\u00d3N RECAMBIOS O.P., S.L.\"},\"image\":{\"@id\":\"https:\\\/\\\/www.imopsl.com\\\/pt-pt\\\/#\\\/schema\\\/logo\\\/image\\\/\"},\"sameAs\":[\"https:\\\/\\\/www.facebook.com\\\/imopsl?ref=br_rs\",\"https:\\\/\\\/x.com\\\/IMOP_SL\",\"https:\\\/\\\/www.flickr.com\\\/photos\\\/imopsl\",\"https:\\\/\\\/es.foursquare.com\\\/v\\\/grupo-imop-sl\\\/5298b5e7498e79cd740511fe\",\"https:\\\/\\\/www.linkedin.com\\\/company\\\/importaci\u00f3n-recambios-o-p-s-l-imop-?goback=.nmp_*1_*1_*1_*1_*1_*1_*1_*1_*1_*1_*1&trk=NUS_CO-logo\"]}]}<\/script>\n<!-- \/ Yoast SEO plugin. -->","yoast_head_json":{"title":"Aviso legal | IMOP","description":"Aviso legal O IMOP, com o NIF\/CIF: B80553258, \u00e9 respons\u00e1vel pelo site https:\/\/www.imopsl.com, comprometido com o RGPD e a LSSICE.","robots":{"index":"index","follow":"follow","max-snippet":"max-snippet:-1","max-image-preview":"max-image-preview:large","max-video-preview":"max-video-preview:-1"},"canonical":"https:\/\/www.imopsl.com\/pt-pt\/aviso-legal\/","og_locale":"pt_PT","og_type":"article","og_title":"Aviso legal | IMOP","og_description":"Aviso legal O IMOP, com o NIF\/CIF: B80553258, \u00e9 respons\u00e1vel pelo site https:\/\/www.imopsl.com, comprometido com o RGPD e a LSSICE.","og_url":"https:\/\/www.imopsl.com\/pt-pt\/aviso-legal\/","og_site_name":"IMOP","article_publisher":"https:\/\/www.facebook.com\/imopsl?ref=br_rs","article_modified_time":"2026-01-29T18:40:30+00:00","twitter_card":"summary_large_image","twitter_site":"@IMOP_SL","twitter_misc":{"Tempo estimado de leitura":"3 minutos"},"schema":{"@context":"https:\/\/schema.org","@graph":[{"@type":"WebPage","@id":"https:\/\/www.imopsl.com\/pt-pt\/aviso-legal\/","url":"https:\/\/www.imopsl.com\/pt-pt\/aviso-legal\/","name":"Aviso legal | IMOP","isPartOf":{"@id":"https:\/\/www.imopsl.com\/pt-pt\/#website"},"datePublished":"2023-03-13T16:19:00+00:00","dateModified":"2026-01-29T18:40:30+00:00","description":"Aviso legal O IMOP, com o NIF\/CIF: B80553258, \u00e9 respons\u00e1vel pelo site https:\/\/www.imopsl.com, comprometido com o RGPD e a LSSICE.","breadcrumb":{"@id":"https:\/\/www.imopsl.com\/pt-pt\/aviso-legal\/#breadcrumb"},"inLanguage":"pt-PT","potentialAction":[{"@type":"ReadAction","target":["https:\/\/www.imopsl.com\/pt-pt\/aviso-legal\/"]}]},{"@type":"BreadcrumbList","@id":"https:\/\/www.imopsl.com\/pt-pt\/aviso-legal\/#breadcrumb","itemListElement":[{"@type":"ListItem","position":1,"name":"Portada","item":"https:\/\/www.imopsl.com\/pt-pt\/"},{"@type":"ListItem","position":2,"name":"Aviso legal"}]},{"@type":"WebSite","@id":"https:\/\/www.imopsl.com\/pt-pt\/#website","url":"https:\/\/www.imopsl.com\/pt-pt\/","name":"IMOP","description":"Un mundo de soluciones para maquinaria de obras, construcci\u00f3n y miner\u00eda","publisher":{"@id":"https:\/\/www.imopsl.com\/pt-pt\/#organization"},"alternateName":"IMPORTACI\u00d3N RECAMBIOS O.P., S.L.","potentialAction":[{"@type":"SearchAction","target":{"@type":"EntryPoint","urlTemplate":"https:\/\/www.imopsl.com\/pt-pt\/?s={search_term_string}"},"query-input":{"@type":"PropertyValueSpecification","valueRequired":true,"valueName":"search_term_string"}}],"inLanguage":"pt-PT"},{"@type":"Organization","@id":"https:\/\/www.imopsl.com\/pt-pt\/#organization","name":"IMPORTACI\u00d3N RECAMBIOS O.P., S.L.","alternateName":"IMOP","url":"https:\/\/www.imopsl.com\/pt-pt\/","logo":{"@type":"ImageObject","inLanguage":"pt-PT","@id":"https:\/\/www.imopsl.com\/pt-pt\/#\/schema\/logo\/image\/","url":"https:\/\/www.imopsl.com\/wp-content\/uploads\/2022\/09\/Horizontal-1-scaled.png","contentUrl":"https:\/\/www.imopsl.com\/wp-content\/uploads\/2022\/09\/Horizontal-1-scaled.png","width":2560,"height":652,"caption":"IMPORTACI\u00d3N RECAMBIOS O.P., S.L."},"image":{"@id":"https:\/\/www.imopsl.com\/pt-pt\/#\/schema\/logo\/image\/"},"sameAs":["https:\/\/www.facebook.com\/imopsl?ref=br_rs","https:\/\/x.com\/IMOP_SL","https:\/\/www.flickr.com\/photos\/imopsl","https:\/\/es.foursquare.com\/v\/grupo-imop-sl\/5298b5e7498e79cd740511fe","https:\/\/www.linkedin.com\/company\/importaci\u00f3n-recambios-o-p-s-l-imop-?goback=.nmp_*1_*1_*1_*1_*1_*1_*1_*1_*1_*1_*1&trk=NUS_CO-logo"]}]}},"_links":{"self":[{"href":"https:\/\/www.imopsl.com\/pt-pt\/wp-json\/wp\/v2\/pages\/16823","targetHints":{"allow":["GET"]}}],"collection":[{"href":"https:\/\/www.imopsl.com\/pt-pt\/wp-json\/wp\/v2\/pages"}],"about":[{"href":"https:\/\/www.imopsl.com\/pt-pt\/wp-json\/wp\/v2\/types\/page"}],"author":[{"embeddable":true,"href":"https:\/\/www.imopsl.com\/pt-pt\/wp-json\/wp\/v2\/users\/1"}],"replies":[{"embeddable":true,"href":"https:\/\/www.imopsl.com\/pt-pt\/wp-json\/wp\/v2\/comments?post=16823"}],"version-history":[{"count":1,"href":"https:\/\/www.imopsl.com\/pt-pt\/wp-json\/wp\/v2\/pages\/16823\/revisions"}],"predecessor-version":[{"id":16824,"href":"https:\/\/www.imopsl.com\/pt-pt\/wp-json\/wp\/v2\/pages\/16823\/revisions\/16824"}],"wp:attachment":[{"href":"https:\/\/www.imopsl.com\/pt-pt\/wp-json\/wp\/v2\/media?parent=16823"}],"curies":[{"name":"wp","href":"https:\/\/api.w.org\/{rel}","templated":true}]}}