{"id":16906,"date":"2023-03-13T15:54:00","date_gmt":"2023-03-13T15:54:00","guid":{"rendered":"https:\/\/www.imopsl.com\/politica-de-devolucao-e-reembolso\/"},"modified":"2026-02-05T11:55:38","modified_gmt":"2026-02-05T11:55:38","slug":"politica-de-devolucao-e-reembolso","status":"publish","type":"page","link":"https:\/\/www.imopsl.com\/pt-pt\/politica-de-devolucao-e-reembolso\/","title":{"rendered":"Pol\u00edtica de devolu\u00e7\u00e3o e reembolso"},"content":{"rendered":"\t\t<div data-elementor-type=\"wp-page\" data-elementor-id=\"16906\" class=\"elementor elementor-16906 elementor-120\" data-elementor-post-type=\"page\">\n\t\t\t\t<div class=\"elementor-element elementor-element-a6ec4b2 e-flex e-con-boxed e-con e-parent\" data-id=\"a6ec4b2\" data-element_type=\"container\" data-e-type=\"container\">\n\t\t\t\t\t<div class=\"e-con-inner\">\n\t\t\t\t<div class=\"elementor-element elementor-element-c476b98 elementor-widget elementor-widget-heading\" data-id=\"c476b98\" data-element_type=\"widget\" data-e-type=\"widget\" data-widget_type=\"heading.default\">\n\t\t\t\t\t<h1 class=\"elementor-heading-title elementor-size-default\">Pol\u00edtica de devolu\u00e7\u00e3o e reembolso<\/h1>\t\t\t\t<\/div>\n\t\t\t\t<div class=\"elementor-element elementor-element-bb9a42d elementor-toc--minimized-on-tablet elementor-widget elementor-widget-table-of-contents\" data-id=\"bb9a42d\" data-element_type=\"widget\" data-e-type=\"widget\" data-settings=\"{&quot;exclude_headings_by_selector&quot;:[],&quot;no_headings_message&quot;:&quot;No se ha encontrado ning\\u00fan encabezado en esta p\\u00e1gina.&quot;,&quot;headings_by_tags&quot;:[&quot;h2&quot;,&quot;h3&quot;,&quot;h4&quot;,&quot;h5&quot;,&quot;h6&quot;],&quot;marker_view&quot;:&quot;numbers&quot;,&quot;minimize_box&quot;:&quot;yes&quot;,&quot;minimized_on&quot;:&quot;tablet&quot;,&quot;hierarchical_view&quot;:&quot;yes&quot;,&quot;min_height&quot;:{&quot;unit&quot;:&quot;px&quot;,&quot;size&quot;:&quot;&quot;,&quot;sizes&quot;:[]},&quot;min_height_tablet&quot;:{&quot;unit&quot;:&quot;px&quot;,&quot;size&quot;:&quot;&quot;,&quot;sizes&quot;:[]},&quot;min_height_mobile&quot;:{&quot;unit&quot;:&quot;px&quot;,&quot;size&quot;:&quot;&quot;,&quot;sizes&quot;:[]}}\" data-widget_type=\"table-of-contents.default\">\n\t\t\t\t\t\t\t\t\t<div class=\"elementor-toc__header\">\n\t\t\t\t\t\t<div class=\"elementor-toc__header-title\">\n\t\t\t\tPol\u00edtica de devolu\u00e7\u00e3o e reembolso\t\t\t<\/div>\n\t\t\t\t\t\t\t\t\t\t<div class=\"elementor-toc__toggle-button elementor-toc__toggle-button--expand\" role=\"button\" tabindex=\"0\" aria-controls=\"elementor-toc__bb9a42d\" aria-expanded=\"true\" aria-label=\"Open table of contents\"><svg aria-hidden=\"true\" class=\"e-font-icon-svg e-fas-chevron-down\" viewBox=\"0 0 448 512\" xmlns=\"http:\/\/www.w3.org\/2000\/svg\"><path d=\"M207.029 381.476L12.686 187.132c-9.373-9.373-9.373-24.569 0-33.941l22.667-22.667c9.357-9.357 24.522-9.375 33.901-.04L224 284.505l154.745-154.021c9.379-9.335 24.544-9.317 33.901.04l22.667 22.667c9.373 9.373 9.373 24.569 0 33.941L240.971 381.476c-9.373 9.372-24.569 9.372-33.942 0z\"><\/path><\/svg><\/div>\n\t\t\t\t<div class=\"elementor-toc__toggle-button elementor-toc__toggle-button--collapse\" role=\"button\" tabindex=\"0\" aria-controls=\"elementor-toc__bb9a42d\" aria-expanded=\"true\" aria-label=\"Close table of contents\"><svg aria-hidden=\"true\" class=\"e-font-icon-svg e-fas-chevron-up\" viewBox=\"0 0 448 512\" xmlns=\"http:\/\/www.w3.org\/2000\/svg\"><path d=\"M240.971 130.524l194.343 194.343c9.373 9.373 9.373 24.569 0 33.941l-22.667 22.667c-9.357 9.357-24.522 9.375-33.901.04L224 227.495 69.255 381.516c-9.379 9.335-24.544 9.317-33.901-.04l-22.667-22.667c-9.373-9.373-9.373-24.569 0-33.941L207.03 130.525c9.372-9.373 24.568-9.373 33.941-.001z\"><\/path><\/svg><\/div>\n\t\t\t\t\t<\/div>\n\t\t\t\t<div id=\"elementor-toc__bb9a42d\" class=\"elementor-toc__body\">\n\t\t\t<div class=\"elementor-toc__spinner-container\">\n\t\t\t\t<svg class=\"elementor-toc__spinner eicon-animation-spin e-font-icon-svg e-eicon-loading\" aria-hidden=\"true\" viewBox=\"0 0 1000 1000\" xmlns=\"http:\/\/www.w3.org\/2000\/svg\"><path d=\"M500 975V858C696 858 858 696 858 500S696 142 500 142 142 304 142 500H25C25 237 238 25 500 25S975 237 975 500 763 975 500 975Z\"><\/path><\/svg>\t\t\t<\/div>\n\t\t<\/div>\n\t\t\t\t\t\t<\/div>\n\t\t\t\t<div class=\"elementor-element elementor-element-93d054f elementor-widget elementor-widget-text-editor\" data-id=\"93d054f\" data-element_type=\"widget\" data-e-type=\"widget\" data-widget_type=\"text-editor.default\">\n\t\t\t\t\t\t\t\t\t<p>Na <strong>IMOP<\/strong>, esfor\u00e7amo-nos por prestar um servi\u00e7o ao cliente de elevada qualidade. A nossa pol\u00edtica de devolu\u00e7\u00f5es e reembolsos define as condi\u00e7\u00f5es, os prazos e os processos aplic\u00e1veis para garantir uma experi\u00eancia de compra satisfat\u00f3ria e transparente. <\/p>\t\t\t\t\t\t\t\t<\/div>\n\t\t\t\t<div class=\"elementor-element elementor-element-ac72e62 elementor-widget elementor-widget-heading\" data-id=\"ac72e62\" data-element_type=\"widget\" data-e-type=\"widget\" data-widget_type=\"heading.default\">\n\t\t\t\t\t<h2 class=\"elementor-heading-title elementor-size-default\">Per\u00edodo de garantia<\/h2>\t\t\t\t<\/div>\n\t\t\t\t<div class=\"elementor-element elementor-element-236c71c elementor-widget elementor-widget-text-editor\" data-id=\"236c71c\" data-element_type=\"widget\" data-e-type=\"widget\" data-widget_type=\"text-editor.default\">\n\t\t\t\t\t\t\t\t\t<ul><li>As pe\u00e7as fornecidas t\u00eam garantia de <strong>um ano<\/strong> a partir da data da fatura, salvo indica\u00e7\u00e3o em contr\u00e1rio na fatura.<\/li><li>Esta garantia cobre apenas os <strong>defeitos de fabrico<\/strong>. As pe\u00e7as sujeitas a desgaste est\u00e3o exclu\u00eddas. <\/li><li>Se uma pe\u00e7a defeituosa estiver coberta pela garantia, a <strong>IMOP substitu\u00ed-la-\u00e1 sem qualquer custo para o cliente.<\/strong><\/li><\/ul>\t\t\t\t\t\t\t\t<\/div>\n\t\t\t\t<div class=\"elementor-element elementor-element-4f9b555 elementor-widget elementor-widget-heading\" data-id=\"4f9b555\" data-element_type=\"widget\" data-e-type=\"widget\" data-widget_type=\"heading.default\">\n\t\t\t\t\t<h2 class=\"elementor-heading-title elementor-size-default\">Condi\u00e7\u00f5es de garantia<\/h2>\t\t\t\t<\/div>\n\t\t\t\t<div class=\"elementor-element elementor-element-94cbbd3 elementor-widget elementor-widget-text-editor\" data-id=\"94cbbd3\" data-element_type=\"widget\" data-e-type=\"widget\" data-widget_type=\"text-editor.default\">\n\t\t\t\t\t\t\t\t\t<ul><li>A garantia <strong>fica sem efeito<\/strong> nos seguintes casos:<ul><li>Se os n\u00fameros de s\u00e9rie ou as etiquetas do produto tiverem sido adulterados ou removidos.<\/li><li>Se o produto tiver sido danificado por acidente, transporte incorreto, danos, manuseamento incorreto ou modifica\u00e7\u00f5es n\u00e3o autorizadas.<\/li><li>Se o produto tiver sido montado ou utilizado incorretamente.<\/li><\/ul><\/li><li>Para qualquer reclama\u00e7\u00e3o, o cliente deve contactar a <strong>IMOP <\/strong>dentro do per\u00edodo de garantia, fornecendo a prova de compra e uma descri\u00e7\u00e3o do defeito.<\/li><\/ul>\t\t\t\t\t\t\t\t<\/div>\n\t\t\t\t<div class=\"elementor-element elementor-element-58c33e1 elementor-widget elementor-widget-heading\" data-id=\"58c33e1\" data-element_type=\"widget\" data-e-type=\"widget\" data-widget_type=\"heading.default\">\n\t\t\t\t\t<h2 class=\"elementor-heading-title elementor-size-default\">Reclama\u00e7\u00f5es de danos na entrega<\/h2>\t\t\t\t<\/div>\n\t\t\t\t<div class=\"elementor-element elementor-element-bbbf837 elementor-widget elementor-widget-text-editor\" data-id=\"bbbf837\" data-element_type=\"widget\" data-e-type=\"widget\" data-widget_type=\"text-editor.default\">\n\t\t\t\t\t\t\t\t\t<ol><li>O cliente deve <strong>inspecionar o material aquando da sua rece\u00e7\u00e3o<\/strong>. Se houver danos vis\u00edveis no material ou na embalagem: <ul><li>Estas devem ser anotadas na <strong>guia de remessa<\/strong> no momento da entrega.<\/li><li>A reclama\u00e7\u00e3o deve ser comunicada ao <strong>IMOP <\/strong>no prazo de <strong>24 horas<\/strong> ap\u00f3s a sua rece\u00e7\u00e3o.<\/li><\/ul><\/li><li><strong>N\u00e3o ser\u00e3o aceites<\/strong> reclama\u00e7\u00f5es fora deste prazo ou sem indica\u00e7\u00e3o na nota de entrega.<\/li><\/ol>\t\t\t\t\t\t\t\t<\/div>\n\t\t\t\t<div class=\"elementor-element elementor-element-91b6895 elementor-widget elementor-widget-heading\" data-id=\"91b6895\" data-element_type=\"widget\" data-e-type=\"widget\" data-widget_type=\"heading.default\">\n\t\t\t\t\t<h2 class=\"elementor-heading-title elementor-size-default\">Devolu\u00e7\u00f5es de materiais<\/h2>\t\t\t\t<\/div>\n\t\t\t\t<div class=\"elementor-element elementor-element-9e305c7 elementor-widget elementor-widget-text-editor\" data-id=\"9e305c7\" data-element_type=\"widget\" data-e-type=\"widget\" data-widget_type=\"text-editor.default\">\n\t\t\t\t\t\t\t\t\t<ol><li>As devolu\u00e7\u00f5es devem ser solicitadas no prazo de <strong>15 dias de calend\u00e1rio<\/strong> a contar da data da fatura.<\/li><li>O material deve estar em <strong>perfeitas condi\u00e7\u00f5es de venda<\/strong>, incluindo:<ul><li>Embalagem original.<\/li><li>Selos e etiquetas intactos.<\/li><\/ul><\/li><li>N\u00e3o ser\u00e3o aceites devolu\u00e7\u00f5es de materiais usados, manipulados ou danificados.<\/li><li>Para processar uma devolu\u00e7\u00e3o:<ul><li>\u00c9 obrigat\u00f3rio contactar previamente o <strong>IMOP<\/strong> para obter uma <strong>autoriza\u00e7\u00e3o de devolu\u00e7\u00e3o ou de nota de cr\u00e9dito<\/strong>.<\/li><li>O n\u00famero da nota de cr\u00e9dito deve figurar na embalagem exterior do produto.<\/li><\/ul><\/li><\/ol>\t\t\t\t\t\t\t\t<\/div>\n\t\t\t\t<div class=\"elementor-element elementor-element-3bba0e2 elementor-widget elementor-widget-heading\" data-id=\"3bba0e2\" data-element_type=\"widget\" data-e-type=\"widget\" data-widget_type=\"heading.default\">\n\t\t\t\t\t<h2 class=\"elementor-heading-title elementor-size-default\">Equipamento montado<\/h2>\t\t\t\t<\/div>\n\t\t\t\t<div class=\"elementor-element elementor-element-9920281 elementor-widget elementor-widget-text-editor\" data-id=\"9920281\" data-element_type=\"widget\" data-e-type=\"widget\" data-widget_type=\"text-editor.default\">\n\t\t\t\t\t\t\t\t\t<ol><li>As devolu\u00e7\u00f5es de equipamento montado s\u00f3 ser\u00e3o aceites se:<ul><li>Foram montados pelos t\u00e9cnicos especializados do <strong>IMOP<\/strong>.<\/li><li>A montagem foi efectuada por <strong>t\u00e9cnicos qualificados em m\u00e1quinas de obras p\u00fablicas<\/strong>.<\/li><\/ul><\/li><li><strong>N\u00e3o ser\u00e3o aceites reembolsos<\/strong> nos seguintes casos:<ul><li>Se tiverem sido adquiridos como pe\u00e7as individuais.<\/li><li>Se os seus componentes n\u00e3o forem fornecidos pelo <strong>IMOP<\/strong>.<\/li><li>Se o conjunto n\u00e3o satisfizer as especifica\u00e7\u00f5es exigidas.<\/li><\/ul><\/li><\/ol><p>Nestes casos, o cliente deve seguir o processo de devolu\u00e7\u00e3o normal.<\/p>\t\t\t\t\t\t\t\t<\/div>\n\t\t\t\t<div class=\"elementor-element elementor-element-5dcc4c1 elementor-widget elementor-widget-heading\" data-id=\"5dcc4c1\" data-element_type=\"widget\" data-e-type=\"widget\" data-widget_type=\"heading.default\">\n\t\t\t\t\t<h2 class=\"elementor-heading-title elementor-size-default\">Reembolsos<\/h2>\t\t\t\t<\/div>\n\t\t\t\t<div class=\"elementor-element elementor-element-7141472 elementor-widget elementor-widget-text-editor\" data-id=\"7141472\" data-element_type=\"widget\" data-e-type=\"widget\" data-widget_type=\"text-editor.default\">\n\t\t\t\t\t\t\t\t\t<ol><li>O reembolso s\u00f3 ser\u00e1 efectuado se a devolu\u00e7\u00e3o preencher todas as condi\u00e7\u00f5es previstas na presente pol\u00edtica.<\/li><li>O prazo de pagamento ser\u00e1 de <strong>15 dias \u00fateis<\/strong> a contar da valida\u00e7\u00e3o da devolu\u00e7\u00e3o pelo <strong>IMOP<\/strong>.<\/li><li>Os custos de transporte associados \u00e0 devolu\u00e7\u00e3o ficam a cargo do cliente, exceto em caso de erro de expedi\u00e7\u00e3o ou de defeito de fabrico.<\/li><\/ol>\t\t\t\t\t\t\t\t<\/div>\n\t\t\t\t<div class=\"elementor-element elementor-element-de147d9 elementor-widget elementor-widget-heading\" data-id=\"de147d9\" data-element_type=\"widget\" data-e-type=\"widget\" data-widget_type=\"heading.default\">\n\t\t\t\t\t<h2 class=\"elementor-heading-title elementor-size-default\">Exclus\u00f5es de responsabilidade<\/h2>\t\t\t\t<\/div>\n\t\t\t\t<div class=\"elementor-element elementor-element-8b37f64 elementor-widget elementor-widget-text-editor\" data-id=\"8b37f64\" data-element_type=\"widget\" data-e-type=\"widget\" data-widget_type=\"text-editor.default\">\n\t\t\t\t\t\t\t\t\t<ol><li>O <strong>IMOP<\/strong> n\u00e3o pode ser responsabilizado por:<ul><li>Danos nas m\u00e1quinas, no equipamento ou no pessoal resultantes de uma utiliza\u00e7\u00e3o incorrecta das pe\u00e7as fornecidas.<\/li><li>Despesas de m\u00e3o de obra, transporte ou instala\u00e7\u00e3o de pe\u00e7as substitu\u00eddas ao abrigo da garantia.<\/li><\/ul><\/li><\/ol>\t\t\t\t\t\t\t\t<\/div>\n\t\t\t\t<div class=\"elementor-element elementor-element-2af35b0 elementor-widget elementor-widget-heading\" data-id=\"2af35b0\" data-element_type=\"widget\" data-e-type=\"widget\" data-widget_type=\"heading.default\">\n\t\t\t\t\t<h2 class=\"elementor-heading-title elementor-size-default\">Contacto para devolu\u00e7\u00f5es e garantias<\/h2>\t\t\t\t<\/div>\n\t\t\t\t<div class=\"elementor-element elementor-element-b6a39da elementor-widget elementor-widget-text-editor\" data-id=\"b6a39da\" data-element_type=\"widget\" data-e-type=\"widget\" data-widget_type=\"text-editor.default\">\n\t\t\t\t\t\t\t\t\t<p>Se precisar de processar uma devolu\u00e7\u00e3o ou tiver alguma d\u00favida, contacte-nos:<\/p><ul><li><strong>Correio eletr\u00f3nico:<\/strong> <a href=\"mailto:info@imopsl.com\">info@imopsl.com<\/a><\/li><li><strong>Telefone:<\/strong> +34 91 871 90 64<\/li><\/ul>\t\t\t\t\t\t\t\t<\/div>\n\t\t\t\t<div class=\"elementor-element elementor-element-e7c1b22 elementor-widget elementor-widget-heading\" data-id=\"e7c1b22\" data-element_type=\"widget\" data-e-type=\"widget\" data-widget_type=\"heading.default\">\n\t\t\t\t\t<h2 class=\"elementor-heading-title elementor-size-default\">Nota importante<\/h2>\t\t\t\t<\/div>\n\t\t\t\t<div class=\"elementor-element elementor-element-345c65f elementor-widget elementor-widget-text-editor\" data-id=\"345c65f\" data-element_type=\"widget\" data-e-type=\"widget\" data-widget_type=\"text-editor.default\">\n\t\t\t\t\t\t\t\t\t<div class=\"section\"><p>Esta pol\u00edtica est\u00e1 alinhada com as <strong>Condi\u00e7\u00f5es de Venda e Fornecimento<\/strong> inclu\u00eddas no nosso <a href=\"https:\/\/www.imopsl.com\/pt-pt\/aviso-legal\/\">Aviso Legal<\/a>. Reveja-as para compreender todas as condi\u00e7\u00f5es aplic\u00e1veis. <\/p><\/div>\t\t\t\t\t\t\t\t<\/div>\n\t\t\t\t<div class=\"elementor-element elementor-element-67e6463 elementor-widget elementor-widget-heading\" data-id=\"67e6463\" data-element_type=\"widget\" data-e-type=\"widget\" data-widget_type=\"heading.default\">\n\t\t\t\t\t<h2 class=\"elementor-heading-title elementor-size-default\">Altera\u00e7\u00f5es de pol\u00edtica<\/h2>\t\t\t\t<\/div>\n\t\t\t\t<div class=\"elementor-element elementor-element-3249b40 elementor-widget elementor-widget-text-editor\" data-id=\"3249b40\" data-element_type=\"widget\" data-e-type=\"widget\" data-widget_type=\"text-editor.default\">\n\t\t\t\t\t\t\t\t\t<div class=\"section\"><p>A <strong>IMOP<\/strong> reserva-se o direito de alterar esta pol\u00edtica em qualquer altura sem aviso pr\u00e9vio. As altera\u00e7\u00f5es aplicar-se-\u00e3o apenas \u00e0s compras efectuadas ap\u00f3s a data de atualiza\u00e7\u00e3o. <\/p><\/div>\t\t\t\t\t\t\t\t<\/div>\n\t\t\t\t<div class=\"elementor-element elementor-element-257c580 elementor-widget elementor-widget-heading\" data-id=\"257c580\" data-element_type=\"widget\" data-e-type=\"widget\" data-widget_type=\"heading.default\">\n\t\t\t\t\t<h2 class=\"elementor-heading-title elementor-size-default\">Legisla\u00e7\u00e3o aplic\u00e1vel<\/h2>\t\t\t\t<\/div>\n\t\t\t\t<div class=\"elementor-element elementor-element-20cc03c elementor-widget elementor-widget-text-editor\" data-id=\"20cc03c\" data-element_type=\"widget\" data-e-type=\"widget\" data-widget_type=\"text-editor.default\">\n\t\t\t\t\t\t\t\t\t<div class=\"section\"><p>A presente pol\u00edtica rege-se pela lei espanhola. Em caso de conflito, as partes submeter-se-\u00e3o aos <strong>Julgados e Tribunais de Arganda del Rey, Madrid<\/strong>, com ren\u00fancia expressa a qualquer outro foro. <\/p><\/div>\t\t\t\t\t\t\t\t<\/div>\n\t\t\t\t\t<\/div>\n\t\t\t\t<\/div>\n\t\t\t\t<\/div>\n\t\t","protected":false},"excerpt":{"rendered":"<p>Pol\u00edtica de devolu\u00e7\u00e3o e reembolso Pol\u00edtica de devolu\u00e7\u00e3o e reembolso Na IMOP, esfor\u00e7amo-nos por prestar um servi\u00e7o ao cliente de elevada qualidade. A nossa pol\u00edtica de devolu\u00e7\u00f5es e reembolsos define as condi\u00e7\u00f5es, os prazos e os processos aplic\u00e1veis para garantir uma experi\u00eancia de compra satisfat\u00f3ria e transparente. Per\u00edodo de garantia As pe\u00e7as fornecidas t\u00eam garantia [&hellip;]<\/p>\n","protected":false},"author":1,"featured_media":0,"parent":0,"menu_order":0,"comment_status":"closed","ping_status":"closed","template":"","meta":{"footnotes":""},"class_list":["post-16906","page","type-page","status-publish","hentry"],"yoast_head":"<!-- This site is optimized with the Yoast SEO plugin v27.5 - https:\/\/yoast.com\/product\/yoast-seo-wordpress\/ -->\n<title>Pol\u00edtica de devolu\u00e7\u00e3o e reembolso | IMOP<\/title>\n<meta name=\"description\" content=\"A IMOP oferece uma garantia de 1 ano para defeitos de fabrico das pe\u00e7as fornecidas. Os danos acidentais ou a adultera\u00e7\u00e3o anular\u00e3o a garantia.\" \/>\n<meta name=\"robots\" content=\"index, follow, max-snippet:-1, max-image-preview:large, max-video-preview:-1\" \/>\n<link rel=\"canonical\" href=\"https:\/\/www.imopsl.com\/pt-pt\/politica-de-devolucao-e-reembolso\/\" \/>\n<meta property=\"og:locale\" content=\"pt_PT\" \/>\n<meta property=\"og:type\" content=\"article\" \/>\n<meta property=\"og:title\" content=\"Pol\u00edtica de devolu\u00e7\u00e3o e reembolso | IMOP\" \/>\n<meta property=\"og:description\" content=\"A IMOP oferece uma garantia de 1 ano para defeitos de fabrico das pe\u00e7as fornecidas. Os danos acidentais ou a adultera\u00e7\u00e3o anular\u00e3o a garantia.\" \/>\n<meta property=\"og:url\" content=\"https:\/\/www.imopsl.com\/pt-pt\/politica-de-devolucao-e-reembolso\/\" \/>\n<meta property=\"og:site_name\" content=\"IMOP\" \/>\n<meta property=\"article:publisher\" content=\"https:\/\/www.facebook.com\/imopsl?ref=br_rs\" \/>\n<meta property=\"article:modified_time\" content=\"2026-02-05T11:55:38+00:00\" \/>\n<meta name=\"twitter:card\" content=\"summary_large_image\" \/>\n<meta name=\"twitter:site\" content=\"@IMOP_SL\" \/>\n<meta name=\"twitter:label1\" content=\"Tempo estimado de leitura\" \/>\n\t<meta name=\"twitter:data1\" content=\"4 minutos\" \/>\n<script type=\"application\/ld+json\" class=\"yoast-schema-graph\">{\"@context\":\"https:\\\/\\\/schema.org\",\"@graph\":[{\"@type\":\"WebPage\",\"@id\":\"https:\\\/\\\/www.imopsl.com\\\/pt-pt\\\/politica-de-devolucao-e-reembolso\\\/\",\"url\":\"https:\\\/\\\/www.imopsl.com\\\/pt-pt\\\/politica-de-devolucao-e-reembolso\\\/\",\"name\":\"Pol\u00edtica de devolu\u00e7\u00e3o e reembolso | IMOP\",\"isPartOf\":{\"@id\":\"https:\\\/\\\/www.imopsl.com\\\/pt-pt\\\/#website\"},\"datePublished\":\"2023-03-13T15:54:00+00:00\",\"dateModified\":\"2026-02-05T11:55:38+00:00\",\"description\":\"A IMOP oferece uma garantia de 1 ano para defeitos de fabrico das pe\u00e7as fornecidas. Os danos acidentais ou a adultera\u00e7\u00e3o anular\u00e3o a garantia.\",\"breadcrumb\":{\"@id\":\"https:\\\/\\\/www.imopsl.com\\\/pt-pt\\\/politica-de-devolucao-e-reembolso\\\/#breadcrumb\"},\"inLanguage\":\"pt-PT\",\"potentialAction\":[{\"@type\":\"ReadAction\",\"target\":[\"https:\\\/\\\/www.imopsl.com\\\/pt-pt\\\/politica-de-devolucao-e-reembolso\\\/\"]}]},{\"@type\":\"BreadcrumbList\",\"@id\":\"https:\\\/\\\/www.imopsl.com\\\/pt-pt\\\/politica-de-devolucao-e-reembolso\\\/#breadcrumb\",\"itemListElement\":[{\"@type\":\"ListItem\",\"position\":1,\"name\":\"Portada\",\"item\":\"https:\\\/\\\/www.imopsl.com\\\/pt-pt\\\/\"},{\"@type\":\"ListItem\",\"position\":2,\"name\":\"Pol\u00edtica de devolu\u00e7\u00e3o e reembolso\"}]},{\"@type\":\"WebSite\",\"@id\":\"https:\\\/\\\/www.imopsl.com\\\/pt-pt\\\/#website\",\"url\":\"https:\\\/\\\/www.imopsl.com\\\/pt-pt\\\/\",\"name\":\"IMOP\",\"description\":\"Un mundo de soluciones para maquinaria de obras, construcci\u00f3n y miner\u00eda\",\"publisher\":{\"@id\":\"https:\\\/\\\/www.imopsl.com\\\/pt-pt\\\/#organization\"},\"alternateName\":\"IMPORTACI\u00d3N RECAMBIOS O.P., S.L.\",\"potentialAction\":[{\"@type\":\"SearchAction\",\"target\":{\"@type\":\"EntryPoint\",\"urlTemplate\":\"https:\\\/\\\/www.imopsl.com\\\/pt-pt\\\/?s={search_term_string}\"},\"query-input\":{\"@type\":\"PropertyValueSpecification\",\"valueRequired\":true,\"valueName\":\"search_term_string\"}}],\"inLanguage\":\"pt-PT\"},{\"@type\":\"Organization\",\"@id\":\"https:\\\/\\\/www.imopsl.com\\\/pt-pt\\\/#organization\",\"name\":\"IMPORTACI\u00d3N RECAMBIOS O.P., S.L.\",\"alternateName\":\"IMOP\",\"url\":\"https:\\\/\\\/www.imopsl.com\\\/pt-pt\\\/\",\"logo\":{\"@type\":\"ImageObject\",\"inLanguage\":\"pt-PT\",\"@id\":\"https:\\\/\\\/www.imopsl.com\\\/pt-pt\\\/#\\\/schema\\\/logo\\\/image\\\/\",\"url\":\"https:\\\/\\\/www.imopsl.com\\\/wp-content\\\/uploads\\\/2022\\\/09\\\/Horizontal-1-scaled.png\",\"contentUrl\":\"https:\\\/\\\/www.imopsl.com\\\/wp-content\\\/uploads\\\/2022\\\/09\\\/Horizontal-1-scaled.png\",\"width\":2560,\"height\":652,\"caption\":\"IMPORTACI\u00d3N RECAMBIOS O.P., S.L.\"},\"image\":{\"@id\":\"https:\\\/\\\/www.imopsl.com\\\/pt-pt\\\/#\\\/schema\\\/logo\\\/image\\\/\"},\"sameAs\":[\"https:\\\/\\\/www.facebook.com\\\/imopsl?ref=br_rs\",\"https:\\\/\\\/x.com\\\/IMOP_SL\",\"https:\\\/\\\/www.flickr.com\\\/photos\\\/imopsl\",\"https:\\\/\\\/es.foursquare.com\\\/v\\\/grupo-imop-sl\\\/5298b5e7498e79cd740511fe\",\"https:\\\/\\\/www.linkedin.com\\\/company\\\/importaci\u00f3n-recambios-o-p-s-l-imop-?goback=.nmp_*1_*1_*1_*1_*1_*1_*1_*1_*1_*1_*1&trk=NUS_CO-logo\"]}]}<\/script>\n<!-- \/ Yoast SEO plugin. -->","yoast_head_json":{"title":"Pol\u00edtica de devolu\u00e7\u00e3o e reembolso | IMOP","description":"A IMOP oferece uma garantia de 1 ano para defeitos de fabrico das pe\u00e7as fornecidas. Os danos acidentais ou a adultera\u00e7\u00e3o anular\u00e3o a garantia.","robots":{"index":"index","follow":"follow","max-snippet":"max-snippet:-1","max-image-preview":"max-image-preview:large","max-video-preview":"max-video-preview:-1"},"canonical":"https:\/\/www.imopsl.com\/pt-pt\/politica-de-devolucao-e-reembolso\/","og_locale":"pt_PT","og_type":"article","og_title":"Pol\u00edtica de devolu\u00e7\u00e3o e reembolso | IMOP","og_description":"A IMOP oferece uma garantia de 1 ano para defeitos de fabrico das pe\u00e7as fornecidas. Os danos acidentais ou a adultera\u00e7\u00e3o anular\u00e3o a garantia.","og_url":"https:\/\/www.imopsl.com\/pt-pt\/politica-de-devolucao-e-reembolso\/","og_site_name":"IMOP","article_publisher":"https:\/\/www.facebook.com\/imopsl?ref=br_rs","article_modified_time":"2026-02-05T11:55:38+00:00","twitter_card":"summary_large_image","twitter_site":"@IMOP_SL","twitter_misc":{"Tempo estimado de leitura":"4 minutos"},"schema":{"@context":"https:\/\/schema.org","@graph":[{"@type":"WebPage","@id":"https:\/\/www.imopsl.com\/pt-pt\/politica-de-devolucao-e-reembolso\/","url":"https:\/\/www.imopsl.com\/pt-pt\/politica-de-devolucao-e-reembolso\/","name":"Pol\u00edtica de devolu\u00e7\u00e3o e reembolso | IMOP","isPartOf":{"@id":"https:\/\/www.imopsl.com\/pt-pt\/#website"},"datePublished":"2023-03-13T15:54:00+00:00","dateModified":"2026-02-05T11:55:38+00:00","description":"A IMOP oferece uma garantia de 1 ano para defeitos de fabrico das pe\u00e7as fornecidas. Os danos acidentais ou a adultera\u00e7\u00e3o anular\u00e3o a garantia.","breadcrumb":{"@id":"https:\/\/www.imopsl.com\/pt-pt\/politica-de-devolucao-e-reembolso\/#breadcrumb"},"inLanguage":"pt-PT","potentialAction":[{"@type":"ReadAction","target":["https:\/\/www.imopsl.com\/pt-pt\/politica-de-devolucao-e-reembolso\/"]}]},{"@type":"BreadcrumbList","@id":"https:\/\/www.imopsl.com\/pt-pt\/politica-de-devolucao-e-reembolso\/#breadcrumb","itemListElement":[{"@type":"ListItem","position":1,"name":"Portada","item":"https:\/\/www.imopsl.com\/pt-pt\/"},{"@type":"ListItem","position":2,"name":"Pol\u00edtica de devolu\u00e7\u00e3o e reembolso"}]},{"@type":"WebSite","@id":"https:\/\/www.imopsl.com\/pt-pt\/#website","url":"https:\/\/www.imopsl.com\/pt-pt\/","name":"IMOP","description":"Un mundo de soluciones para maquinaria de obras, construcci\u00f3n y miner\u00eda","publisher":{"@id":"https:\/\/www.imopsl.com\/pt-pt\/#organization"},"alternateName":"IMPORTACI\u00d3N RECAMBIOS O.P., S.L.","potentialAction":[{"@type":"SearchAction","target":{"@type":"EntryPoint","urlTemplate":"https:\/\/www.imopsl.com\/pt-pt\/?s={search_term_string}"},"query-input":{"@type":"PropertyValueSpecification","valueRequired":true,"valueName":"search_term_string"}}],"inLanguage":"pt-PT"},{"@type":"Organization","@id":"https:\/\/www.imopsl.com\/pt-pt\/#organization","name":"IMPORTACI\u00d3N RECAMBIOS O.P., S.L.","alternateName":"IMOP","url":"https:\/\/www.imopsl.com\/pt-pt\/","logo":{"@type":"ImageObject","inLanguage":"pt-PT","@id":"https:\/\/www.imopsl.com\/pt-pt\/#\/schema\/logo\/image\/","url":"https:\/\/www.imopsl.com\/wp-content\/uploads\/2022\/09\/Horizontal-1-scaled.png","contentUrl":"https:\/\/www.imopsl.com\/wp-content\/uploads\/2022\/09\/Horizontal-1-scaled.png","width":2560,"height":652,"caption":"IMPORTACI\u00d3N RECAMBIOS O.P., S.L."},"image":{"@id":"https:\/\/www.imopsl.com\/pt-pt\/#\/schema\/logo\/image\/"},"sameAs":["https:\/\/www.facebook.com\/imopsl?ref=br_rs","https:\/\/x.com\/IMOP_SL","https:\/\/www.flickr.com\/photos\/imopsl","https:\/\/es.foursquare.com\/v\/grupo-imop-sl\/5298b5e7498e79cd740511fe","https:\/\/www.linkedin.com\/company\/importaci\u00f3n-recambios-o-p-s-l-imop-?goback=.nmp_*1_*1_*1_*1_*1_*1_*1_*1_*1_*1_*1&trk=NUS_CO-logo"]}]}},"_links":{"self":[{"href":"https:\/\/www.imopsl.com\/pt-pt\/wp-json\/wp\/v2\/pages\/16906","targetHints":{"allow":["GET"]}}],"collection":[{"href":"https:\/\/www.imopsl.com\/pt-pt\/wp-json\/wp\/v2\/pages"}],"about":[{"href":"https:\/\/www.imopsl.com\/pt-pt\/wp-json\/wp\/v2\/types\/page"}],"author":[{"embeddable":true,"href":"https:\/\/www.imopsl.com\/pt-pt\/wp-json\/wp\/v2\/users\/1"}],"replies":[{"embeddable":true,"href":"https:\/\/www.imopsl.com\/pt-pt\/wp-json\/wp\/v2\/comments?post=16906"}],"version-history":[{"count":2,"href":"https:\/\/www.imopsl.com\/pt-pt\/wp-json\/wp\/v2\/pages\/16906\/revisions"}],"predecessor-version":[{"id":16908,"href":"https:\/\/www.imopsl.com\/pt-pt\/wp-json\/wp\/v2\/pages\/16906\/revisions\/16908"}],"wp:attachment":[{"href":"https:\/\/www.imopsl.com\/pt-pt\/wp-json\/wp\/v2\/media?parent=16906"}],"curies":[{"name":"wp","href":"https:\/\/api.w.org\/{rel}","templated":true}]}}